{"id":87138,"date":"2023-09-05T13:32:52","date_gmt":"2023-09-05T11:32:52","guid":{"rendered":"https:\/\/www.novak-m.com\/?page_id=87138"},"modified":"2023-10-10T10:51:23","modified_gmt":"2023-10-10T08:51:23","slug":"konfigurator-stolcki","status":"publish","type":"page","link":"https:\/\/novak-m.com\/sl\/konfigurator-stolcki\/","title":{"rendered":"Konfigurator \u2013 Stol\u010dki"},"content":{"rendered":"","protected":false},"excerpt":{"rendered":"","protected":false},"author":3,"featured_media":0,"parent":0,"menu_order":0,"comment_status":"closed","ping_status":"closed","template":"template-konfigurator.php","meta":{"_acf_changed":false,"footnotes":""},"class_list":["post-87138","page","type-page","status-publish","hentry"],"acf":[],"yoast_head":"<!-- This site is optimized with the Yoast SEO plugin v25.5 - https:\/\/yoast.com\/wordpress\/plugins\/seo\/ -->\n<title>Konfigurirajte medicinske in operacijske stol\u010dke | Novak M<\/title>\n<meta name=\"description\" content=\"Medicinski stol\u010dki so odli\u010dna dopolnitev opreme va\u0161e ordinacije. Izbirate lahko med razli\u010dnimi modeli in \u0161tevilnimi barvami oblazinjenja.\" \/>\n<meta name=\"robots\" content=\"index, follow, max-snippet:-1, max-image-preview:large, max-video-preview:-1\" \/>\n<link rel=\"canonical\" href=\"https:\/\/novak-m.com\/configurator-stools\/\" \/>\n<meta property=\"og:locale\" content=\"sl_SI\" \/>\n<meta property=\"og:type\" content=\"article\" \/>\n<meta property=\"og:title\" content=\"Konfigurirajte medicinske in operacijske stol\u010dke | Novak M\" \/>\n<meta property=\"og:description\" content=\"Medicinski stol\u010dki so odli\u010dna dopolnitev opreme va\u0161e ordinacije. Izbirate lahko med razli\u010dnimi modeli in \u0161tevilnimi barvami oblazinjenja.\" \/>\n<meta property=\"og:url\" content=\"https:\/\/novak-m.com\/configurator-stools\/\" \/>\n<meta property=\"og:site_name\" content=\"Novak-M\" \/>\n<meta property=\"article:modified_time\" content=\"2023-10-10T08:51:23+00:00\" \/>\n<meta name=\"twitter:card\" content=\"summary_large_image\" \/>\n<script type=\"application\/ld+json\" class=\"yoast-schema-graph\">{\"@context\":\"https:\/\/schema.org\",\"@graph\":[{\"@type\":\"WebPage\",\"@id\":\"https:\/\/novak-m.com\/configurator-stools\/\",\"url\":\"https:\/\/novak-m.com\/configurator-stools\/\",\"name\":\"Konfigurirajte medicinske in operacijske stol\u010dke | Novak M\",\"isPartOf\":{\"@id\":\"https:\/\/novak-m.com\/fr\/#website\"},\"datePublished\":\"2023-09-05T11:32:52+00:00\",\"dateModified\":\"2023-10-10T08:51:23+00:00\",\"description\":\"Medicinski stol\u010dki so odli\u010dna dopolnitev opreme va\u0161e ordinacije. Izbirate lahko med razli\u010dnimi modeli in \u0161tevilnimi barvami oblazinjenja.\",\"breadcrumb\":{\"@id\":\"https:\/\/novak-m.com\/configurator-stools\/#breadcrumb\"},\"inLanguage\":\"sl-SI\",\"potentialAction\":[{\"@type\":\"ReadAction\",\"target\":[\"https:\/\/novak-m.com\/configurator-stools\/\"]}]},{\"@type\":\"BreadcrumbList\",\"@id\":\"https:\/\/novak-m.com\/configurator-stools\/#breadcrumb\",\"itemListElement\":[{\"@type\":\"ListItem\",\"position\":1,\"name\":\"Home\",\"item\":\"https:\/\/novak-m.com\/sl\/domov\/\"},{\"@type\":\"ListItem\",\"position\":2,\"name\":\"Konfigurator \u2013 Stol\u010dki\"}]},{\"@type\":\"WebSite\",\"@id\":\"https:\/\/novak-m.com\/fr\/#website\",\"url\":\"https:\/\/novak-m.com\/fr\/\",\"name\":\"Novak M\",\"description\":\"Novak M | official international webpage | novak-m.com\",\"potentialAction\":[{\"@type\":\"SearchAction\",\"target\":{\"@type\":\"EntryPoint\",\"urlTemplate\":\"https:\/\/novak-m.com\/fr\/?s={search_term_string}\"},\"query-input\":{\"@type\":\"PropertyValueSpecification\",\"valueRequired\":true,\"valueName\":\"search_term_string\"}}],\"inLanguage\":\"sl-SI\"}]}<\/script>\n<!-- \/ Yoast SEO plugin. -->","yoast_head_json":{"title":"Konfigurirajte medicinske in operacijske stol\u010dke | Novak M","description":"Medicinski stol\u010dki so odli\u010dna dopolnitev opreme va\u0161e ordinacije. Izbirate lahko med razli\u010dnimi modeli in \u0161tevilnimi barvami oblazinjenja.","robots":{"index":"index","follow":"follow","max-snippet":"max-snippet:-1","max-image-preview":"max-image-preview:large","max-video-preview":"max-video-preview:-1"},"canonical":"https:\/\/novak-m.com\/configurator-stools\/","og_locale":"sl_SI","og_type":"article","og_title":"Konfigurirajte medicinske in operacijske stol\u010dke | Novak M","og_description":"Medicinski stol\u010dki so odli\u010dna dopolnitev opreme va\u0161e ordinacije. Izbirate lahko med razli\u010dnimi modeli in \u0161tevilnimi barvami oblazinjenja.","og_url":"https:\/\/novak-m.com\/configurator-stools\/","og_site_name":"Novak-M","article_modified_time":"2023-10-10T08:51:23+00:00","twitter_card":"summary_large_image","schema":{"@context":"https:\/\/schema.org","@graph":[{"@type":"WebPage","@id":"https:\/\/novak-m.com\/configurator-stools\/","url":"https:\/\/novak-m.com\/configurator-stools\/","name":"Konfigurirajte medicinske in operacijske stol\u010dke | Novak M","isPartOf":{"@id":"https:\/\/novak-m.com\/fr\/#website"},"datePublished":"2023-09-05T11:32:52+00:00","dateModified":"2023-10-10T08:51:23+00:00","description":"Medicinski stol\u010dki so odli\u010dna dopolnitev opreme va\u0161e ordinacije. Izbirate lahko med razli\u010dnimi modeli in \u0161tevilnimi barvami oblazinjenja.","breadcrumb":{"@id":"https:\/\/novak-m.com\/configurator-stools\/#breadcrumb"},"inLanguage":"sl-SI","potentialAction":[{"@type":"ReadAction","target":["https:\/\/novak-m.com\/configurator-stools\/"]}]},{"@type":"BreadcrumbList","@id":"https:\/\/novak-m.com\/configurator-stools\/#breadcrumb","itemListElement":[{"@type":"ListItem","position":1,"name":"Home","item":"https:\/\/novak-m.com\/sl\/domov\/"},{"@type":"ListItem","position":2,"name":"Konfigurator \u2013 Stol\u010dki"}]},{"@type":"WebSite","@id":"https:\/\/novak-m.com\/fr\/#website","url":"https:\/\/novak-m.com\/fr\/","name":"Novak M","description":"Novak M | official international webpage | novak-m.com","potentialAction":[{"@type":"SearchAction","target":{"@type":"EntryPoint","urlTemplate":"https:\/\/novak-m.com\/fr\/?s={search_term_string}"},"query-input":{"@type":"PropertyValueSpecification","valueRequired":true,"valueName":"search_term_string"}}],"inLanguage":"sl-SI"}]}},"_links":{"self":[{"href":"https:\/\/novak-m.com\/sl\/wp-json\/wp\/v2\/pages\/87138","targetHints":{"allow":["GET"]}}],"collection":[{"href":"https:\/\/novak-m.com\/sl\/wp-json\/wp\/v2\/pages"}],"about":[{"href":"https:\/\/novak-m.com\/sl\/wp-json\/wp\/v2\/types\/page"}],"author":[{"embeddable":true,"href":"https:\/\/novak-m.com\/sl\/wp-json\/wp\/v2\/users\/3"}],"replies":[{"embeddable":true,"href":"https:\/\/novak-m.com\/sl\/wp-json\/wp\/v2\/comments?post=87138"}],"version-history":[{"count":0,"href":"https:\/\/novak-m.com\/sl\/wp-json\/wp\/v2\/pages\/87138\/revisions"}],"wp:attachment":[{"href":"https:\/\/novak-m.com\/sl\/wp-json\/wp\/v2\/media?parent=87138"}],"curies":[{"name":"wp","href":"https:\/\/api.w.org\/{rel}","templated":true}]}}