{"id":82455,"date":"2023-06-19T07:23:27","date_gmt":"2023-06-19T05:23:27","guid":{"rendered":"https:\/\/www.novak-m.com\/configurator-massage-and-therapy-tables\/"},"modified":"2023-08-03T09:49:58","modified_gmt":"2023-08-03T07:49:58","slug":"konfigurator-masazne-in-terapevtske-mize","status":"publish","type":"page","link":"https:\/\/novak-m.com\/sl\/konfigurator-masazne-in-terapevtske-mize\/","title":{"rendered":"Configurator \u2013 massage and therapy tables"},"content":{"rendered":"","protected":false},"excerpt":{"rendered":"","protected":false},"author":1,"featured_media":0,"parent":0,"menu_order":0,"comment_status":"closed","ping_status":"closed","template":"template-konfigurator.php","meta":{"_acf_changed":false,"footnotes":""},"class_list":["post-82455","page","type-page","status-publish","hentry"],"acf":[],"yoast_head":"<!-- This site is optimized with the Yoast SEO plugin v25.5 - https:\/\/yoast.com\/wordpress\/plugins\/seo\/ -->\n<title>Konfiguriraj terapevtsko mizo po svojih \u017eeljah | Novak M<\/title>\n<meta name=\"description\" content=\"Poi\u0161\u010dite in konfigurirajte terapevtsko mizo, ki bo vam in va\u0161im pacientom v oporo med masa\u017eami, fizioterapijo ali drugimi tretmaji.\" \/>\n<meta name=\"robots\" content=\"index, follow, max-snippet:-1, max-image-preview:large, max-video-preview:-1\" \/>\n<link rel=\"canonical\" href=\"https:\/\/novak-m.com\/sl\/konfigurator-masazne-in-terapevtske-mize\/\" \/>\n<meta property=\"og:locale\" content=\"sl_SI\" \/>\n<meta property=\"og:type\" content=\"article\" \/>\n<meta property=\"og:title\" content=\"Konfiguriraj terapevtsko mizo po svojih \u017eeljah | Novak M\" \/>\n<meta property=\"og:description\" content=\"Poi\u0161\u010dite in konfigurirajte terapevtsko mizo, ki bo vam in va\u0161im pacientom v oporo med masa\u017eami, fizioterapijo ali drugimi tretmaji.\" \/>\n<meta property=\"og:url\" content=\"https:\/\/novak-m.com\/sl\/konfigurator-masazne-in-terapevtske-mize\/\" \/>\n<meta property=\"og:site_name\" content=\"Novak-M\" \/>\n<meta property=\"article:modified_time\" content=\"2023-08-03T07:49:58+00:00\" \/>\n<meta name=\"twitter:card\" content=\"summary_large_image\" \/>\n<script type=\"application\/ld+json\" class=\"yoast-schema-graph\">{\"@context\":\"https:\/\/schema.org\",\"@graph\":[{\"@type\":\"WebPage\",\"@id\":\"https:\/\/novak-m.com\/sl\/konfigurator-masazne-in-terapevtske-mize\/\",\"url\":\"https:\/\/novak-m.com\/sl\/konfigurator-masazne-in-terapevtske-mize\/\",\"name\":\"Konfiguriraj terapevtsko mizo po svojih \u017eeljah | Novak M\",\"isPartOf\":{\"@id\":\"https:\/\/novak-m.com\/fr\/#website\"},\"datePublished\":\"2023-06-19T05:23:27+00:00\",\"dateModified\":\"2023-08-03T07:49:58+00:00\",\"description\":\"Poi\u0161\u010dite in konfigurirajte terapevtsko mizo, ki bo vam in va\u0161im pacientom v oporo med masa\u017eami, fizioterapijo ali drugimi tretmaji.\",\"breadcrumb\":{\"@id\":\"https:\/\/novak-m.com\/sl\/konfigurator-masazne-in-terapevtske-mize\/#breadcrumb\"},\"inLanguage\":\"sl-SI\",\"potentialAction\":[{\"@type\":\"ReadAction\",\"target\":[\"https:\/\/novak-m.com\/sl\/konfigurator-masazne-in-terapevtske-mize\/\"]}]},{\"@type\":\"BreadcrumbList\",\"@id\":\"https:\/\/novak-m.com\/sl\/konfigurator-masazne-in-terapevtske-mize\/#breadcrumb\",\"itemListElement\":[{\"@type\":\"ListItem\",\"position\":1,\"name\":\"Home\",\"item\":\"https:\/\/novak-m.com\/sl\/domov\/\"},{\"@type\":\"ListItem\",\"position\":2,\"name\":\"Configurator \u2013 massage and therapy tables\"}]},{\"@type\":\"WebSite\",\"@id\":\"https:\/\/novak-m.com\/fr\/#website\",\"url\":\"https:\/\/novak-m.com\/fr\/\",\"name\":\"Novak M\",\"description\":\"Novak M | official international webpage | novak-m.com\",\"potentialAction\":[{\"@type\":\"SearchAction\",\"target\":{\"@type\":\"EntryPoint\",\"urlTemplate\":\"https:\/\/novak-m.com\/fr\/?s={search_term_string}\"},\"query-input\":{\"@type\":\"PropertyValueSpecification\",\"valueRequired\":true,\"valueName\":\"search_term_string\"}}],\"inLanguage\":\"sl-SI\"}]}<\/script>\n<!-- \/ Yoast SEO plugin. -->","yoast_head_json":{"title":"Konfiguriraj terapevtsko mizo po svojih \u017eeljah | Novak M","description":"Poi\u0161\u010dite in konfigurirajte terapevtsko mizo, ki bo vam in va\u0161im pacientom v oporo med masa\u017eami, fizioterapijo ali drugimi tretmaji.","robots":{"index":"index","follow":"follow","max-snippet":"max-snippet:-1","max-image-preview":"max-image-preview:large","max-video-preview":"max-video-preview:-1"},"canonical":"https:\/\/novak-m.com\/sl\/konfigurator-masazne-in-terapevtske-mize\/","og_locale":"sl_SI","og_type":"article","og_title":"Konfiguriraj terapevtsko mizo po svojih \u017eeljah | Novak M","og_description":"Poi\u0161\u010dite in konfigurirajte terapevtsko mizo, ki bo vam in va\u0161im pacientom v oporo med masa\u017eami, fizioterapijo ali drugimi tretmaji.","og_url":"https:\/\/novak-m.com\/sl\/konfigurator-masazne-in-terapevtske-mize\/","og_site_name":"Novak-M","article_modified_time":"2023-08-03T07:49:58+00:00","twitter_card":"summary_large_image","schema":{"@context":"https:\/\/schema.org","@graph":[{"@type":"WebPage","@id":"https:\/\/novak-m.com\/sl\/konfigurator-masazne-in-terapevtske-mize\/","url":"https:\/\/novak-m.com\/sl\/konfigurator-masazne-in-terapevtske-mize\/","name":"Konfiguriraj terapevtsko mizo po svojih \u017eeljah | Novak M","isPartOf":{"@id":"https:\/\/novak-m.com\/fr\/#website"},"datePublished":"2023-06-19T05:23:27+00:00","dateModified":"2023-08-03T07:49:58+00:00","description":"Poi\u0161\u010dite in konfigurirajte terapevtsko mizo, ki bo vam in va\u0161im pacientom v oporo med masa\u017eami, fizioterapijo ali drugimi tretmaji.","breadcrumb":{"@id":"https:\/\/novak-m.com\/sl\/konfigurator-masazne-in-terapevtske-mize\/#breadcrumb"},"inLanguage":"sl-SI","potentialAction":[{"@type":"ReadAction","target":["https:\/\/novak-m.com\/sl\/konfigurator-masazne-in-terapevtske-mize\/"]}]},{"@type":"BreadcrumbList","@id":"https:\/\/novak-m.com\/sl\/konfigurator-masazne-in-terapevtske-mize\/#breadcrumb","itemListElement":[{"@type":"ListItem","position":1,"name":"Home","item":"https:\/\/novak-m.com\/sl\/domov\/"},{"@type":"ListItem","position":2,"name":"Configurator \u2013 massage and therapy tables"}]},{"@type":"WebSite","@id":"https:\/\/novak-m.com\/fr\/#website","url":"https:\/\/novak-m.com\/fr\/","name":"Novak M","description":"Novak M | official international webpage | novak-m.com","potentialAction":[{"@type":"SearchAction","target":{"@type":"EntryPoint","urlTemplate":"https:\/\/novak-m.com\/fr\/?s={search_term_string}"},"query-input":{"@type":"PropertyValueSpecification","valueRequired":true,"valueName":"search_term_string"}}],"inLanguage":"sl-SI"}]}},"_links":{"self":[{"href":"https:\/\/novak-m.com\/sl\/wp-json\/wp\/v2\/pages\/82455","targetHints":{"allow":["GET"]}}],"collection":[{"href":"https:\/\/novak-m.com\/sl\/wp-json\/wp\/v2\/pages"}],"about":[{"href":"https:\/\/novak-m.com\/sl\/wp-json\/wp\/v2\/types\/page"}],"author":[{"embeddable":true,"href":"https:\/\/novak-m.com\/sl\/wp-json\/wp\/v2\/users\/1"}],"replies":[{"embeddable":true,"href":"https:\/\/novak-m.com\/sl\/wp-json\/wp\/v2\/comments?post=82455"}],"version-history":[{"count":0,"href":"https:\/\/novak-m.com\/sl\/wp-json\/wp\/v2\/pages\/82455\/revisions"}],"wp:attachment":[{"href":"https:\/\/novak-m.com\/sl\/wp-json\/wp\/v2\/media?parent=82455"}],"curies":[{"name":"wp","href":"https:\/\/api.w.org\/{rel}","templated":true}]}}