{"id":70162,"date":"2022-10-25T08:03:15","date_gmt":"2022-10-25T06:03:15","guid":{"rendered":"https:\/\/www.novak-m.com\/?page_id=70162"},"modified":"2024-07-12T11:41:46","modified_gmt":"2024-07-12T09:41:46","slug":"garancija","status":"publish","type":"page","link":"https:\/\/novak-m.com\/sl\/garancija\/","title":{"rendered":"Garancija"},"content":{"rendered":"<div  class='flex_column av-1mlc042-430870d3d32ca44f77806b22e06c428c av_one_third  avia-builder-el-0  el_before_av_one_third  avia-builder-el-first  first flex_column_div  '     ><section  class='av_textblock_section av-ld1k5kf0-633fe59e7eea2820c046a4efbfe6d6e6 '   itemscope=\"itemscope\" itemtype=\"https:\/\/schema.org\/CreativeWork\" ><div class='avia_textblock'  itemprop=\"text\" ><h2><img loading=\"lazy\" decoding=\"async\" class=\"aligncenter wp-image-75017\" src=\"https:\/\/novak-m.com\/wp-content\/uploads\/2023\/01\/3_SLO.png\" alt=\"\" width=\"100\" height=\"100\" srcset=\"https:\/\/novak-m.com\/wp-content\/uploads\/2023\/01\/3_SLO.png 500w, https:\/\/novak-m.com\/wp-content\/uploads\/2023\/01\/3_SLO-300x300.png 300w, https:\/\/novak-m.com\/wp-content\/uploads\/2023\/01\/3_SLO-80x80.png 80w, https:\/\/novak-m.com\/wp-content\/uploads\/2023\/01\/3_SLO-120x120.png 120w, https:\/\/novak-m.com\/wp-content\/uploads\/2023\/01\/3_SLO-36x36.png 36w, https:\/\/novak-m.com\/wp-content\/uploads\/2023\/01\/3_SLO-100x100.png 100w\" sizes=\"auto, (max-width: 100px) 100vw, 100px\" \/><\/h2>\n<p style=\"text-align: center;\">3 leta garancije na delovanje mize, konstrukcijo in vse elektri\u010dne komponente<\/p>\n<\/div><\/section><\/div>\n<div  class='flex_column av-wiff4i-4d1ff11b035963898e701f6b27fec9b5 av_one_third  avia-builder-el-2  el_after_av_one_third  el_before_av_one_third  flex_column_div  '     ><section  class='av_textblock_section av-ld1k8xae-792ddd5c1e9466f026814145836ae64f '   itemscope=\"itemscope\" itemtype=\"https:\/\/schema.org\/CreativeWork\" ><div class='avia_textblock'  itemprop=\"text\" ><h2><img loading=\"lazy\" decoding=\"async\" class=\"wp-image-75053 aligncenter\" src=\"https:\/\/novak-m.com\/wp-content\/uploads\/2023\/01\/12_SLO.png\" alt=\"\" width=\"100\" height=\"100\" srcset=\"https:\/\/novak-m.com\/wp-content\/uploads\/2023\/01\/12_SLO.png 500w, https:\/\/novak-m.com\/wp-content\/uploads\/2023\/01\/12_SLO-300x300.png 300w, https:\/\/novak-m.com\/wp-content\/uploads\/2023\/01\/12_SLO-80x80.png 80w, https:\/\/novak-m.com\/wp-content\/uploads\/2023\/01\/12_SLO-120x120.png 120w, https:\/\/novak-m.com\/wp-content\/uploads\/2023\/01\/12_SLO-36x36.png 36w, https:\/\/novak-m.com\/wp-content\/uploads\/2023\/01\/12_SLO-100x100.png 100w\" sizes=\"auto, (max-width: 100px) 100vw, 100px\" \/><\/h2>\n<p style=\"text-align: center;\">12 mesecev garancije na oblazinjenje<\/p>\n<\/div><\/section><\/div>\n<div  class='flex_column av-z978du-135a078f2bf01e064ef3246dfecda58b av_one_third  avia-builder-el-4  el_after_av_one_third  el_before_av_one_full  flex_column_div  '     ><section  class='av_textblock_section av-ld1k9sep-daa8f88d653c61eba3d929c04546095f '   itemscope=\"itemscope\" itemtype=\"https:\/\/schema.org\/CreativeWork\" ><div class='avia_textblock'  itemprop=\"text\" ><h2><img loading=\"lazy\" decoding=\"async\" class=\"wp-image-75041 aligncenter\" src=\"https:\/\/novak-m.com\/wp-content\/uploads\/2023\/01\/10_SLO.png\" alt=\"\" width=\"100\" height=\"100\" srcset=\"https:\/\/novak-m.com\/wp-content\/uploads\/2023\/01\/10_SLO.png 500w, https:\/\/novak-m.com\/wp-content\/uploads\/2023\/01\/10_SLO-300x300.png 300w, https:\/\/novak-m.com\/wp-content\/uploads\/2023\/01\/10_SLO-80x80.png 80w, https:\/\/novak-m.com\/wp-content\/uploads\/2023\/01\/10_SLO-120x120.png 120w, https:\/\/novak-m.com\/wp-content\/uploads\/2023\/01\/10_SLO-36x36.png 36w, https:\/\/novak-m.com\/wp-content\/uploads\/2023\/01\/10_SLO-100x100.png 100w\" sizes=\"auto, (max-width: 100px) 100vw, 100px\" \/><\/h2>\n<p style=\"text-align: center;\">10 let zagotavljamo dobavljivost vseh rezervnih delov ter nudimo mo\u017enost servisiranja<\/p>\n<\/div><\/section><\/div>\n<div  class='flex_column av-ngeg9e-524ad8fea28b0d09f194ecff72641f48 av_one_full  avia-builder-el-6  el_after_av_one_third  el_before_av_textblock  first flex_column_div  column-top-margin'     ><\/div>\n<section  class='av_textblock_section av-1wk1o36-d43d09272b8a293e62480347430ee7de '   itemscope=\"itemscope\" itemtype=\"https:\/\/schema.org\/CreativeWork\" ><div class='avia_textblock'  itemprop=\"text\" ><h2 style=\"text-align: left;\"><\/h2>\n<h2 style=\"text-align: center;\">Izkoristite ugodnosti podalj\u0161ane garancije<\/h2>\n<p style=\"text-align: center;\"><img loading=\"lazy\" decoding=\"async\" class=\"alignnone wp-image-75029 size-woocommerce_gallery_thumbnail\" src=\"https:\/\/novak-m.com\/wp-content\/uploads\/2023\/01\/31_SLO-100x100.png\" alt=\"\" width=\"100\" height=\"100\" srcset=\"https:\/\/novak-m.com\/wp-content\/uploads\/2023\/01\/31_SLO-100x100.png 100w, https:\/\/novak-m.com\/wp-content\/uploads\/2023\/01\/31_SLO-300x300.png 300w, https:\/\/novak-m.com\/wp-content\/uploads\/2023\/01\/31_SLO-80x80.png 80w, https:\/\/novak-m.com\/wp-content\/uploads\/2023\/01\/31_SLO-120x120.png 120w, https:\/\/novak-m.com\/wp-content\/uploads\/2023\/01\/31_SLO-36x36.png 36w, https:\/\/novak-m.com\/wp-content\/uploads\/2023\/01\/31_SLO.png 500w\" sizes=\"auto, (max-width: 100px) 100vw, 100px\" \/><\/p>\n<p style=\"line-height: 24pt; vertical-align: baseline; margin: 10.2pt 0cm; text-align: center;\">Z registracijo izdelka lahko svojemu izdelku podalj\u0161ate garancijo na konstrukcijo ter elektri\u010dne komponente le\u017ei\u0161\u010d na 3+1 leta. Poleg tega je to tudi najbolj\u0161a bli\u017enjica do strokovne podpore ekipe Novak M.<\/p>\n<div style='text-align:center;' class='ow_post_button'><a target='_self' href='https:\/\/novak-m.com\/sl\/register\/'>REGISTRIRAJ IZDELEK<\/a><\/div>\n<h2>Z registracijo pridobite \u0161tevilne ugodnosti:<\/h2>\n<ul>\n<li>Podalj\u0161ana garancija na delovanje, konstrukcijo in elektri\u010dne komponente le\u017ei\u0161\u010d. Produkt je potrebno registrirati najkasneje v 3 mesecih od datuma nakupa.<\/li>\n<li>Registracija vam olaj\u0161a delo v primeru nev\u0161e\u010dnosti, saj bo pogovor s servisno ekipo potekal hitro, jasno in u\u010dinkovito.\u00a0 Vsi podatki o produktu so namre\u010d zbrani na enem mestu.<\/li>\n<\/ul>\n<h2>Zakaj bi registrirali izdelek?<\/h2>\n<ul>\n<li>Podalj\u0161anje garancije<\/li>\n<li>Preprost dostop do podpore<\/li>\n<li>Hitra oddaja zahtevka za servis, trajanje garancije in garancijski pogoji<\/li>\n<li>\u00a0Vsi podatki va\u0161ega izdelka na enem mestu<\/li>\n<\/ul>\n<h2>Kako poteka registracija?<\/h2>\n<ol>\n<li>Obi\u0161\u010dite na\u0161o spletno stran REGISTRACIJA<\/li>\n<li>Izpolnite mesta ozna\u010dena z zvezdico.<\/li>\n<li>Kliknite na gumb REGISTRIRAJ, da zaklju\u010dite postopek registracije.<\/li>\n<li>Potrdilo o podalj\u0161ani garanciji boste v kratkem prejeli po elektronski po\u0161ti.<\/li>\n<\/ol>\n<div style='text-align:center;' class='ow_post_button'><a target='_self' href='https:\/\/novak-m.com\/sl\/register\/'>REGISTRIRAJ IZDELEK<\/a><\/div>\n<h3>Potrebujete pomo\u010d?<\/h3>\n<p>Oglejte si seznam odgovorov na\u00a0<strong><u>pogosta vpra\u0161anja<\/u><\/strong>\u00a0ali\u00a0<a href=\"https:\/\/novak-m.com\/sl\/kontakt\/\"><strong>stopite v stik z na\u0161o ekipo<\/strong><\/a>\u00a0za pomo\u010d kupcem.<\/p>\n<h2 style=\"text-align: left;\">Kako uveljavljati garancijo?<\/h2>\n<p style=\"text-align: left;\">Garancijo za izdelek se uveljavlja z originalnim ra\u010dunom. <a href=\"https:\/\/novak-m.com\/sl\/servis\/\"><strong>Vse o servisu in mo\u017enih na\u010dinih prijave okvare<\/strong><\/a> najdete na tej povezavi.<\/p>\n<\/div><\/section>\n<div  class='flex_column av-pkwnhu-b14835f9b109699b0157f257541f8c8b av_one_full  avia-builder-el-8  el_after_av_textblock  avia-builder-el-last  first flex_column_div  column-top-margin'     ><\/div>\n","protected":false},"excerpt":{"rendered":"","protected":false},"author":1,"featured_media":75071,"parent":0,"menu_order":0,"comment_status":"closed","ping_status":"closed","template":"template-content-page.php","meta":{"_acf_changed":false,"footnotes":""},"class_list":["post-70162","page","type-page","status-publish","has-post-thumbnail","hentry"],"acf":[],"yoast_head":"<!-- This site is optimized with the Yoast SEO plugin v25.5 - https:\/\/yoast.com\/wordpress\/plugins\/seo\/ -->\n<title>Garancija \u2502 Novak M<\/title>\n<meta name=\"description\" content=\"Novak M nudi 36 mesecev garancije za svoje izdelke. Ob registraciji izdelka lahko garancijo \u0161e podalj\u0161ate. Preberi ve\u010d\" \/>\n<meta name=\"robots\" content=\"index, follow, max-snippet:-1, max-image-preview:large, max-video-preview:-1\" \/>\n<link rel=\"canonical\" href=\"https:\/\/novak-m.com\/warranty\/\" \/>\n<meta property=\"og:locale\" content=\"sl_SI\" \/>\n<meta property=\"og:type\" content=\"article\" \/>\n<meta property=\"og:title\" content=\"Garancija \u2502 Novak M\" \/>\n<meta property=\"og:description\" content=\"Novak M nudi 36 mesecev garancije za svoje izdelke. Ob registraciji izdelka lahko garancijo \u0161e podalj\u0161ate. Preberi ve\u010d\" \/>\n<meta property=\"og:url\" content=\"https:\/\/novak-m.com\/warranty\/\" \/>\n<meta property=\"og:site_name\" content=\"Novak-M\" \/>\n<meta property=\"article:modified_time\" content=\"2024-07-12T09:41:46+00:00\" \/>\n<meta property=\"og:image\" content=\"https:\/\/novak-m.com\/wp-content\/uploads\/2023\/01\/Warranty.jpg\" \/>\n\t<meta property=\"og:image:width\" content=\"1037\" \/>\n\t<meta property=\"og:image:height\" content=\"929\" \/>\n\t<meta property=\"og:image:type\" content=\"image\/jpeg\" \/>\n<meta name=\"twitter:card\" content=\"summary_large_image\" \/>\n<meta name=\"twitter:label1\" content=\"Est. reading time\" \/>\n\t<meta name=\"twitter:data1\" content=\"5 minut\" \/>\n<script type=\"application\/ld+json\" class=\"yoast-schema-graph\">{\"@context\":\"https:\/\/schema.org\",\"@graph\":[{\"@type\":\"WebPage\",\"@id\":\"https:\/\/novak-m.com\/warranty\/\",\"url\":\"https:\/\/novak-m.com\/warranty\/\",\"name\":\"Garancija \u2502 Novak M\",\"isPartOf\":{\"@id\":\"https:\/\/novak-m.com\/fr\/#website\"},\"primaryImageOfPage\":{\"@id\":\"https:\/\/novak-m.com\/warranty\/#primaryimage\"},\"image\":{\"@id\":\"https:\/\/novak-m.com\/warranty\/#primaryimage\"},\"thumbnailUrl\":\"https:\/\/novak-m.com\/wp-content\/uploads\/2023\/01\/Warranty.jpg\",\"datePublished\":\"2022-10-25T06:03:15+00:00\",\"dateModified\":\"2024-07-12T09:41:46+00:00\",\"description\":\"Novak M nudi 36 mesecev garancije za svoje izdelke. Ob registraciji izdelka lahko garancijo \u0161e podalj\u0161ate. Preberi ve\u010d\",\"breadcrumb\":{\"@id\":\"https:\/\/novak-m.com\/warranty\/#breadcrumb\"},\"inLanguage\":\"sl-SI\",\"potentialAction\":[{\"@type\":\"ReadAction\",\"target\":[\"https:\/\/novak-m.com\/warranty\/\"]}]},{\"@type\":\"ImageObject\",\"inLanguage\":\"sl-SI\",\"@id\":\"https:\/\/novak-m.com\/warranty\/#primaryimage\",\"url\":\"https:\/\/novak-m.com\/wp-content\/uploads\/2023\/01\/Warranty.jpg\",\"contentUrl\":\"https:\/\/novak-m.com\/wp-content\/uploads\/2023\/01\/Warranty.jpg\",\"width\":1037,\"height\":929},{\"@type\":\"BreadcrumbList\",\"@id\":\"https:\/\/novak-m.com\/warranty\/#breadcrumb\",\"itemListElement\":[{\"@type\":\"ListItem\",\"position\":1,\"name\":\"Home\",\"item\":\"https:\/\/novak-m.com\/sl\/domov\/\"},{\"@type\":\"ListItem\",\"position\":2,\"name\":\"Garancija\"}]},{\"@type\":\"WebSite\",\"@id\":\"https:\/\/novak-m.com\/fr\/#website\",\"url\":\"https:\/\/novak-m.com\/fr\/\",\"name\":\"Novak M\",\"description\":\"Novak M | official international webpage | novak-m.com\",\"potentialAction\":[{\"@type\":\"SearchAction\",\"target\":{\"@type\":\"EntryPoint\",\"urlTemplate\":\"https:\/\/novak-m.com\/fr\/?s={search_term_string}\"},\"query-input\":{\"@type\":\"PropertyValueSpecification\",\"valueRequired\":true,\"valueName\":\"search_term_string\"}}],\"inLanguage\":\"sl-SI\"}]}<\/script>\n<!-- \/ Yoast SEO plugin. -->","yoast_head_json":{"title":"Garancija \u2502 Novak M","description":"Novak M nudi 36 mesecev garancije za svoje izdelke. Ob registraciji izdelka lahko garancijo \u0161e podalj\u0161ate. Preberi ve\u010d","robots":{"index":"index","follow":"follow","max-snippet":"max-snippet:-1","max-image-preview":"max-image-preview:large","max-video-preview":"max-video-preview:-1"},"canonical":"https:\/\/novak-m.com\/warranty\/","og_locale":"sl_SI","og_type":"article","og_title":"Garancija \u2502 Novak M","og_description":"Novak M nudi 36 mesecev garancije za svoje izdelke. Ob registraciji izdelka lahko garancijo \u0161e podalj\u0161ate. Preberi ve\u010d","og_url":"https:\/\/novak-m.com\/warranty\/","og_site_name":"Novak-M","article_modified_time":"2024-07-12T09:41:46+00:00","og_image":[{"width":1037,"height":929,"url":"https:\/\/novak-m.com\/wp-content\/uploads\/2023\/01\/Warranty.jpg","type":"image\/jpeg"}],"twitter_card":"summary_large_image","twitter_misc":{"Est. reading time":"5 minut"},"schema":{"@context":"https:\/\/schema.org","@graph":[{"@type":"WebPage","@id":"https:\/\/novak-m.com\/warranty\/","url":"https:\/\/novak-m.com\/warranty\/","name":"Garancija \u2502 Novak M","isPartOf":{"@id":"https:\/\/novak-m.com\/fr\/#website"},"primaryImageOfPage":{"@id":"https:\/\/novak-m.com\/warranty\/#primaryimage"},"image":{"@id":"https:\/\/novak-m.com\/warranty\/#primaryimage"},"thumbnailUrl":"https:\/\/novak-m.com\/wp-content\/uploads\/2023\/01\/Warranty.jpg","datePublished":"2022-10-25T06:03:15+00:00","dateModified":"2024-07-12T09:41:46+00:00","description":"Novak M nudi 36 mesecev garancije za svoje izdelke. Ob registraciji izdelka lahko garancijo \u0161e podalj\u0161ate. Preberi ve\u010d","breadcrumb":{"@id":"https:\/\/novak-m.com\/warranty\/#breadcrumb"},"inLanguage":"sl-SI","potentialAction":[{"@type":"ReadAction","target":["https:\/\/novak-m.com\/warranty\/"]}]},{"@type":"ImageObject","inLanguage":"sl-SI","@id":"https:\/\/novak-m.com\/warranty\/#primaryimage","url":"https:\/\/novak-m.com\/wp-content\/uploads\/2023\/01\/Warranty.jpg","contentUrl":"https:\/\/novak-m.com\/wp-content\/uploads\/2023\/01\/Warranty.jpg","width":1037,"height":929},{"@type":"BreadcrumbList","@id":"https:\/\/novak-m.com\/warranty\/#breadcrumb","itemListElement":[{"@type":"ListItem","position":1,"name":"Home","item":"https:\/\/novak-m.com\/sl\/domov\/"},{"@type":"ListItem","position":2,"name":"Garancija"}]},{"@type":"WebSite","@id":"https:\/\/novak-m.com\/fr\/#website","url":"https:\/\/novak-m.com\/fr\/","name":"Novak M","description":"Novak M | official international webpage | novak-m.com","potentialAction":[{"@type":"SearchAction","target":{"@type":"EntryPoint","urlTemplate":"https:\/\/novak-m.com\/fr\/?s={search_term_string}"},"query-input":{"@type":"PropertyValueSpecification","valueRequired":true,"valueName":"search_term_string"}}],"inLanguage":"sl-SI"}]}},"_links":{"self":[{"href":"https:\/\/novak-m.com\/sl\/wp-json\/wp\/v2\/pages\/70162","targetHints":{"allow":["GET"]}}],"collection":[{"href":"https:\/\/novak-m.com\/sl\/wp-json\/wp\/v2\/pages"}],"about":[{"href":"https:\/\/novak-m.com\/sl\/wp-json\/wp\/v2\/types\/page"}],"author":[{"embeddable":true,"href":"https:\/\/novak-m.com\/sl\/wp-json\/wp\/v2\/users\/1"}],"replies":[{"embeddable":true,"href":"https:\/\/novak-m.com\/sl\/wp-json\/wp\/v2\/comments?post=70162"}],"version-history":[{"count":0,"href":"https:\/\/novak-m.com\/sl\/wp-json\/wp\/v2\/pages\/70162\/revisions"}],"wp:featuredmedia":[{"embeddable":true,"href":"https:\/\/novak-m.com\/sl\/wp-json\/wp\/v2\/media\/75071"}],"wp:attachment":[{"href":"https:\/\/novak-m.com\/sl\/wp-json\/wp\/v2\/media?parent=70162"}],"curies":[{"name":"wp","href":"https:\/\/api.w.org\/{rel}","templated":true}]}}