{"id":47804,"date":"2019-08-14T07:45:06","date_gmt":"2019-08-14T07:45:06","guid":{"rendered":"https:\/\/www.novak-m.com\/impressum\/"},"modified":"2025-12-08T14:06:57","modified_gmt":"2025-12-08T13:06:57","slug":"impressum","status":"publish","type":"page","link":"https:\/\/novak-m.com\/sl\/impressum\/","title":{"rendered":"Impressum"},"content":{"rendered":"\n<style type=\"text\/css\" data-created_by=\"avia_inline_auto\" id=\"style-css-av-1xo77a-6ad42f2cbb51ddc43924387db4b9dd6c\">\n.flex_column.av-1xo77a-6ad42f2cbb51ddc43924387db4b9dd6c{\nborder-radius:0px 0px 0px 0px;\npadding:0px 0px 0px 0px;\n}\n<\/style>\n<div  class='flex_column av-1xo77a-6ad42f2cbb51ddc43924387db4b9dd6c av_one_full  avia-builder-el-0  el_before_av_one_third  avia-builder-el-first  first flex_column_div av-zero-column-padding  '     ><section  class='av_textblock_section av-jzay4vd2-573307c7068f7c6c7e0e97bf5ec1d92a '   itemscope=\"itemscope\" itemtype=\"https:\/\/schema.org\/CreativeWork\" ><div class='avia_textblock content-block'  itemprop=\"text\" ><h1>Impressum<\/h1>\n<\/div><\/section><\/div>\n\n<style type=\"text\/css\" data-created_by=\"avia_inline_auto\" id=\"style-css-av-1472j8a-b82ae4fe984cb38265fe54a9613833df\">\n.flex_column.av-1472j8a-b82ae4fe984cb38265fe54a9613833df{\nborder-radius:0px 0px 0px 0px;\npadding:0px 0px 0px 0px;\n}\n<\/style>\n<div  class='flex_column av-1472j8a-b82ae4fe984cb38265fe54a9613833df av_one_third  avia-builder-el-2  el_after_av_one_full  el_before_av_two_third  first flex_column_div av-zero-column-padding  column-top-margin'     ><section  class='av_textblock_section av-jzb43z5i-507abeb415fd0931e8715d2a655ff02f '   itemscope=\"itemscope\" itemtype=\"https:\/\/schema.org\/CreativeWork\" ><div class='avia_textblock content-block'  itemprop=\"text\" ><p><strong>Novak M d.o.o.\u00a0<\/strong><br \/>\nPod kostanji 7<br \/>\nSI \u2013 1218 Komenda<br \/>\nT:\u00a0+386 1 5620117<br \/>\nE: info@novak-m.si<\/p>\n<\/div><\/section><\/div>\n<style type=\"text\/css\" data-created_by=\"avia_inline_auto\" id=\"style-css-av-1rsddps-05641a2c5f4716a55faa246ffbe35700\">\n.flex_column.av-1rsddps-05641a2c5f4716a55faa246ffbe35700{\nborder-radius:0px 0px 0px 0px;\npadding:0px 0px 0px 0px;\n}\n<\/style>\n<div  class='flex_column av-1rsddps-05641a2c5f4716a55faa246ffbe35700 av_two_third  avia-builder-el-4  el_after_av_one_third  avia-builder-el-last  flex_column_div av-zero-column-padding  column-top-margin'     ><section  class='av_textblock_section av-jzsbpfqz-dd14501979c31bee94d7fac970084d9c '   itemscope=\"itemscope\" itemtype=\"https:\/\/schema.org\/CreativeWork\" ><div class='avia_textblock'  itemprop=\"text\" ><p>ID za DDV: SI 70100691<br \/>\nMati\u010dna \u0161t.: 1638742000<br \/>\nNova Ljubljanska banka d.d., Ljubljana<br \/>\nSWIFT: LJBASI2X<br \/>\nIBAN: SI56 0279 6026 4227 282<br \/>\nOkro\u017eno sodi\u0161\u010de v Ljubljani, \u0161t. reg. 1\/34793\/00<br \/>\nOsnovni kapital: 8.736,00 EUR<br \/>\nGlavna dejavnost (SDK): 32.500 Proizvodnja medicinskih instrumentov, naprav in pripomo\u010dkov<\/p>\n<\/div><\/section><\/div><\/p>\n","protected":false},"excerpt":{"rendered":"","protected":false},"author":1,"featured_media":0,"parent":0,"menu_order":0,"comment_status":"closed","ping_status":"closed","template":"","meta":{"_acf_changed":false,"footnotes":""},"class_list":["post-47804","page","type-page","status-publish","hentry"],"acf":[],"yoast_head":"<!-- This site is optimized with the Yoast SEO plugin v25.5 - https:\/\/yoast.com\/wordpress\/plugins\/seo\/ -->\n<title>Impressum | Novak M | the comforts of medicine | novak-m.com<\/title>\n<meta name=\"description\" content=\"Do you have a question? Would you like to request a quote? Don&#039;t hesitate to contact one of our offices. You can find the contact information on this page.\" \/>\n<meta name=\"robots\" content=\"index, follow, max-snippet:-1, max-image-preview:large, max-video-preview:-1\" \/>\n<link rel=\"canonical\" href=\"https:\/\/novak-m.com\/sl\/impressum\/\" \/>\n<meta property=\"og:locale\" content=\"sl_SI\" \/>\n<meta property=\"og:type\" content=\"article\" \/>\n<meta property=\"og:title\" content=\"Impressum | Novak M | the comforts of medicine | novak-m.com\" \/>\n<meta property=\"og:description\" content=\"Do you have a question? Would you like to request a quote? Don&#039;t hesitate to contact one of our offices. You can find the contact information on this page.\" \/>\n<meta property=\"og:url\" content=\"https:\/\/novak-m.com\/sl\/impressum\/\" \/>\n<meta property=\"og:site_name\" content=\"Novak-M\" \/>\n<meta property=\"article:modified_time\" content=\"2025-12-08T13:06:57+00:00\" \/>\n<meta name=\"twitter:card\" content=\"summary_large_image\" \/>\n<meta name=\"twitter:label1\" content=\"Est. reading time\" \/>\n\t<meta name=\"twitter:data1\" content=\"1 minuta\" \/>\n<script type=\"application\/ld+json\" class=\"yoast-schema-graph\">{\"@context\":\"https:\/\/schema.org\",\"@graph\":[{\"@type\":\"WebPage\",\"@id\":\"https:\/\/novak-m.com\/sl\/impressum\/\",\"url\":\"https:\/\/novak-m.com\/sl\/impressum\/\",\"name\":\"Impressum | Novak M | the comforts of medicine | novak-m.com\",\"isPartOf\":{\"@id\":\"https:\/\/novak-m.com\/fr\/#website\"},\"datePublished\":\"2019-08-14T07:45:06+00:00\",\"dateModified\":\"2025-12-08T13:06:57+00:00\",\"description\":\"Do you have a question? Would you like to request a quote? Don't hesitate to contact one of our offices. You can find the contact information on this page.\",\"breadcrumb\":{\"@id\":\"https:\/\/novak-m.com\/sl\/impressum\/#breadcrumb\"},\"inLanguage\":\"sl-SI\",\"potentialAction\":[{\"@type\":\"ReadAction\",\"target\":[\"https:\/\/novak-m.com\/sl\/impressum\/\"]}]},{\"@type\":\"BreadcrumbList\",\"@id\":\"https:\/\/novak-m.com\/sl\/impressum\/#breadcrumb\",\"itemListElement\":[{\"@type\":\"ListItem\",\"position\":1,\"name\":\"Home\",\"item\":\"https:\/\/novak-m.com\/sl\/domov\/\"},{\"@type\":\"ListItem\",\"position\":2,\"name\":\"Impressum\"}]},{\"@type\":\"WebSite\",\"@id\":\"https:\/\/novak-m.com\/fr\/#website\",\"url\":\"https:\/\/novak-m.com\/fr\/\",\"name\":\"Novak M\",\"description\":\"Novak M | official international webpage | novak-m.com\",\"potentialAction\":[{\"@type\":\"SearchAction\",\"target\":{\"@type\":\"EntryPoint\",\"urlTemplate\":\"https:\/\/novak-m.com\/fr\/?s={search_term_string}\"},\"query-input\":{\"@type\":\"PropertyValueSpecification\",\"valueRequired\":true,\"valueName\":\"search_term_string\"}}],\"inLanguage\":\"sl-SI\"}]}<\/script>\n<!-- \/ Yoast SEO plugin. -->","yoast_head_json":{"title":"Impressum | Novak M | the comforts of medicine | novak-m.com","description":"Do you have a question? Would you like to request a quote? Don't hesitate to contact one of our offices. You can find the contact information on this page.","robots":{"index":"index","follow":"follow","max-snippet":"max-snippet:-1","max-image-preview":"max-image-preview:large","max-video-preview":"max-video-preview:-1"},"canonical":"https:\/\/novak-m.com\/sl\/impressum\/","og_locale":"sl_SI","og_type":"article","og_title":"Impressum | Novak M | the comforts of medicine | novak-m.com","og_description":"Do you have a question? Would you like to request a quote? Don't hesitate to contact one of our offices. You can find the contact information on this page.","og_url":"https:\/\/novak-m.com\/sl\/impressum\/","og_site_name":"Novak-M","article_modified_time":"2025-12-08T13:06:57+00:00","twitter_card":"summary_large_image","twitter_misc":{"Est. reading time":"1 minuta"},"schema":{"@context":"https:\/\/schema.org","@graph":[{"@type":"WebPage","@id":"https:\/\/novak-m.com\/sl\/impressum\/","url":"https:\/\/novak-m.com\/sl\/impressum\/","name":"Impressum | Novak M | the comforts of medicine | novak-m.com","isPartOf":{"@id":"https:\/\/novak-m.com\/fr\/#website"},"datePublished":"2019-08-14T07:45:06+00:00","dateModified":"2025-12-08T13:06:57+00:00","description":"Do you have a question? Would you like to request a quote? Don't hesitate to contact one of our offices. You can find the contact information on this page.","breadcrumb":{"@id":"https:\/\/novak-m.com\/sl\/impressum\/#breadcrumb"},"inLanguage":"sl-SI","potentialAction":[{"@type":"ReadAction","target":["https:\/\/novak-m.com\/sl\/impressum\/"]}]},{"@type":"BreadcrumbList","@id":"https:\/\/novak-m.com\/sl\/impressum\/#breadcrumb","itemListElement":[{"@type":"ListItem","position":1,"name":"Home","item":"https:\/\/novak-m.com\/sl\/domov\/"},{"@type":"ListItem","position":2,"name":"Impressum"}]},{"@type":"WebSite","@id":"https:\/\/novak-m.com\/fr\/#website","url":"https:\/\/novak-m.com\/fr\/","name":"Novak M","description":"Novak M | official international webpage | novak-m.com","potentialAction":[{"@type":"SearchAction","target":{"@type":"EntryPoint","urlTemplate":"https:\/\/novak-m.com\/fr\/?s={search_term_string}"},"query-input":{"@type":"PropertyValueSpecification","valueRequired":true,"valueName":"search_term_string"}}],"inLanguage":"sl-SI"}]}},"_links":{"self":[{"href":"https:\/\/novak-m.com\/sl\/wp-json\/wp\/v2\/pages\/47804","targetHints":{"allow":["GET"]}}],"collection":[{"href":"https:\/\/novak-m.com\/sl\/wp-json\/wp\/v2\/pages"}],"about":[{"href":"https:\/\/novak-m.com\/sl\/wp-json\/wp\/v2\/types\/page"}],"author":[{"embeddable":true,"href":"https:\/\/novak-m.com\/sl\/wp-json\/wp\/v2\/users\/1"}],"replies":[{"embeddable":true,"href":"https:\/\/novak-m.com\/sl\/wp-json\/wp\/v2\/comments?post=47804"}],"version-history":[{"count":2,"href":"https:\/\/novak-m.com\/sl\/wp-json\/wp\/v2\/pages\/47804\/revisions"}],"predecessor-version":[{"id":112918,"href":"https:\/\/novak-m.com\/sl\/wp-json\/wp\/v2\/pages\/47804\/revisions\/112918"}],"wp:attachment":[{"href":"https:\/\/novak-m.com\/sl\/wp-json\/wp\/v2\/media?parent=47804"}],"curies":[{"name":"wp","href":"https:\/\/api.w.org\/{rel}","templated":true}]}}