{"id":26,"date":"2019-01-03T12:44:51","date_gmt":"2019-01-03T12:44:51","guid":{"rendered":"https:\/\/www.novak-m.com\/?page_id=26"},"modified":"2026-03-16T13:43:47","modified_gmt":"2026-03-16T12:43:47","slug":"o-nas","status":"publish","type":"page","link":"https:\/\/novak-m.com\/sl\/o-nas\/","title":{"rendered":"O nas"},"content":{"rendered":"<div id='o_nas'  class='avia-section av-2agos-a84fd2ad5a8b743fb35950a84a9c2bef main_color avia-section-default avia-no-border-styling  avia-builder-el-0  el_before_av_section  avia-builder-el-first  avia-bg-style-scroll container_wrap fullsize'  ><div class='container av-section-cont-open' ><main  role=\"main\" itemprop=\"mainContentOfPage\"  class='template-page content  av-content-full alpha units'><div class='post-entry post-entry-type-page post-entry-26'><div class='entry-content-wrapper clearfix'>\n<div class='flex_column_table av-1pwn4-c62e94452e2f31cac52f19ed5085a27c sc-av_one_half av-equal-height-column-flextable'>\n<style type=\"text\/css\" data-created_by=\"avia_inline_auto\" id=\"style-css-av-1pwn4-c62e94452e2f31cac52f19ed5085a27c\">\n.flex_column.av-1pwn4-c62e94452e2f31cac52f19ed5085a27c{\nborder-radius:0px 0px 0px 0px;\npadding:0px 0px 0px 0px;\n}\n<\/style>\n<div  class='flex_column av-1pwn4-c62e94452e2f31cac52f19ed5085a27c av_one_half  avia-builder-el-1  el_before_av_one_half  avia-builder-el-first  onas_left first no_margin flex_column_table_cell av-equal-height-column av-align-bottom av-zero-column-padding  '     ><section  class='av_textblock_section av-jqwfk303-635fe87000eea2b6dc91c54115d4d739 '   itemscope=\"itemscope\" itemtype=\"https:\/\/schema.org\/CreativeWork\" ><div class='avia_textblock f20l30'  itemprop=\"text\" ><h1>Zdravljenje dvigujemo na vi\u0161jo raven<\/h1>\n<p>Novak M je slovensko dru\u017einsko in povsem v svet usmerjeno podjetje, ki proizvaja medicinsko opremo. \u017de dobrih 45 let pomagamo medicinskemu osebju dvigniti raven zdravljenje in oskrbo na vi\u0161jo raven z zagotavljanjem premi\u0161ljeno oblikovanih in visokokakovostnih izdelkov.<\/p>\n<\/div><\/section><br \/>\n<section  class='av_textblock_section av-jr0ahjt1-d4d2506aefc9e439ee6f03bc8793511a '   itemscope=\"itemscope\" itemtype=\"https:\/\/schema.org\/CreativeWork\" ><div class='avia_textblock'  itemprop=\"text\" ><div class=\"ms_skupaj_z_vami\"><div class=\"ms_skupaj_z_vami_link video_popup\"><a class=\"playbuttondark f18l30\" href=\"https:\/\/www.youtube.com\/watch?v=yyZfS2B61o0\">Novak M video<\/a><\/div><div class=\"ms_skupaj_z_vami_podpis\"><img class=\"lazy\" width=\"177\" height=\"85\" data-src=\"https:\/\/novak-m.com\/wp-content\/themes\/enfold-child\/images\/Podpis-novakm.svg\"><\/div><\/div>\n<\/div><\/section><\/p><\/div>\n<style type=\"text\/css\" data-created_by=\"avia_inline_auto\" id=\"style-css-av-q8x8-4a65538c3ea78e15cfe30b9eb6ac306c\">\n.flex_column.av-q8x8-4a65538c3ea78e15cfe30b9eb6ac306c{\nborder-radius:0px 0px 0px 0px;\npadding:0px 0px 0px 0px;\n}\n<\/style>\n<div  class='flex_column av-q8x8-4a65538c3ea78e15cfe30b9eb6ac306c av_one_half  avia-builder-el-4  el_after_av_one_half  avia-builder-el-last  no_margin flex_column_table_cell av-equal-height-column av-align-bottom av-zero-column-padding  '     ><section  class='av_textblock_section av-13c54-bf0599fc415bef54d727dc6976be1be0 '   itemscope=\"itemscope\" itemtype=\"https:\/\/schema.org\/CreativeWork\" ><div class='avia_textblock'  itemprop=\"text\" ><div class=\"slideholder_home_heading\"><div class=\"shadetop\"><\/div><div class=\"greytriangle\"><\/div><div class=\"slickholder_home_heading\"><div class=\"single_slide\"><div class=\"slide_bg lazy\" data-bg=\"url(https:\/\/novak-m.com\/wp-content\/uploads\/2019\/07\/Novak-M-medical-equipment-1030x687.jpg)\" ><\/div><\/div><\/div><\/div>\n<\/div><\/section><\/div><\/div><!--close column table wrapper. Autoclose: 1 -->\n\n<\/div><\/div><\/main><!-- close content main element --><\/div><\/div><div id='av_section_2'  class='avia-section av-1clpm-d8c12298e823d31aff964fed8cfe4ea3 main_color avia-section-default avia-no-border-styling  avia-builder-el-6  el_after_av_section  el_before_av_section  o_nas_second avia-bg-style-scroll container_wrap fullsize'  ><div class='container av-section-cont-open' ><div class='template-page content  av-content-full alpha units'><div class='post-entry post-entry-type-page post-entry-26'><div class='entry-content-wrapper clearfix'>\n\n<style type=\"text\/css\" data-created_by=\"avia_inline_auto\" id=\"style-css-av-q14u-e2f08fd583bf4d258008c8582d3dc329\">\n.flex_column.av-q14u-e2f08fd583bf4d258008c8582d3dc329{\nborder-radius:0px 0px 0px 0px;\npadding:0px 0px 0px 0px;\n}\n<\/style>\n<div  class='flex_column av-q14u-e2f08fd583bf4d258008c8582d3dc329 av_one_full  avia-builder-el-7  avia-builder-el-no-sibling  first flex_column_div av-zero-column-padding  '     ><section  class='av_textblock_section av-jzseohdr-21fab7281526ae4dca882232d706cf30 '   itemscope=\"itemscope\" itemtype=\"https:\/\/schema.org\/CreativeWork\" ><div class='avia_textblock'  itemprop=\"text\" ><h2 style=\"text-align: center\">Na\u0161e poslanstvo<\/h2>\n<p style=\"text-align: center\">\u017de od leta 1979 ohranjamo tesne stike s kon\u010dnimi uporabniki, med katerimi so zdravniki, medicinske sestre in drugo negovalno osebje kot tudi pacienti. Na\u0161e medicinske izdelke, v katerih se prepletajo strokovno znanje, izku\u0161nje iz industrije in inovativna tehnologija, odlikuje preprost in \u010dist dizajn s <a href=\"https:\/\/novak-m.com\/sl\/novak-m-praznovanje-7-del\/\"><strong>patentiranimi re\u0161itvam<\/strong><\/a>i. Izdelki so v skladu s predpisanimi varnostnimi standardi. Nudijo popolno podporo pri obravnavah, da se medicinsko osebje lahko v celoti posveti svojim pacientom.<\/p>\n<h2 style=\"text-align: center\">Poi\u0161\u010dite svoj izdelek Novak M in izkusite njegove prednosti<\/h2>\n<p style=\"text-align: center\">Z odli\u010dno partnersko mre\u017eo so na\u0161i visokokakovostni izdelki na voljo v <a href=\"https:\/\/novak-m.com\/sl\/prodajna-mreza\/\"><strong>ve\u010d kot 15 dr\u017eavah<\/strong> <\/a>po vsem svetu. Uporabite na\u0161 <a href=\"https:\/\/novak-m.com\/sl\/konfigurator-pregledne-mize\/\"><strong>spletni konfigurator<\/strong> <\/a>in izberite izdelek, ki bo ustrezal potrebam in zahtevam va\u0161ega strokovnega podro\u010dja. Vabimo vas, da obi\u0161\u010dete na\u0161e razstavne prostore, kjer vam bo na\u0161a prodajna ekipa z veseljem pomagala do pravih odlo\u010ditev.<\/p>\n<\/div><\/section><\/div>\n\n<\/div><\/div><\/div><!-- close content main div --><\/div><\/div><div id='av_section_3'  class='avia-section av-15afu-0dfa81c37800e687fa7bbcaaf32cbfc9 main_color avia-section-default avia-no-border-styling  avia-builder-el-9  el_after_av_section  el_before_av_section  avia-bg-style-scroll container_wrap fullsize'  ><div class='container av-section-cont-open' ><div class='template-page content  av-content-full alpha units'><div class='post-entry post-entry-type-page post-entry-26'><div class='entry-content-wrapper clearfix'>\n<section  class='av_textblock_section av-jqz7aqrl-4743eed4be4afc21a9bbc1e9a3043f70 '   itemscope=\"itemscope\" itemtype=\"https:\/\/schema.org\/CreativeWork\" ><div class='avia_textblock'  itemprop=\"text\" > <div class=\"ms_onas_slider  clearfix\"><div class=\"ms_column ms_first \"><div class=\"image_slider_wrapper \"><div class=\"ms_onas_slider_for_borders\"><div class=\"ms_onas_slider_for\">   <div class=\"single_media_slide\"> <img class=\"lazy\" data-src=\"https:\/\/novak-m.com\/wp-content\/uploads\/2019\/08\/Honnesty.jpg\"> <\/div>   <div class=\"single_media_slide\"> <img class=\"lazy\" data-src=\"https:\/\/novak-m.com\/wp-content\/uploads\/2019\/08\/Dilligence.jpg\"> <\/div>   <div class=\"single_media_slide\"> <img class=\"lazy\" data-src=\"https:\/\/novak-m.com\/wp-content\/uploads\/2019\/08\/Commitment.jpg\"> <\/div>   <div class=\"single_media_slide\"> <img class=\"lazy\" data-src=\"https:\/\/novak-m.com\/wp-content\/uploads\/2019\/08\/Innovation.jpg\"> <\/div>  <\/div> <\/div> <\/div> <\/div><div class=\"ms_column ms_second \"><div class=\"ms_onas_slider_text\">  <div class=\"ms_onas_slider_text_single\">    <h2 class=\"f45l55\">Po\u0161tenost, najprej do sebe, zaposlenih, na\u0161ih kupcev<\/h2>   <div class=\"ms_mar_bot_40\"><p>Cenimo po\u0161tenost.\u00a0 Verjamemo, da lahko podjetje in zaposleni\u00a0dolgoro\u010dno napredujejo le s po\u0161tenim delom. To, da beseda, ki jo damo, velja, je temelj, na katerem gradimo \u017ee 40 let. Najprej smo po\u0161teni do sebe in svojih zaposlenih. To \u010dutijo tudi na\u0161i dobavitelji in kupci na\u0161ih izdelkov. Hkrati delujemo odgovorno tudi do \u0161ir\u0161e skupnosti in okolja.<\/p>\n<\/div> <\/div>  <div class=\"ms_onas_slider_text_single\">    <h2 class=\"f45l55\">Delavnost, ki pove\u010duje \u010dlove\u0161ko dostojanstvo<\/h2>   <div class=\"ms_mar_bot_40\"><p>Pri Novak M verjamemo, da je delavnost klju\u010dna \u017ee vse od prvih za\u010detkov dru\u017einskega podjetja. Delo je namre\u010d samo po sebi vrednota. Dobro opravljeno delo prina\u0161a zadovoljstvo in ob\u010dutek lastne vrednosti. Pomaga ohranjati in pove\u010duje \u010dlove\u0161ko dostojanstvo vsakega posameznika. Zato Novak M kot delodajalec ceni vsako delo, ki ga opravljajo zaposleni. Vsak privit vijak ali poslana e-po\u0161ta je kamen\u010dek na poti k skupnemu uspehu.<\/p>\n<\/div> <\/div>  <div class=\"ms_onas_slider_text_single\">    <h2 class=\"f45l55\">Zaveza, dobro opravljenemu delu in podjetju<\/h2>   <div class=\"ms_mar_bot_40\"><p>Dolgoro\u010dno napredovanje vsakega posameznika in organizacije kot celote je mo\u017eno le z zavzetim in predanim delom. Verjamemo, da zavezanost zaposlenih delu, ki ga opravljajo, in podjetju, prina\u0161a bolj\u0161e rezultate. Poleg tega smo prepri\u010dani, da je prav zavezanost vrednotam, ki so temelj na\u0161ega dru\u017einskega podjetja \u017ee od za\u010detka, razlog za obstoj in rast podjetja.<\/p>\n<\/div> <\/div>  <div class=\"ms_onas_slider_text_single\">    <h2 class=\"f45l55\">Znanje, ker verjamemo v napredek<\/h2>   <div class=\"ms_mar_bot_40\"><p>V podjetju verjamemo v napredek in zanje. Verjamemo, da smo sposobni s pomo\u010djo znanja, lastne inovativnosti in odprtosti v svet razvijati, izdelati in prodajati konkuren\u010dne izdelke. Le z odprtostjo do novih znanj in spoznanj dru\u017ebe ustvarjamo odprto, moderno delovno okolje za zaposlene ter razvijamo, izdelujemo in prodajamo izdelke in storitve, ki odgovarjajo na potrebe kon\u010dnih uporabnikov na\u0161ih izdelkov.<\/p>\n<\/div> <\/div>  <\/div>  <a class=\"arrowbutton\" href=\"https:\/\/novak-m.com\/sl\/kontakt\/\">Kontaktirajte nas<\/a> <\/div><\/div>\n<\/div><\/section>\n\n<\/div><\/div><\/div><!-- close content main div --><\/div><\/div><div id='av_section_4'  class='avia-section av-av_section-3ef07c12a2bb1670acbb6a6393332f22 main_color avia-section-default avia-no-border-styling  avia-builder-el-11  el_after_av_section  avia-builder-el-last  avia-bg-style-scroll container_wrap fullsize'  ><div class='container av-section-cont-open' ><div class='template-page content  av-content-full alpha units'><div class='post-entry post-entry-type-page post-entry-26'><div class='entry-content-wrapper clearfix'>\n<section  class='av_textblock_section av-mmt6czir-69efb89fa12b2117ed08411360a44e40 '   itemscope=\"itemscope\" itemtype=\"https:\/\/schema.org\/CreativeWork\" ><div class='avia_textblock'  itemprop=\"text\" ><div class=\"newsletterwrap\"><div class=\"prenldots\"><div class=\" dot dot_1\"><\/div><div class=\"dot dot_2\"><\/div><div class=\"dot dot_3\"><\/div><\/div><div class=\"nl-title\">\u017delite biti na teko\u010dem z novimi produkti in tehnologijami?<\/div><div class=\"nl-button\">Prijavite se na e-novice<\/div><\/div>\n<\/div><\/section>\n\n","protected":false},"excerpt":{"rendered":"","protected":false},"author":1,"featured_media":0,"parent":0,"menu_order":0,"comment_status":"closed","ping_status":"closed","template":"template-onas.php","meta":{"_acf_changed":false,"footnotes":""},"class_list":["post-26","page","type-page","status-publish","hentry"],"acf":[],"yoast_head":"<!-- This site is optimized with the Yoast SEO plugin v25.5 - https:\/\/yoast.com\/wordpress\/plugins\/seo\/ -->\n<title>Spoznajte kdo smo | Novak M<\/title>\n<meta name=\"description\" content=\"Znanje, inovacije in nove tehnologije nam pomagajo snovati izdelke, ki medicinskemu osebju zagotavljajo podporo in varnost pri njihovem delu.\u00a0\" \/>\n<meta name=\"robots\" content=\"index, follow, max-snippet:-1, max-image-preview:large, max-video-preview:-1\" \/>\n<link rel=\"canonical\" href=\"https:\/\/novak-m.com\/sl\/o-nas\/\" \/>\n<meta property=\"og:locale\" content=\"sl_SI\" \/>\n<meta property=\"og:type\" content=\"article\" \/>\n<meta property=\"og:title\" content=\"Spoznajte kdo smo | Novak M\" \/>\n<meta property=\"og:description\" content=\"Znanje, inovacije in nove tehnologije nam pomagajo snovati izdelke, ki medicinskemu osebju zagotavljajo podporo in varnost pri njihovem delu.\u00a0\" \/>\n<meta property=\"og:url\" content=\"https:\/\/novak-m.com\/sl\/o-nas\/\" \/>\n<meta property=\"og:site_name\" content=\"Novak-M\" \/>\n<meta property=\"article:modified_time\" content=\"2026-03-16T12:43:47+00:00\" \/>\n<meta name=\"twitter:card\" content=\"summary_large_image\" \/>\n<meta name=\"twitter:label1\" content=\"Est. reading time\" \/>\n\t<meta name=\"twitter:data1\" content=\"1 minuta\" \/>\n<script type=\"application\/ld+json\" class=\"yoast-schema-graph\">{\"@context\":\"https:\/\/schema.org\",\"@graph\":[{\"@type\":\"WebPage\",\"@id\":\"https:\/\/novak-m.com\/sl\/o-nas\/\",\"url\":\"https:\/\/novak-m.com\/sl\/o-nas\/\",\"name\":\"Spoznajte kdo smo | Novak M\",\"isPartOf\":{\"@id\":\"https:\/\/novak-m.com\/fr\/#website\"},\"datePublished\":\"2019-01-03T12:44:51+00:00\",\"dateModified\":\"2026-03-16T12:43:47+00:00\",\"description\":\"Znanje, inovacije in nove tehnologije nam pomagajo snovati izdelke, ki medicinskemu osebju zagotavljajo podporo in varnost pri njihovem delu.\u00a0\",\"breadcrumb\":{\"@id\":\"https:\/\/novak-m.com\/sl\/o-nas\/#breadcrumb\"},\"inLanguage\":\"sl-SI\",\"potentialAction\":[{\"@type\":\"ReadAction\",\"target\":[\"https:\/\/novak-m.com\/sl\/o-nas\/\"]}]},{\"@type\":\"BreadcrumbList\",\"@id\":\"https:\/\/novak-m.com\/sl\/o-nas\/#breadcrumb\",\"itemListElement\":[{\"@type\":\"ListItem\",\"position\":1,\"name\":\"Home\",\"item\":\"https:\/\/novak-m.com\/sl\/domov\/\"},{\"@type\":\"ListItem\",\"position\":2,\"name\":\"O nas\"}]},{\"@type\":\"WebSite\",\"@id\":\"https:\/\/novak-m.com\/fr\/#website\",\"url\":\"https:\/\/novak-m.com\/fr\/\",\"name\":\"Novak M\",\"description\":\"Novak M | official international webpage | novak-m.com\",\"potentialAction\":[{\"@type\":\"SearchAction\",\"target\":{\"@type\":\"EntryPoint\",\"urlTemplate\":\"https:\/\/novak-m.com\/fr\/?s={search_term_string}\"},\"query-input\":{\"@type\":\"PropertyValueSpecification\",\"valueRequired\":true,\"valueName\":\"search_term_string\"}}],\"inLanguage\":\"sl-SI\"}]}<\/script>\n<!-- \/ Yoast SEO plugin. -->","yoast_head_json":{"title":"Spoznajte kdo smo | Novak M","description":"Znanje, inovacije in nove tehnologije nam pomagajo snovati izdelke, ki medicinskemu osebju zagotavljajo podporo in varnost pri njihovem delu.\u00a0","robots":{"index":"index","follow":"follow","max-snippet":"max-snippet:-1","max-image-preview":"max-image-preview:large","max-video-preview":"max-video-preview:-1"},"canonical":"https:\/\/novak-m.com\/sl\/o-nas\/","og_locale":"sl_SI","og_type":"article","og_title":"Spoznajte kdo smo | Novak M","og_description":"Znanje, inovacije in nove tehnologije nam pomagajo snovati izdelke, ki medicinskemu osebju zagotavljajo podporo in varnost pri njihovem delu.\u00a0","og_url":"https:\/\/novak-m.com\/sl\/o-nas\/","og_site_name":"Novak-M","article_modified_time":"2026-03-16T12:43:47+00:00","twitter_card":"summary_large_image","twitter_misc":{"Est. reading time":"1 minuta"},"schema":{"@context":"https:\/\/schema.org","@graph":[{"@type":"WebPage","@id":"https:\/\/novak-m.com\/sl\/o-nas\/","url":"https:\/\/novak-m.com\/sl\/o-nas\/","name":"Spoznajte kdo smo | Novak M","isPartOf":{"@id":"https:\/\/novak-m.com\/fr\/#website"},"datePublished":"2019-01-03T12:44:51+00:00","dateModified":"2026-03-16T12:43:47+00:00","description":"Znanje, inovacije in nove tehnologije nam pomagajo snovati izdelke, ki medicinskemu osebju zagotavljajo podporo in varnost pri njihovem delu.\u00a0","breadcrumb":{"@id":"https:\/\/novak-m.com\/sl\/o-nas\/#breadcrumb"},"inLanguage":"sl-SI","potentialAction":[{"@type":"ReadAction","target":["https:\/\/novak-m.com\/sl\/o-nas\/"]}]},{"@type":"BreadcrumbList","@id":"https:\/\/novak-m.com\/sl\/o-nas\/#breadcrumb","itemListElement":[{"@type":"ListItem","position":1,"name":"Home","item":"https:\/\/novak-m.com\/sl\/domov\/"},{"@type":"ListItem","position":2,"name":"O nas"}]},{"@type":"WebSite","@id":"https:\/\/novak-m.com\/fr\/#website","url":"https:\/\/novak-m.com\/fr\/","name":"Novak M","description":"Novak M | official international webpage | novak-m.com","potentialAction":[{"@type":"SearchAction","target":{"@type":"EntryPoint","urlTemplate":"https:\/\/novak-m.com\/fr\/?s={search_term_string}"},"query-input":{"@type":"PropertyValueSpecification","valueRequired":true,"valueName":"search_term_string"}}],"inLanguage":"sl-SI"}]}},"_links":{"self":[{"href":"https:\/\/novak-m.com\/sl\/wp-json\/wp\/v2\/pages\/26","targetHints":{"allow":["GET"]}}],"collection":[{"href":"https:\/\/novak-m.com\/sl\/wp-json\/wp\/v2\/pages"}],"about":[{"href":"https:\/\/novak-m.com\/sl\/wp-json\/wp\/v2\/types\/page"}],"author":[{"embeddable":true,"href":"https:\/\/novak-m.com\/sl\/wp-json\/wp\/v2\/users\/1"}],"replies":[{"embeddable":true,"href":"https:\/\/novak-m.com\/sl\/wp-json\/wp\/v2\/comments?post=26"}],"version-history":[{"count":5,"href":"https:\/\/novak-m.com\/sl\/wp-json\/wp\/v2\/pages\/26\/revisions"}],"predecessor-version":[{"id":115504,"href":"https:\/\/novak-m.com\/sl\/wp-json\/wp\/v2\/pages\/26\/revisions\/115504"}],"wp:attachment":[{"href":"https:\/\/novak-m.com\/sl\/wp-json\/wp\/v2\/media?parent=26"}],"curies":[{"name":"wp","href":"https:\/\/api.w.org\/{rel}","templated":true}]}}