{"id":22636,"date":"2019-08-14T10:18:54","date_gmt":"2019-08-14T10:18:54","guid":{"rendered":"https:\/\/www.novak-m.com\/evropski-sklad-za-regionalni-razvoj\/"},"modified":"2024-09-18T12:52:10","modified_gmt":"2024-09-18T10:52:10","slug":"evropska-unija","status":"publish","type":"page","link":"https:\/\/novak-m.com\/sl\/evropska-unija\/","title":{"rendered":"Evropska unija"},"content":{"rendered":"\n<style type=\"text\/css\" data-created_by=\"avia_inline_auto\" id=\"style-css-av-1xo77a-90335ace08dbb798d515cb5583a54b90\">\n.flex_column.av-1xo77a-90335ace08dbb798d515cb5583a54b90{\nborder-radius:0px 0px 0px 0px;\npadding:0px 0px 0px 0px;\n}\n<\/style>\n<div  class='flex_column av-1xo77a-90335ace08dbb798d515cb5583a54b90 av_one_full  avia-builder-el-0  el_before_av_one_full  avia-builder-el-first  first flex_column_div av-zero-column-padding  '     ><section  class='av_textblock_section av-jzsgnkqi-d13b49b93c8932cd32b7d27bfef141e9 '   itemscope=\"itemscope\" itemtype=\"https:\/\/schema.org\/CreativeWork\" ><div class='avia_textblock content-block'  itemprop=\"text\" ><h1>Nalo\u017ebe, sofinancirane s strani Republike Slovenije in EU<\/h1>\n<\/div><\/section><\/div>\n\n<style type=\"text\/css\" data-created_by=\"avia_inline_auto\" id=\"style-css-av-jtbxcc-560795fd27a9933fd8b4d7fa1821d933\">\n.flex_column.av-jtbxcc-560795fd27a9933fd8b4d7fa1821d933{\nborder-radius:0px 0px 0px 0px;\npadding:0px 0px 0px 0px;\n}\n<\/style>\n<div  class='flex_column av-jtbxcc-560795fd27a9933fd8b4d7fa1821d933 av_one_full  avia-builder-el-2  el_after_av_one_full  el_before_av_textblock  first flex_column_div av-zero-column-padding  column-top-margin'     ><style type=\"text\/css\" data-created_by=\"avia_inline_auto\" id=\"style-css-av-jzuxx9cc-c90f39580ebb08d53af4599fb74d8afb\">\n.avia-image-container.av-jzuxx9cc-c90f39580ebb08d53af4599fb74d8afb img.avia_image{\nbox-shadow:none;\n}\n.avia-image-container.av-jzuxx9cc-c90f39580ebb08d53af4599fb74d8afb .av-image-caption-overlay-center{\ncolor:#ffffff;\n}\n<\/style>\n<div  class='avia-image-container av-jzuxx9cc-c90f39580ebb08d53af4599fb74d8afb av-styling- avia-align-center  avia-builder-el-3  avia-builder-el-no-sibling '   itemprop=\"image\" itemscope=\"itemscope\" itemtype=\"https:\/\/schema.org\/ImageObject\" ><div class=\"avia-image-container-inner\"><div class=\"avia-image-overlay-wrap\"><img decoding=\"async\" class='wp-image-97625 avia-img-lazy-loading-not-97625 avia_image ' src=\"https:\/\/novak-m.com\/wp-content\/uploads\/2024\/09\/Skupni-logotip_2024.jpg\" alt='' title='Skupni Logotip 2024'  height=\"207\" width=\"1446\"  itemprop=\"thumbnailUrl\" srcset=\"https:\/\/novak-m.com\/wp-content\/uploads\/2024\/09\/Skupni-logotip_2024.jpg 1446w, https:\/\/novak-m.com\/wp-content\/uploads\/2024\/09\/Skupni-logotip_2024-300x43.jpg 300w, https:\/\/novak-m.com\/wp-content\/uploads\/2024\/09\/Skupni-logotip_2024-1030x147.jpg 1030w, https:\/\/novak-m.com\/wp-content\/uploads\/2024\/09\/Skupni-logotip_2024-768x110.jpg 768w, https:\/\/novak-m.com\/wp-content\/uploads\/2024\/09\/Skupni-logotip_2024-838x120.jpg 838w, https:\/\/novak-m.com\/wp-content\/uploads\/2024\/09\/Skupni-logotip_2024-600x86.jpg 600w\" sizes=\"(max-width: 1446px) 100vw, 1446px\" \/><\/div><\/div><\/div><\/div>\n<section  class='av_textblock_section av-jzay4vd2-0a3a24e84f0b0d3528d0d24b8aede4cd '   itemscope=\"itemscope\" itemtype=\"https:\/\/schema.org\/CreativeWork\" ><div class='avia_textblock content-block'  itemprop=\"text\" ><h4>Operacija \u00bbV2 &#8211; Vav\u010der za patente, modele, znamke\u00ab<\/h4>\n<p>Podjetje Novak M d.o.o. je v letu 2024 pridobilo sofinanciranje upravi\u010denih stro\u0161kov &#8211; <strong>Vav\u010der za patente, modele, znamke<\/strong>. Javni razpis se izvaja v okviru Programa evropske kohezijske politike v obdobju 2021 \u2013 2027 v Sloveniji, prednostne naloge 1 \u00bbInovacijska dru\u017eba znanja\u00ab, specifi\u010dnega cilja RSO1.3 \u00bbKrepitev trajnostne rasti in konkuren\u010dnosti MSP ter ustvarjanje delovnih mest v MSP, med drugim s produktivnimi nalo\u017ebami ESRR<br \/>\n(<a href=\"https:\/\/www.podjetniskisklad.si\/\">www.podjetniskisklad.si<\/a>)<\/p>\n<h4>Operacija \u00bb<strong>V3 &#8211; Vav\u010der za pridobitev certifikatov<\/strong>\u00ab<\/h4>\n<p>Podjetje Novak M d.o.o. je v letu 2024 pridobilo sofinanciranje upravi\u010denih stro\u0161kov &#8211; <strong>Vav\u010der za pridobitev certifikatov<\/strong>. Javni razpis se izvaja v okviru Programa evropske kohezijske politike v obdobju 2021 \u2013 2027 v Sloveniji, prednostne naloge 1 \u00bbInovacijska dru\u017eba znanja\u00ab, specifi\u010dnega cilja RSO1.3 \u00bbKrepitev trajnostne rasti in konkuren\u010dnosti MSP ter ustvarjanje delovnih mest v MSP, med drugim s produktivnimi nalo\u017ebami ESRR<br \/>\n(<a href=\"https:\/\/www.podjetniskisklad.si\/\">www.podjetniskisklad.si<\/a>)<\/p>\n<h4>Operacija \u00bb<strong>VAV-1 &#8211; Vav\u010der za certifikate kakovosti<\/strong>\u00ab<\/h4>\n<p>S sodelovanjem na javnem pozivu <strong>VAV-1 Vav\u010der za certifikate kakovosti<\/strong>, ki ga razpisuje Slovenski podjetni\u0161ki sklad, smo pridobili sredstva za pridobivanje certifikatov kakovosti za na\u0161e izdelke. Nalo\u017ebo sofinancirata Republika Slovenija in Evropska unija iz Evropskega sklada za regionalni razvoj.<br \/>\n(<a href=\"http:\/\/www.eu-skladi.si\">www.eu-skladi.si<\/a>)<\/p>\n<h4>Operacija \u00bb<strong>REVAV-1 &#8211; Vav\u010der za pridobitev certifikatov<\/strong>\u00ab<\/h4>\n<p>Sodelovali smo na javnem pozivu Slovenskega podjetni\u0161kega sklada <strong>REVAV-1 &#8211; Vav\u010der za pridobitev certifikatov<\/strong>, katerega namen je dvigniti kakovost poslovanja ali izdelkov in storitev ter s tem pove\u010dati konkuren\u010dnost podjetij. Pridobljena sredstva smo namenili za pridobivanje mednarodnih certifikatov za medicinske izdelke, pri \u010demer smo sodelovali tudi z Slovenskim institutom za kakovost in meroslovje, Ljubljana. Nalo\u017ebo sofinancirata Republika Slovenija in Evropska unija iz Evropskega sklada za regionalni razvoj.<br \/>\n(<a href=\"http:\/\/www.eu-skladi.si\">www.eu-skladi.si<\/a>)<\/p>\n<h4>Operacija \u00bb<strong>REVAV-2 &#8211; Vav\u010der za patente, modele, znamke<\/strong>\u00ab<\/h4>\n<p>Pri izdelavi na\u0161ih medicinskih izdelkov vedno i\u0161\u010demo nove re\u0161itve, ki bi zagotovile ve\u010djo kakovost in funkcionalnost izdelkov. Na\u0161e podjetje je pridobilo dva evropska in en ameri\u0161ki patent. S sodelovanjem na javnem pozivu <strong>REVAV-2-Vav\u010der za patente, modele, znamke<\/strong>, ki ga razpisuje Slovenski podjetni\u0161ki sklad, smo pridobili sredstva za prijavo in vzdr\u017eevanje patentov. Nalo\u017ebo sofinancirata Republika Slovenija in Evropska unija iz Evropskega sklada za regionalni razvoj.<br \/>\n(<a href=\"http:\/\/www.eu-skladi.si\">www.eu-skladi.si<\/a>)<\/p>\n<h4>Operacija \u00bb<a href=\"https:\/\/novak-m.com\/sl\/covid-19-ostaja-izziv-za-vse\/\"><strong>COVID19 za nakup za\u0161\u010ditne oprem<\/strong>e<\/a>\u00ab<\/h4>\n<p>V \u010dasu pandemije COVID19 tudi v podjetju Novak M \u017eelimo ustrezno poskrbeti za zdravje svojih zaposlenih in prispevati k zajezitvi \u0161irjenja bolezni. Zato smo sodelovali na \u00bbJavnem pozivu COVID19 za nakup za\u0161\u010ditne opreme\u00ab in pridobili sredstva za nakup za\u0161\u010ditne opreme.<br \/>\n(<a href=\"http:\/\/www.eu-skladi.si\">www.eu-skladi.si<\/a>)<\/p>\n<h4>Operacija \u00bb<a href=\"https:\/\/novak-m.com\/sl\/operacija-covid19-digitalizacija\/\"><strong>COVID19 &#8211; digitalizacija<\/strong><\/a>\u00ab<\/h4>\n<p>S sodelovanjem na \u00bb<strong>Javnem pozivu za sofinanciranje stro\u0161kov digitalizacije prodajnih poti ter predstavitvenih in tr\u017eenjskih gradiv za promocijo na tujih trgih\u00ab <\/strong>smo v septembru 2020 pridobili sredstva za izdelavo video vsebin za nivo izdelkov podjetja v vsaj enem tujem jeziku, vklju\u010dno s prevajanjem. V \u010dasu pandemije COVID-19 je namre\u010d prisotnost na spletu za na\u0161e podjetje \u0161e toliko pomembnej\u0161a za prepoznavnost in \u0161irjenje prodaje na tujih trgih. Na\u0161o nalo\u017ebo sofinancirata Evropska unija iz Evropskega sklada za regionalni razvoj (ESRR) in Republika Slovenija.<br \/>\n(<a href=\"http:\/\/www.eu-skladi.si\">www.eu-skladi.si<\/a>)<\/p>\n<h4>Operacija <a href=\"https:\/\/novak-m.com\/sl\/svet-medicine-se-srecuje-na-medici\/\"><strong>\u00bbSejem Medica 2019\u00ab<\/strong><\/a><\/h4>\n<p>Med 18. in 21. novembrom 2019 na\u0161e podjetje predstavlja svoje izdelke na najve\u010djem mednarodnem sejmu Medica 2019 v D\u00fcsseldorfu v Nem\u010diji. Prisotnost na takem dogodku je klju\u010d za prepoznavnost in nastop na tujih trgih. Na\u0161o udele\u017ebo sta sofinancirali Republika Slovenija in Evropska unija.<br \/>\n(<a href=\"http:\/\/www.eu-skladi.si\">www.eu-skladi.si<\/a>)<\/p>\n<h4>Operacija <a href=\"https:\/\/novak-m.com\/sl\/z-roko-v-roki-z-novimi-tehnologijami\/\" rel=\"noopener\"><strong>\u00bbNOVAK M e-poslovanje na tujih trgih\u00ab<\/strong><\/a><\/h4>\n<p>Z nalo\u017ebo v e-poslovanje na tujih trgih \u017eelimo \u0161iriti poslovanje na tujih trgih in pove\u010dati mednarodno konkuren\u010dnost. Nova spletna stran v \u0161estih jezikih, spletna trgovina, nastop na spletnem sejmi\u0161\u010du, izobra\u017eevanje in nov predstavitveni video na\u0161ega podjetja so vse ukrepi, ki smo jih izvedli in jih sofinancirata Evropska unija iz Evropskega sklada za regionalni razvoj (ESRR) in Republika Slovenija.<br \/>\n(<a href=\"http:\/\/www.eu-skladi.si\">www.eu-skladi.si<\/a>)<\/p>\n<h4>Operacija <a href=\"https:\/\/novak-m.com\/sl\/medica-2018\/\" rel=\"noopener\"><strong>\u00bb<\/strong><strong>Sejem Medica 2018\u00ab<\/strong><\/a><\/h4>\n<p>V novembru 2018 se je na\u0161e podjetje udele\u017eilo mednarodnega sejma Medica 2018 v D\u00fcsseldorfu v Nem\u010diji. Predstavitev na\u0161ih izdelkov na dogodku, ki povezuje podro\u010dje medicine s celotnega sveta, nam pomaga k ve\u010dji prepoznavnosti in la\u017ejemu nastopu na tujih trgih. Na\u0161o udele\u017ebo sta sofinancirali Republika Slovenija in Evropska unija.<br \/>\n(<a href=\"http:\/\/www.eu-skladi.si\">www.eu-skladi.si<\/a>)<\/p>\n<\/div><\/section>\n","protected":false},"excerpt":{"rendered":"","protected":false},"author":1,"featured_media":0,"parent":0,"menu_order":0,"comment_status":"closed","ping_status":"closed","template":"","meta":{"_acf_changed":false,"footnotes":""},"class_list":["post-22636","page","type-page","status-publish","hentry"],"acf":[],"yoast_head":"<!-- This site is optimized with the Yoast SEO plugin v25.5 - https:\/\/yoast.com\/wordpress\/plugins\/seo\/ -->\n<title>Nalo\u017ebe, sofinancirane s strani Republike Slovenije in EU | Novak M<\/title>\n<meta name=\"description\" content=\"Nalo\u017ebo v e-poslovanje sta sofinancirali Republika Slovenija in Evropska unija iz Evropskega sklada za regionalni razvoj (ESRR).\" \/>\n<meta name=\"robots\" content=\"index, follow, max-snippet:-1, max-image-preview:large, max-video-preview:-1\" \/>\n<link rel=\"canonical\" href=\"https:\/\/novak-m.com\/sl\/evropska-unija\/\" \/>\n<meta property=\"og:locale\" content=\"sl_SI\" \/>\n<meta property=\"og:type\" content=\"article\" \/>\n<meta property=\"og:title\" content=\"Nalo\u017ebe, sofinancirane s strani Republike Slovenije in EU | Novak M\" \/>\n<meta property=\"og:description\" content=\"Nalo\u017ebo v e-poslovanje sta sofinancirali Republika Slovenija in Evropska unija iz Evropskega sklada za regionalni razvoj (ESRR).\" \/>\n<meta property=\"og:url\" content=\"https:\/\/novak-m.com\/sl\/evropska-unija\/\" \/>\n<meta property=\"og:site_name\" content=\"Novak-M\" \/>\n<meta property=\"article:modified_time\" content=\"2024-09-18T10:52:10+00:00\" \/>\n<meta name=\"twitter:card\" content=\"summary_large_image\" \/>\n<meta name=\"twitter:label1\" content=\"Est. reading time\" \/>\n\t<meta name=\"twitter:data1\" content=\"4 minute\" \/>\n<script type=\"application\/ld+json\" class=\"yoast-schema-graph\">{\"@context\":\"https:\/\/schema.org\",\"@graph\":[{\"@type\":\"WebPage\",\"@id\":\"https:\/\/novak-m.com\/sl\/evropska-unija\/\",\"url\":\"https:\/\/novak-m.com\/sl\/evropska-unija\/\",\"name\":\"Nalo\u017ebe, sofinancirane s strani Republike Slovenije in EU | Novak M\",\"isPartOf\":{\"@id\":\"https:\/\/novak-m.com\/fr\/#website\"},\"datePublished\":\"2019-08-14T10:18:54+00:00\",\"dateModified\":\"2024-09-18T10:52:10+00:00\",\"description\":\"Nalo\u017ebo v e-poslovanje sta sofinancirali Republika Slovenija in Evropska unija iz Evropskega sklada za regionalni razvoj (ESRR).\",\"breadcrumb\":{\"@id\":\"https:\/\/novak-m.com\/sl\/evropska-unija\/#breadcrumb\"},\"inLanguage\":\"sl-SI\",\"potentialAction\":[{\"@type\":\"ReadAction\",\"target\":[\"https:\/\/novak-m.com\/sl\/evropska-unija\/\"]}]},{\"@type\":\"BreadcrumbList\",\"@id\":\"https:\/\/novak-m.com\/sl\/evropska-unija\/#breadcrumb\",\"itemListElement\":[{\"@type\":\"ListItem\",\"position\":1,\"name\":\"Home\",\"item\":\"https:\/\/novak-m.com\/sl\/domov\/\"},{\"@type\":\"ListItem\",\"position\":2,\"name\":\"Evropska unija\"}]},{\"@type\":\"WebSite\",\"@id\":\"https:\/\/novak-m.com\/fr\/#website\",\"url\":\"https:\/\/novak-m.com\/fr\/\",\"name\":\"Novak M\",\"description\":\"Novak M | official international webpage | novak-m.com\",\"potentialAction\":[{\"@type\":\"SearchAction\",\"target\":{\"@type\":\"EntryPoint\",\"urlTemplate\":\"https:\/\/novak-m.com\/fr\/?s={search_term_string}\"},\"query-input\":{\"@type\":\"PropertyValueSpecification\",\"valueRequired\":true,\"valueName\":\"search_term_string\"}}],\"inLanguage\":\"sl-SI\"}]}<\/script>\n<!-- \/ Yoast SEO plugin. -->","yoast_head_json":{"title":"Nalo\u017ebe, sofinancirane s strani Republike Slovenije in EU | Novak M","description":"Nalo\u017ebo v e-poslovanje sta sofinancirali Republika Slovenija in Evropska unija iz Evropskega sklada za regionalni razvoj (ESRR).","robots":{"index":"index","follow":"follow","max-snippet":"max-snippet:-1","max-image-preview":"max-image-preview:large","max-video-preview":"max-video-preview:-1"},"canonical":"https:\/\/novak-m.com\/sl\/evropska-unija\/","og_locale":"sl_SI","og_type":"article","og_title":"Nalo\u017ebe, sofinancirane s strani Republike Slovenije in EU | Novak M","og_description":"Nalo\u017ebo v e-poslovanje sta sofinancirali Republika Slovenija in Evropska unija iz Evropskega sklada za regionalni razvoj (ESRR).","og_url":"https:\/\/novak-m.com\/sl\/evropska-unija\/","og_site_name":"Novak-M","article_modified_time":"2024-09-18T10:52:10+00:00","twitter_card":"summary_large_image","twitter_misc":{"Est. reading time":"4 minute"},"schema":{"@context":"https:\/\/schema.org","@graph":[{"@type":"WebPage","@id":"https:\/\/novak-m.com\/sl\/evropska-unija\/","url":"https:\/\/novak-m.com\/sl\/evropska-unija\/","name":"Nalo\u017ebe, sofinancirane s strani Republike Slovenije in EU | Novak M","isPartOf":{"@id":"https:\/\/novak-m.com\/fr\/#website"},"datePublished":"2019-08-14T10:18:54+00:00","dateModified":"2024-09-18T10:52:10+00:00","description":"Nalo\u017ebo v e-poslovanje sta sofinancirali Republika Slovenija in Evropska unija iz Evropskega sklada za regionalni razvoj (ESRR).","breadcrumb":{"@id":"https:\/\/novak-m.com\/sl\/evropska-unija\/#breadcrumb"},"inLanguage":"sl-SI","potentialAction":[{"@type":"ReadAction","target":["https:\/\/novak-m.com\/sl\/evropska-unija\/"]}]},{"@type":"BreadcrumbList","@id":"https:\/\/novak-m.com\/sl\/evropska-unija\/#breadcrumb","itemListElement":[{"@type":"ListItem","position":1,"name":"Home","item":"https:\/\/novak-m.com\/sl\/domov\/"},{"@type":"ListItem","position":2,"name":"Evropska unija"}]},{"@type":"WebSite","@id":"https:\/\/novak-m.com\/fr\/#website","url":"https:\/\/novak-m.com\/fr\/","name":"Novak M","description":"Novak M | official international webpage | novak-m.com","potentialAction":[{"@type":"SearchAction","target":{"@type":"EntryPoint","urlTemplate":"https:\/\/novak-m.com\/fr\/?s={search_term_string}"},"query-input":{"@type":"PropertyValueSpecification","valueRequired":true,"valueName":"search_term_string"}}],"inLanguage":"sl-SI"}]}},"_links":{"self":[{"href":"https:\/\/novak-m.com\/sl\/wp-json\/wp\/v2\/pages\/22636","targetHints":{"allow":["GET"]}}],"collection":[{"href":"https:\/\/novak-m.com\/sl\/wp-json\/wp\/v2\/pages"}],"about":[{"href":"https:\/\/novak-m.com\/sl\/wp-json\/wp\/v2\/types\/page"}],"author":[{"embeddable":true,"href":"https:\/\/novak-m.com\/sl\/wp-json\/wp\/v2\/users\/1"}],"replies":[{"embeddable":true,"href":"https:\/\/novak-m.com\/sl\/wp-json\/wp\/v2\/comments?post=22636"}],"version-history":[{"count":5,"href":"https:\/\/novak-m.com\/sl\/wp-json\/wp\/v2\/pages\/22636\/revisions"}],"predecessor-version":[{"id":100411,"href":"https:\/\/novak-m.com\/sl\/wp-json\/wp\/v2\/pages\/22636\/revisions\/100411"}],"wp:attachment":[{"href":"https:\/\/novak-m.com\/sl\/wp-json\/wp\/v2\/media?parent=22636"}],"curies":[{"name":"wp","href":"https:\/\/api.w.org\/{rel}","templated":true}]}}