{"id":22,"date":"2019-01-03T12:43:25","date_gmt":"2019-01-03T12:43:25","guid":{"rendered":"https:\/\/www.novak-m.com\/?page_id=22"},"modified":"2022-03-11T09:02:25","modified_gmt":"2022-03-11T08:02:25","slug":"blog","status":"publish","type":"page","link":"https:\/\/novak-m.com\/sl\/blog\/","title":{"rendered":"Blog"},"content":{"rendered":"<div id='header-aktualno'  class='avia-section av-jqqnbm02-120d7f117c5cf373af0613096321d657 main_color avia-section-default avia-no-border-styling  avia-builder-el-0  el_before_av_section  avia-builder-el-first  avia-bg-style-scroll container_wrap fullsize'  ><div class='container av-section-cont-open' ><main  role=\"main\" itemprop=\"mainContentOfPage\"  class='template-page content  av-content-full alpha units'><div class='post-entry post-entry-type-page post-entry-22'><div class='entry-content-wrapper clearfix'>\n<section  class='av_textblock_section av-jqqnc303-b626a8d7492df01361e9f25bc4520b6c '   itemscope=\"itemscope\" itemtype=\"https:\/\/schema.org\/CreativeWork\" ><div class='avia_textblock'  itemprop=\"text\" ><h1>Blog<\/h1>\n<\/div><\/section>\n<section  class='av_textblock_section av-jqqnc303-95e5bf9db57ae1e1bba91648f9c040ac '   itemscope=\"itemscope\" itemtype=\"https:\/\/schema.org\/CreativeWork\" ><div class='avia_textblock'  itemprop=\"text\" ><div class=\"wrap_menu_aktualno_meni\"><div class=\"innerhtmlmenu\"><a href=\"https:\/\/novak-m.com\/sl\/blog\/\" class=\"active\">Vse<\/a><a href=\"https:\/\/novak-m.com\/sl\/category\/produkti\/\" class=\"\">Produkti<\/a><a href=\"https:\/\/novak-m.com\/sl\/category\/studija-primera\/\" class=\"\">\u0160tudija primera<\/a><a href=\"https:\/\/novak-m.com\/sl\/category\/novice\/\" class=\"\">Novice<\/a><\/div><\/div>\n<\/div><\/section>\n<\/div><\/div><\/main><!-- close content main element --><\/div><\/div><div id='av_section_2'  class='avia-section av-111i6-639eb20cbbae78fb3c0cf34e1519884a main_color avia-section-default avia-no-border-styling  avia-builder-el-3  el_after_av_section  avia-builder-el-last  aktualno_posts avia-bg-style-scroll container_wrap fullsize'  ><div class='container av-section-cont-open' ><div class='template-page content  av-content-full alpha units'><div class='post-entry post-entry-type-page post-entry-22'><div class='entry-content-wrapper clearfix'>\n<section  class='av_textblock_section av-jqqndm26-76258f4715e146ba3e6041402b71d20b '   itemscope=\"itemscope\" itemtype=\"https:\/\/schema.org\/CreativeWork\" ><div class='avia_textblock'  itemprop=\"text\" ><div class=\"display_posts_wrap\"><div class=\"posts_list\"><div class=\"blog_grid_single blog1\"><div class=\"post_link\"><a class=\"lazy\" href=\"https:\/\/novak-m.com\/sl\/velika-noc\/\" data-bg=\"url(https:\/\/novak-m.com\/wp-content\/uploads\/2025\/04\/Happy-Easter-540x351.webp)\"> <div class=\"post_data\"><div class=\"postcatbubble\">Novice<\/div><h4>Veselo veliko no\u010d!<\/h4><\/div><\/a><\/div><\/div><div class=\"blog_grid_single blog2\"><div class=\"post_link\"><a class=\"lazy\" href=\"https:\/\/novak-m.com\/sl\/operacijska-miza-dnevna-kirurgija\/\" data-bg=\"url(https:\/\/novak-m.com\/wp-content\/uploads\/2026\/03\/OR-table-for-day-surgery-540x351.webp)\"> <div class=\"post_data\"><div class=\"postcatbubble\">Produkti<\/div><h4>Kako izbrati operacijsko mizo za dnevno kirurgijo<\/h4><\/div><\/a><\/div><\/div><div class=\"blog_grid_single blog0\"><div class=\"post_link\"><a class=\"lazy\" href=\"https:\/\/novak-m.com\/sl\/pregledna-miza-proderma\/\" data-bg=\"url(https:\/\/novak-m.com\/wp-content\/uploads\/2026\/03\/Proderma-540x351.webp)\"> <div class=\"post_data\"><div class=\"postcatbubble\">\u0160tudija primera<\/div><h4>Pregledna miza SL v Prodermi<\/h4><\/div><\/a><\/div><\/div><div class=\"blog_grid_single blog1\"><div class=\"post_link\"><a class=\"lazy\" href=\"https:\/\/novak-m.com\/sl\/terapevtska-miza-prilagodljivost\/\" data-bg=\"url(https:\/\/novak-m.com\/wp-content\/uploads\/2026\/03\/Therapy-table_mobility-540x351.webp)\"> <div class=\"post_data\"><div class=\"postcatbubble\">Produkti<\/div><h4>Terapevtska miza: ko prostor zahteva prilagodljivost<\/h4><\/div><\/a><\/div><\/div><div class=\"blog_grid_single blog2\"><div class=\"post_link\"><a class=\"lazy\" href=\"https:\/\/novak-m.com\/sl\/bauchpraxis-terapevtski-stol\/\" data-bg=\"url(https:\/\/novak-m.com\/wp-content\/uploads\/2026\/02\/Die-Bauchpraxis-540x351.webp)\"> <div class=\"post_data\"><div class=\"postcatbubble\">\u0160tudija primera<\/div><h4>Bauchpraxis, \u0160vica: ravnovesje od znotraj<\/h4><\/div><\/a><\/div><\/div><div class=\"blog_grid_single blog0\"><div class=\"post_link\"><a class=\"lazy\" href=\"https:\/\/novak-m.com\/sl\/elektricni-stretcher-ni-omejitev\/\" data-bg=\"url(https:\/\/novak-m.com\/wp-content\/uploads\/2026\/02\/Easy-to-handle-electric-stretcher-540x351.webp)\"> <div class=\"post_data\"><div class=\"postcatbubble\">Produkti<\/div><h4>Zakaj elektri\u010dni stretcher ni omejitev, ampak prednost<\/h4><\/div><\/a><\/div><\/div><div class=\"blog_grid_single blog1\"><div class=\"post_link\"><a class=\"lazy\" href=\"https:\/\/novak-m.com\/sl\/operacijska-miza-urologija-sainovic\/\" data-bg=\"url(https:\/\/novak-m.com\/wp-content\/uploads\/2026\/02\/Urologija-Sainovic-540x351.webp)\"> <div class=\"post_data\"><div class=\"postcatbubble\">\u0160tudija primera<\/div><h4>Operacijska miza Y v Urologiji \u0160ainovi\u0107<\/h4><\/div><\/a><\/div><\/div><div class=\"blog_grid_single blog2\"><div class=\"post_link\"><a class=\"lazy\" href=\"https:\/\/novak-m.com\/sl\/dimenzije-masaznih-miz\/\" data-bg=\"url(https:\/\/novak-m.com\/wp-content\/uploads\/2026\/02\/Massage-table-dimensions-540x351.webp)\"> <div class=\"post_data\"><div class=\"postcatbubble\">Produkti<\/div><h4>Dimenzije masa\u017enih miz \u2013 vse, kar morate vedeti<\/h4><\/div><\/a><\/div><\/div><div class=\"blog_grid_single blog0\"><div class=\"post_link\"><a class=\"lazy\" href=\"https:\/\/novak-m.com\/sl\/opening-days-novak-m-dogodek\/\" data-bg=\"url(https:\/\/novak-m.com\/wp-content\/uploads\/2026\/01\/Opening-days-2026-540x351.webp)\"> <div class=\"post_data\"><div class=\"postcatbubble\">Novice<\/div><h4>Opening days  &#8211; dogodek za na\u0161e zastopnike 2026<\/h4><\/div><\/a><\/div><\/div><div class=\"blog_grid_single blog1\"><div class=\"post_link\"><a class=\"lazy\" href=\"https:\/\/novak-m.com\/sl\/pregledna-miza-za-zdravnisko-ordinacijo\/\" data-bg=\"url(https:\/\/novak-m.com\/wp-content\/uploads\/2026\/01\/choosing-an-exam-table-540x351.webp)\"> <div class=\"post_data\"><div class=\"postcatbubble\">Novice<\/div><h4>Vodi\u010d za izbiro pregledne mize za va\u0161o zdravni\u0161ko ordinacijo<\/h4><\/div><\/a><\/div><\/div><div class=\"blog_grid_single blog2\"><div class=\"post_link\"><a class=\"lazy\" href=\"https:\/\/novak-m.com\/sl\/gastropraxis-stretcher-x2\/\" data-bg=\"url(https:\/\/novak-m.com\/wp-content\/uploads\/2026\/01\/Winterthur-540x351.webp)\"> <div class=\"post_data\"><div class=\"postcatbubble\">\u0160tudija primera<\/div><h4>GastroPraxis am Graben, \u0160vica: Stretcher X2 za bolj\u0161i potek dela<\/h4><\/div><\/a><\/div><\/div><div class=\"blog_grid_single blog0\"><div class=\"post_link\"><a class=\"lazy\" href=\"https:\/\/novak-m.com\/sl\/oblazinjenje-terapevtska-miza\/\" data-bg=\"url(https:\/\/novak-m.com\/wp-content\/uploads\/2026\/01\/menjava-oblazinjenja2-540x351.webp)\"> <div class=\"post_data\"><div class=\"postcatbubble\">Produkti<\/div><h4>Kako se lotiti zamenjave oblazinjenja na terapevtski mizi?<\/h4><\/div><\/a><\/div><\/div><\/div><div class=\"pagination\"><span aria-current=\"page\" class=\"page-numbers current\">1<\/span>\n<a class=\"page-numbers\" href=\"https:\/\/novak-m.com\/sl\/wp-json\/wp\/v2\/pages\/22\/?paged=2\">2<\/a>\n<span class=\"page-numbers dots\">&hellip;<\/span>\n<a class=\"page-numbers\" href=\"https:\/\/novak-m.com\/sl\/wp-json\/wp\/v2\/pages\/22\/?paged=23\">23<\/a>\n<a class=\"next page-numbers\" href=\"https:\/\/novak-m.com\/sl\/wp-json\/wp\/v2\/pages\/22\/?paged=2\"><span class=\"nextpage page-numbers\"><\/span><\/a><\/div><\/div>\n<\/div><\/section>\n<\/p>\n","protected":false},"excerpt":{"rendered":"","protected":false},"author":1,"featured_media":0,"parent":0,"menu_order":0,"comment_status":"closed","ping_status":"closed","template":"","meta":{"_acf_changed":false,"footnotes":""},"class_list":["post-22","page","type-page","status-publish","hentry"],"acf":[],"yoast_head":"<!-- This site is optimized with the Yoast SEO plugin v25.5 - https:\/\/yoast.com\/wordpress\/plugins\/seo\/ -->\n<title>Aktualno | Novak M | the comforts of medicine | novak-m.com<\/title>\n<meta name=\"description\" content=\"Ostanite na teko\u010dem z najnovej\u0161imi trendi in dogajanjem na podro\u010dju inovativnih medicinskih pripomo\u010dkov ter prvi odkrijte novosti v ponudbi Novak M.\" \/>\n<meta name=\"robots\" content=\"index, follow, max-snippet:-1, max-image-preview:large, max-video-preview:-1\" \/>\n<link rel=\"canonical\" href=\"https:\/\/novak-m.com\/sl\/blog\/\" \/>\n<meta property=\"og:locale\" content=\"sl_SI\" \/>\n<meta property=\"og:type\" content=\"article\" \/>\n<meta property=\"og:title\" content=\"Aktualno | Novak M | the comforts of medicine | novak-m.com\" \/>\n<meta property=\"og:description\" content=\"Ostanite na teko\u010dem z najnovej\u0161imi trendi in dogajanjem na podro\u010dju inovativnih medicinskih pripomo\u010dkov ter prvi odkrijte novosti v ponudbi Novak M.\" \/>\n<meta property=\"og:url\" content=\"https:\/\/novak-m.com\/sl\/blog\/\" \/>\n<meta property=\"og:site_name\" content=\"Novak-M\" \/>\n<meta property=\"article:modified_time\" content=\"2022-03-11T08:02:25+00:00\" \/>\n<meta name=\"twitter:card\" content=\"summary_large_image\" \/>\n<meta name=\"twitter:label1\" content=\"Est. reading time\" \/>\n\t<meta name=\"twitter:data1\" content=\"2 minuti\" \/>\n<script type=\"application\/ld+json\" class=\"yoast-schema-graph\">{\"@context\":\"https:\/\/schema.org\",\"@graph\":[{\"@type\":\"WebPage\",\"@id\":\"https:\/\/novak-m.com\/sl\/blog\/\",\"url\":\"https:\/\/novak-m.com\/sl\/blog\/\",\"name\":\"Aktualno | Novak M | the comforts of medicine | novak-m.com\",\"isPartOf\":{\"@id\":\"https:\/\/novak-m.com\/fr\/#website\"},\"datePublished\":\"2019-01-03T12:43:25+00:00\",\"dateModified\":\"2022-03-11T08:02:25+00:00\",\"description\":\"Ostanite na teko\u010dem z najnovej\u0161imi trendi in dogajanjem na podro\u010dju inovativnih medicinskih pripomo\u010dkov ter prvi odkrijte novosti v ponudbi Novak M.\",\"breadcrumb\":{\"@id\":\"https:\/\/novak-m.com\/sl\/blog\/#breadcrumb\"},\"inLanguage\":\"sl-SI\",\"potentialAction\":[{\"@type\":\"ReadAction\",\"target\":[\"https:\/\/novak-m.com\/sl\/blog\/\"]}]},{\"@type\":\"BreadcrumbList\",\"@id\":\"https:\/\/novak-m.com\/sl\/blog\/#breadcrumb\",\"itemListElement\":[{\"@type\":\"ListItem\",\"position\":1,\"name\":\"Home\",\"item\":\"https:\/\/novak-m.com\/sl\/domov\/\"},{\"@type\":\"ListItem\",\"position\":2,\"name\":\"Blog\"}]},{\"@type\":\"WebSite\",\"@id\":\"https:\/\/novak-m.com\/fr\/#website\",\"url\":\"https:\/\/novak-m.com\/fr\/\",\"name\":\"Novak M\",\"description\":\"Novak M | official international webpage | novak-m.com\",\"potentialAction\":[{\"@type\":\"SearchAction\",\"target\":{\"@type\":\"EntryPoint\",\"urlTemplate\":\"https:\/\/novak-m.com\/fr\/?s={search_term_string}\"},\"query-input\":{\"@type\":\"PropertyValueSpecification\",\"valueRequired\":true,\"valueName\":\"search_term_string\"}}],\"inLanguage\":\"sl-SI\"}]}<\/script>\n<!-- \/ Yoast SEO plugin. -->","yoast_head_json":{"title":"Aktualno | Novak M | the comforts of medicine | novak-m.com","description":"Ostanite na teko\u010dem z najnovej\u0161imi trendi in dogajanjem na podro\u010dju inovativnih medicinskih pripomo\u010dkov ter prvi odkrijte novosti v ponudbi Novak M.","robots":{"index":"index","follow":"follow","max-snippet":"max-snippet:-1","max-image-preview":"max-image-preview:large","max-video-preview":"max-video-preview:-1"},"canonical":"https:\/\/novak-m.com\/sl\/blog\/","og_locale":"sl_SI","og_type":"article","og_title":"Aktualno | Novak M | the comforts of medicine | novak-m.com","og_description":"Ostanite na teko\u010dem z najnovej\u0161imi trendi in dogajanjem na podro\u010dju inovativnih medicinskih pripomo\u010dkov ter prvi odkrijte novosti v ponudbi Novak M.","og_url":"https:\/\/novak-m.com\/sl\/blog\/","og_site_name":"Novak-M","article_modified_time":"2022-03-11T08:02:25+00:00","twitter_card":"summary_large_image","twitter_misc":{"Est. reading time":"2 minuti"},"schema":{"@context":"https:\/\/schema.org","@graph":[{"@type":"WebPage","@id":"https:\/\/novak-m.com\/sl\/blog\/","url":"https:\/\/novak-m.com\/sl\/blog\/","name":"Aktualno | Novak M | the comforts of medicine | novak-m.com","isPartOf":{"@id":"https:\/\/novak-m.com\/fr\/#website"},"datePublished":"2019-01-03T12:43:25+00:00","dateModified":"2022-03-11T08:02:25+00:00","description":"Ostanite na teko\u010dem z najnovej\u0161imi trendi in dogajanjem na podro\u010dju inovativnih medicinskih pripomo\u010dkov ter prvi odkrijte novosti v ponudbi Novak M.","breadcrumb":{"@id":"https:\/\/novak-m.com\/sl\/blog\/#breadcrumb"},"inLanguage":"sl-SI","potentialAction":[{"@type":"ReadAction","target":["https:\/\/novak-m.com\/sl\/blog\/"]}]},{"@type":"BreadcrumbList","@id":"https:\/\/novak-m.com\/sl\/blog\/#breadcrumb","itemListElement":[{"@type":"ListItem","position":1,"name":"Home","item":"https:\/\/novak-m.com\/sl\/domov\/"},{"@type":"ListItem","position":2,"name":"Blog"}]},{"@type":"WebSite","@id":"https:\/\/novak-m.com\/fr\/#website","url":"https:\/\/novak-m.com\/fr\/","name":"Novak M","description":"Novak M | official international webpage | novak-m.com","potentialAction":[{"@type":"SearchAction","target":{"@type":"EntryPoint","urlTemplate":"https:\/\/novak-m.com\/fr\/?s={search_term_string}"},"query-input":{"@type":"PropertyValueSpecification","valueRequired":true,"valueName":"search_term_string"}}],"inLanguage":"sl-SI"}]}},"_links":{"self":[{"href":"https:\/\/novak-m.com\/sl\/wp-json\/wp\/v2\/pages\/22","targetHints":{"allow":["GET"]}}],"collection":[{"href":"https:\/\/novak-m.com\/sl\/wp-json\/wp\/v2\/pages"}],"about":[{"href":"https:\/\/novak-m.com\/sl\/wp-json\/wp\/v2\/types\/page"}],"author":[{"embeddable":true,"href":"https:\/\/novak-m.com\/sl\/wp-json\/wp\/v2\/users\/1"}],"replies":[{"embeddable":true,"href":"https:\/\/novak-m.com\/sl\/wp-json\/wp\/v2\/comments?post=22"}],"version-history":[{"count":1,"href":"https:\/\/novak-m.com\/sl\/wp-json\/wp\/v2\/pages\/22\/revisions"}],"predecessor-version":[{"id":114005,"href":"https:\/\/novak-m.com\/sl\/wp-json\/wp\/v2\/pages\/22\/revisions\/114005"}],"wp:attachment":[{"href":"https:\/\/novak-m.com\/sl\/wp-json\/wp\/v2\/media?parent=22"}],"curies":[{"name":"wp","href":"https:\/\/api.w.org\/{rel}","templated":true}]}}