{"id":108778,"date":"2025-08-28T10:00:10","date_gmt":"2025-08-28T08:00:10","guid":{"rendered":"https:\/\/novak-m.com\/?page_id=108778"},"modified":"2026-03-27T13:24:20","modified_gmt":"2026-03-27T12:24:20","slug":"zaposlitev","status":"publish","type":"page","link":"https:\/\/novak-m.com\/sl\/zaposlitev\/","title":{"rendered":"Zaposlitveni koti\u010dek"},"content":{"rendered":"\n<style type=\"text\/css\" data-created_by=\"avia_inline_auto\" id=\"style-css-av-mev37c9e-bbfa43a9e390bc4940af716dd5da1895\">\n.avia-image-container.av-mev37c9e-bbfa43a9e390bc4940af716dd5da1895 img.avia_image{\nbox-shadow:none;\n}\n.avia-image-container.av-mev37c9e-bbfa43a9e390bc4940af716dd5da1895 .av-image-caption-overlay-center{\ncolor:#ffffff;\n}\n<\/style>\n<div  class='avia-image-container av-mev37c9e-bbfa43a9e390bc4940af716dd5da1895 av-styling- avia-align-right  avia-builder-el-0  el_before_av_one_full  avia-builder-el-first '   itemprop=\"image\" itemscope=\"itemscope\" itemtype=\"https:\/\/schema.org\/ImageObject\" ><div class=\"avia-image-container-inner\"><div class=\"avia-image-overlay-wrap\"><img decoding=\"async\" class='wp-image-109237 avia-img-lazy-loading-not-109237 avia_image ' src=\"https:\/\/novak-m.com\/wp-content\/uploads\/2025\/08\/Banner-Novak-M-homepage2.jpg\" alt='' title='Banner Novak M Homepage2'  height=\"191\" width=\"1128\"  itemprop=\"thumbnailUrl\" srcset=\"https:\/\/novak-m.com\/wp-content\/uploads\/2025\/08\/Banner-Novak-M-homepage2.jpg 1128w, https:\/\/novak-m.com\/wp-content\/uploads\/2025\/08\/Banner-Novak-M-homepage2-300x51.jpg 300w, https:\/\/novak-m.com\/wp-content\/uploads\/2025\/08\/Banner-Novak-M-homepage2-1030x174.jpg 1030w, https:\/\/novak-m.com\/wp-content\/uploads\/2025\/08\/Banner-Novak-M-homepage2-768x130.jpg 768w, https:\/\/novak-m.com\/wp-content\/uploads\/2025\/08\/Banner-Novak-M-homepage2-709x120.jpg 709w, https:\/\/novak-m.com\/wp-content\/uploads\/2025\/08\/Banner-Novak-M-homepage2-600x102.jpg 600w\" sizes=\"(max-width: 1128px) 100vw, 1128px\" \/><\/div><\/div><\/div>\n\n<style type=\"text\/css\" data-created_by=\"avia_inline_auto\" id=\"style-css-av-1xo77a-90335ace08dbb798d515cb5583a54b90\">\n.flex_column.av-1xo77a-90335ace08dbb798d515cb5583a54b90{\nborder-radius:0px 0px 0px 0px;\npadding:0px 0px 0px 0px;\n}\n<\/style>\n<div  class='flex_column av-1xo77a-90335ace08dbb798d515cb5583a54b90 av_one_full  avia-builder-el-1  el_after_av_image  el_before_av_one_full  first flex_column_div av-zero-column-padding  '     ><section  class='av_textblock_section av-jzsgnkqi-21675dd9b6232e254e1664400eb38feb '   itemscope=\"itemscope\" itemtype=\"https:\/\/schema.org\/CreativeWork\" ><div class='avia_textblock content-block'  itemprop=\"text\" ><\/div><\/section><\/div>\n\n<style type=\"text\/css\" data-created_by=\"avia_inline_auto\" id=\"style-css-av-drabwmi-1cef20db821032ce19539530f907da9b\">\n.flex_column.av-drabwmi-1cef20db821032ce19539530f907da9b{\nborder-radius:0px 0px 0px 0px;\npadding:0px 0px 0px 0px;\n}\n<\/style>\n<div  class='flex_column av-drabwmi-1cef20db821032ce19539530f907da9b av_one_full  avia-builder-el-3  el_after_av_one_full  el_before_av_one_full  first flex_column_div av-zero-column-padding  column-top-margin'     ><section  class='av_textblock_section av-69ny1be-500a0011ff7e867b706e71723e1b7d1f '   itemscope=\"itemscope\" itemtype=\"https:\/\/schema.org\/CreativeWork\" ><div class='avia_textblock content-block'  itemprop=\"text\" ><h1><\/h1>\n<h1>Postanite del ekipe Novak M!<\/h1>\n<\/div><\/section><\/div>\n\n<style type=\"text\/css\" data-created_by=\"avia_inline_auto\" id=\"style-css-av-jtbxcc-560795fd27a9933fd8b4d7fa1821d933\">\n.flex_column.av-jtbxcc-560795fd27a9933fd8b4d7fa1821d933{\nborder-radius:0px 0px 0px 0px;\npadding:0px 0px 0px 0px;\n}\n<\/style>\n<div  class='flex_column av-jtbxcc-560795fd27a9933fd8b4d7fa1821d933 av_one_full  avia-builder-el-5  el_after_av_one_full  el_before_av_hr  first flex_column_div av-zero-column-padding  column-top-margin'     ><section  class='av_textblock_section av-meifyhch-0ff7adac89fab47108d2f4db28cb6163 '   itemscope=\"itemscope\" itemtype=\"https:\/\/schema.org\/CreativeWork\" ><div class='avia_textblock'  itemprop=\"text\" ><p>V podjetju <strong data-start=\"436\" data-end=\"447\">Novak M<\/strong> verjamemo, da je uspeh rezultat zavzetih in predanih ljudi. \u010ce si \u017eelite ustvarjati prihodnost skupaj z nami, vas vabimo, da preverite na\u0161e aktualne prilo\u017enosti za zaposlitev. Na spodnjem seznamu najdete odprte razpise, kjer za vsak polo\u017eaj lahko preberete ve\u010d podrobnosti in oddate prijavo.<br data-start=\"739\" data-end=\"742\" \/>Veselimo se va\u0161e prijave in morebitnega sodelovanja!<\/p>\n<\/div><\/section><\/div>\n<div  class='hr av-clksoyy-6d71e19246b41348d0f4a31d92a280d5 hr-default  avia-builder-el-7  el_after_av_one_full  el_before_av_textblock '><span class='hr-inner '><span class=\"hr-inner-style\"><\/span><\/span><\/div>\n<section  class='av_textblock_section av-jzay4vd2-0a3a24e84f0b0d3528d0d24b8aede4cd '   itemscope=\"itemscope\" itemtype=\"https:\/\/schema.org\/CreativeWork\" ><div class='avia_textblock content-block'  itemprop=\"text\" ><h3><a href=\"https:\/\/novak-m.com\/sl\/landing\/montaza-zaposlitev\/\"><strong>Prosto delovno mesto v monta\u017ei\u00a0<\/strong><\/a><\/h3>\n<p>V podjetju i\u0161\u010demo sodelavca v <strong>monta\u017ei medicinske opreme<\/strong>. \u010ce si natan\u010den, tehni\u010dno radoveden in ti je pomembno, da stoji\u0161 za izdelkom, ki ima namen, te vabimo v na\u0161o ekipo. Preberi ve\u010d na tej <a href=\"https:\/\/novak-m.com\/sl\/landing\/montaza-zaposlitev\/\"><strong>povezavi<\/strong><\/a>.<\/p>\n<\/div><\/section>\n<div  class='hr av-64oqk8a-bd723cd3752f8122c13bedda0e4987d0 hr-default  avia-builder-el-9  el_after_av_textblock  el_before_av_hr '><span class='hr-inner '><span class=\"hr-inner-style\"><\/span><\/span><\/div>\n<div  class='hr av-8ifr3u2-5323d5e0daa6daeac3e4c3ed06d478e7 hr-default  avia-builder-el-10  el_after_av_hr  avia-builder-el-last '><span class='hr-inner '><span class=\"hr-inner-style\"><\/span><\/span><\/div>\n","protected":false},"excerpt":{"rendered":"","protected":false},"author":3,"featured_media":0,"parent":0,"menu_order":0,"comment_status":"closed","ping_status":"closed","template":"","meta":{"_acf_changed":false,"footnotes":""},"class_list":["post-108778","page","type-page","status-publish","hentry"],"acf":[],"yoast_head":"<!-- This site is optimized with the Yoast SEO plugin v25.5 - https:\/\/yoast.com\/wordpress\/plugins\/seo\/ -->\n<title>Prosta delovna mesta | Novak M<\/title>\n<meta name=\"description\" content=\"Preverite prosta delovna mesta v na\u0161em podjetju Novak M. \u010ce si \u017eelite spodbudno okolje in delo v dobro urbani ekipi, smo pravi naslov za vas.\" \/>\n<meta name=\"robots\" content=\"index, follow, max-snippet:-1, max-image-preview:large, max-video-preview:-1\" \/>\n<link rel=\"canonical\" href=\"https:\/\/novak-m.com\/sl\/zaposlitev\/\" \/>\n<meta property=\"og:locale\" content=\"sl_SI\" \/>\n<meta property=\"og:type\" content=\"article\" \/>\n<meta property=\"og:title\" content=\"Prosta delovna mesta | Novak M\" \/>\n<meta property=\"og:description\" content=\"Preverite prosta delovna mesta v na\u0161em podjetju Novak M. \u010ce si \u017eelite spodbudno okolje in delo v dobro urbani ekipi, smo pravi naslov za vas.\" \/>\n<meta property=\"og:url\" content=\"https:\/\/novak-m.com\/sl\/zaposlitev\/\" \/>\n<meta property=\"og:site_name\" content=\"Novak-M\" \/>\n<meta property=\"article:modified_time\" content=\"2026-03-27T12:24:20+00:00\" \/>\n<meta name=\"twitter:card\" content=\"summary_large_image\" \/>\n<meta name=\"twitter:label1\" content=\"Est. reading time\" \/>\n\t<meta name=\"twitter:data1\" content=\"1 minuta\" \/>\n<script type=\"application\/ld+json\" class=\"yoast-schema-graph\">{\"@context\":\"https:\/\/schema.org\",\"@graph\":[{\"@type\":\"WebPage\",\"@id\":\"https:\/\/novak-m.com\/sl\/zaposlitev\/\",\"url\":\"https:\/\/novak-m.com\/sl\/zaposlitev\/\",\"name\":\"Prosta delovna mesta | Novak M\",\"isPartOf\":{\"@id\":\"https:\/\/novak-m.com\/fr\/#website\"},\"datePublished\":\"2025-08-28T08:00:10+00:00\",\"dateModified\":\"2026-03-27T12:24:20+00:00\",\"description\":\"Preverite prosta delovna mesta v na\u0161em podjetju Novak M. \u010ce si \u017eelite spodbudno okolje in delo v dobro urbani ekipi, smo pravi naslov za vas.\",\"breadcrumb\":{\"@id\":\"https:\/\/novak-m.com\/sl\/zaposlitev\/#breadcrumb\"},\"inLanguage\":\"sl-SI\",\"potentialAction\":[{\"@type\":\"ReadAction\",\"target\":[\"https:\/\/novak-m.com\/sl\/zaposlitev\/\"]}]},{\"@type\":\"BreadcrumbList\",\"@id\":\"https:\/\/novak-m.com\/sl\/zaposlitev\/#breadcrumb\",\"itemListElement\":[{\"@type\":\"ListItem\",\"position\":1,\"name\":\"Home\",\"item\":\"https:\/\/novak-m.com\/sl\/domov\/\"},{\"@type\":\"ListItem\",\"position\":2,\"name\":\"Zaposlitveni koti\u010dek\"}]},{\"@type\":\"WebSite\",\"@id\":\"https:\/\/novak-m.com\/fr\/#website\",\"url\":\"https:\/\/novak-m.com\/fr\/\",\"name\":\"Novak M\",\"description\":\"Novak M | official international webpage | novak-m.com\",\"potentialAction\":[{\"@type\":\"SearchAction\",\"target\":{\"@type\":\"EntryPoint\",\"urlTemplate\":\"https:\/\/novak-m.com\/fr\/?s={search_term_string}\"},\"query-input\":{\"@type\":\"PropertyValueSpecification\",\"valueRequired\":true,\"valueName\":\"search_term_string\"}}],\"inLanguage\":\"sl-SI\"}]}<\/script>\n<!-- \/ Yoast SEO plugin. -->","yoast_head_json":{"title":"Prosta delovna mesta | Novak M","description":"Preverite prosta delovna mesta v na\u0161em podjetju Novak M. \u010ce si \u017eelite spodbudno okolje in delo v dobro urbani ekipi, smo pravi naslov za vas.","robots":{"index":"index","follow":"follow","max-snippet":"max-snippet:-1","max-image-preview":"max-image-preview:large","max-video-preview":"max-video-preview:-1"},"canonical":"https:\/\/novak-m.com\/sl\/zaposlitev\/","og_locale":"sl_SI","og_type":"article","og_title":"Prosta delovna mesta | Novak M","og_description":"Preverite prosta delovna mesta v na\u0161em podjetju Novak M. \u010ce si \u017eelite spodbudno okolje in delo v dobro urbani ekipi, smo pravi naslov za vas.","og_url":"https:\/\/novak-m.com\/sl\/zaposlitev\/","og_site_name":"Novak-M","article_modified_time":"2026-03-27T12:24:20+00:00","twitter_card":"summary_large_image","twitter_misc":{"Est. reading time":"1 minuta"},"schema":{"@context":"https:\/\/schema.org","@graph":[{"@type":"WebPage","@id":"https:\/\/novak-m.com\/sl\/zaposlitev\/","url":"https:\/\/novak-m.com\/sl\/zaposlitev\/","name":"Prosta delovna mesta | Novak M","isPartOf":{"@id":"https:\/\/novak-m.com\/fr\/#website"},"datePublished":"2025-08-28T08:00:10+00:00","dateModified":"2026-03-27T12:24:20+00:00","description":"Preverite prosta delovna mesta v na\u0161em podjetju Novak M. \u010ce si \u017eelite spodbudno okolje in delo v dobro urbani ekipi, smo pravi naslov za vas.","breadcrumb":{"@id":"https:\/\/novak-m.com\/sl\/zaposlitev\/#breadcrumb"},"inLanguage":"sl-SI","potentialAction":[{"@type":"ReadAction","target":["https:\/\/novak-m.com\/sl\/zaposlitev\/"]}]},{"@type":"BreadcrumbList","@id":"https:\/\/novak-m.com\/sl\/zaposlitev\/#breadcrumb","itemListElement":[{"@type":"ListItem","position":1,"name":"Home","item":"https:\/\/novak-m.com\/sl\/domov\/"},{"@type":"ListItem","position":2,"name":"Zaposlitveni koti\u010dek"}]},{"@type":"WebSite","@id":"https:\/\/novak-m.com\/fr\/#website","url":"https:\/\/novak-m.com\/fr\/","name":"Novak M","description":"Novak M | official international webpage | novak-m.com","potentialAction":[{"@type":"SearchAction","target":{"@type":"EntryPoint","urlTemplate":"https:\/\/novak-m.com\/fr\/?s={search_term_string}"},"query-input":{"@type":"PropertyValueSpecification","valueRequired":true,"valueName":"search_term_string"}}],"inLanguage":"sl-SI"}]}},"_links":{"self":[{"href":"https:\/\/novak-m.com\/sl\/wp-json\/wp\/v2\/pages\/108778","targetHints":{"allow":["GET"]}}],"collection":[{"href":"https:\/\/novak-m.com\/sl\/wp-json\/wp\/v2\/pages"}],"about":[{"href":"https:\/\/novak-m.com\/sl\/wp-json\/wp\/v2\/types\/page"}],"author":[{"embeddable":true,"href":"https:\/\/novak-m.com\/sl\/wp-json\/wp\/v2\/users\/3"}],"replies":[{"embeddable":true,"href":"https:\/\/novak-m.com\/sl\/wp-json\/wp\/v2\/comments?post=108778"}],"version-history":[{"count":20,"href":"https:\/\/novak-m.com\/sl\/wp-json\/wp\/v2\/pages\/108778\/revisions"}],"predecessor-version":[{"id":115602,"href":"https:\/\/novak-m.com\/sl\/wp-json\/wp\/v2\/pages\/108778\/revisions\/115602"}],"wp:attachment":[{"href":"https:\/\/novak-m.com\/sl\/wp-json\/wp\/v2\/media?parent=108778"}],"curies":[{"name":"wp","href":"https:\/\/api.w.org\/{rel}","templated":true}]}}