{"id":84733,"date":"2022-10-25T08:03:15","date_gmt":"2022-10-25T06:03:15","guid":{"rendered":"https:\/\/www.novak-m.com\/warranty\/"},"modified":"2023-09-01T12:35:12","modified_gmt":"2023-09-01T10:35:12","slug":"garantie","status":"publish","type":"page","link":"https:\/\/novak-m.com\/nl\/garantie\/","title":{"rendered":"Garantie"},"content":{"rendered":"<div  class='flex_column av-1mlc042-430870d3d32ca44f77806b22e06c428c av_one_third  avia-builder-el-0  el_before_av_one_third  avia-builder-el-first  first flex_column_div  '     ><section  class='av_textblock_section av-ld1k5kf0-633fe59e7eea2820c046a4efbfe6d6e6 '   itemscope=\"itemscope\" itemtype=\"https:\/\/schema.org\/CreativeWork\" ><div class='avia_textblock'  itemprop=\"text\" ><h2><img loading=\"lazy\" decoding=\"async\" class=\"aligncenter wp-image-75013\" src=\"https:\/\/novak-m.com\/wp-content\/uploads\/2023\/01\/3_EN.png\" alt=\"\" width=\"100\" height=\"100\" srcset=\"https:\/\/novak-m.com\/wp-content\/uploads\/2023\/01\/3_EN.png 500w, https:\/\/novak-m.com\/wp-content\/uploads\/2023\/01\/3_EN-300x300.png 300w, https:\/\/novak-m.com\/wp-content\/uploads\/2023\/01\/3_EN-80x80.png 80w, https:\/\/novak-m.com\/wp-content\/uploads\/2023\/01\/3_EN-120x120.png 120w, https:\/\/novak-m.com\/wp-content\/uploads\/2023\/01\/3_EN-36x36.png 36w, https:\/\/novak-m.com\/wp-content\/uploads\/2023\/01\/3_EN-100x100.png 100w\" sizes=\"auto, (max-width: 100px) 100vw, 100px\" \/><\/h2>\n<p style=\"text-align: center;\">3 jaar garantie op prestaties, constructie en alle elektrische onderdelen<\/p>\n<\/div><\/section><\/div>\n<div  class='flex_column av-wiff4i-4d1ff11b035963898e701f6b27fec9b5 av_one_third  avia-builder-el-2  el_after_av_one_third  el_before_av_one_third  flex_column_div  '     ><section  class='av_textblock_section av-ld1k8xae-792ddd5c1e9466f026814145836ae64f '   itemscope=\"itemscope\" itemtype=\"https:\/\/schema.org\/CreativeWork\" ><div class='avia_textblock'  itemprop=\"text\" ><h2><img loading=\"lazy\" decoding=\"async\" class=\"aligncenter wp-image-75049\" src=\"https:\/\/novak-m.com\/wp-content\/uploads\/2023\/01\/12_EN.png\" alt=\"\" width=\"100\" height=\"100\" srcset=\"https:\/\/novak-m.com\/wp-content\/uploads\/2023\/01\/12_EN.png 500w, https:\/\/novak-m.com\/wp-content\/uploads\/2023\/01\/12_EN-300x300.png 300w, https:\/\/novak-m.com\/wp-content\/uploads\/2023\/01\/12_EN-80x80.png 80w, https:\/\/novak-m.com\/wp-content\/uploads\/2023\/01\/12_EN-120x120.png 120w, https:\/\/novak-m.com\/wp-content\/uploads\/2023\/01\/12_EN-36x36.png 36w, https:\/\/novak-m.com\/wp-content\/uploads\/2023\/01\/12_EN-100x100.png 100w\" sizes=\"auto, (max-width: 100px) 100vw, 100px\" \/><\/h2>\n<p style=\"text-align: center;\">12 maanden garantie op bekleding<\/p>\n<\/div><\/section><\/div>\n<div  class='flex_column av-z978du-135a078f2bf01e064ef3246dfecda58b av_one_third  avia-builder-el-4  el_after_av_one_third  el_before_av_textblock  flex_column_div  '     ><section  class='av_textblock_section av-ld1k9sep-daa8f88d653c61eba3d929c04546095f '   itemscope=\"itemscope\" itemtype=\"https:\/\/schema.org\/CreativeWork\" ><div class='avia_textblock'  itemprop=\"text\" ><h2><img loading=\"lazy\" decoding=\"async\" class=\"aligncenter wp-image-75037\" src=\"https:\/\/novak-m.com\/wp-content\/uploads\/2023\/01\/10_EN.png\" alt=\"\" width=\"100\" height=\"100\" srcset=\"https:\/\/novak-m.com\/wp-content\/uploads\/2023\/01\/10_EN.png 500w, https:\/\/novak-m.com\/wp-content\/uploads\/2023\/01\/10_EN-300x300.png 300w, https:\/\/novak-m.com\/wp-content\/uploads\/2023\/01\/10_EN-80x80.png 80w, https:\/\/novak-m.com\/wp-content\/uploads\/2023\/01\/10_EN-120x120.png 120w, https:\/\/novak-m.com\/wp-content\/uploads\/2023\/01\/10_EN-36x36.png 36w, https:\/\/novak-m.com\/wp-content\/uploads\/2023\/01\/10_EN-100x100.png 100w\" sizes=\"auto, (max-width: 100px) 100vw, 100px\" \/><\/h2>\n<p style=\"text-align: center;\">We garanderen de beschikbaarheid van alle reserveonderdelen en bieden 10 jaar reparatieservice.<\/p>\n<\/div><\/section><\/div>\n<section  class='av_textblock_section av-1wk1o36-d43d09272b8a293e62480347430ee7de '   itemscope=\"itemscope\" itemtype=\"https:\/\/schema.org\/CreativeWork\" ><div class='avia_textblock'  itemprop=\"text\" ><h2 style=\"text-align: left;\"><\/h2>\n<h2 style=\"text-align: center;\">Profiteer van een verlengde garantie<\/h2>\n<h2><img loading=\"lazy\" decoding=\"async\" class=\"alignnone wp-image-75025 aligncenter\" src=\"https:\/\/novak-m.com\/wp-content\/uploads\/2023\/01\/31_EN.png\" alt=\"\" width=\"100\" height=\"100\" srcset=\"https:\/\/novak-m.com\/wp-content\/uploads\/2023\/01\/31_EN.png 500w, https:\/\/novak-m.com\/wp-content\/uploads\/2023\/01\/31_EN-300x300.png 300w, https:\/\/novak-m.com\/wp-content\/uploads\/2023\/01\/31_EN-80x80.png 80w, https:\/\/novak-m.com\/wp-content\/uploads\/2023\/01\/31_EN-120x120.png 120w, https:\/\/novak-m.com\/wp-content\/uploads\/2023\/01\/31_EN-36x36.png 36w, https:\/\/novak-m.com\/wp-content\/uploads\/2023\/01\/31_EN-100x100.png 100w\" sizes=\"auto, (max-width: 100px) 100vw, 100px\" \/><\/h2>\n<p style=\"text-align: center;\">Registreer uw product en verleng de garantie op de constructie en elektrische onderdelen van uw product tot 3+1 jaar. Het is ook de beste manier om snel deskundige ondersteuning te krijgen van het Novak M-team.<\/p>\n<p style=\"text-align: center;\"><div style='text-align:center;' class='ow_post_button'><a target='_self' href='https:\/\/novak-m.com\/nl\/registreer\/'>REGISTREER UW PRODUCT<\/a><\/div><\/p>\n<h3 style=\"text-align: left;\">Profiteer van de voordelen van productregistratie:<\/h3>\n<ul style=\"text-align: left;\">\n<li>Verlengde garantie op productprestaties, constructie en elektrische componenten. Het product moet binnen 3 maanden na de datum van aankoop worden geregistreerd.<\/li>\n<li>Registratie maakt het ook gemakkelijker om een afspraak te maken voor reparatieservice. Omdat alle productinformatie op \u00e9\u00e9n plek verzameld is, zal het gesprek met het serviceteam snel, duidelijk en effici\u00ebnt verlopen.<\/li>\n<\/ul>\n<h3>Waarom uw product registreren?<\/h3>\n<ul>\n<li>Verleng uw garantie<\/li>\n<li>Gemakkelijke toegang tot ondersteuning<\/li>\n<li>Snellere serviceaanvraag, langere garantieduur en garantievoorwaarden<\/li>\n<li>Al uw productgegevens op \u00e9\u00e9n plek<\/li>\n<\/ul>\n<h3><strong>Hoe registreert u uw product?<\/strong><\/h3>\n<ol style=\"text-align: left;\">\n<li>Bezoek onze REGISTRATIE-pagina.<\/li>\n<li>Vul de lege ruimtes in.<\/li>\n<li>Klik op de knop REGISTRATIE om de productregistratie te voltooien.<\/li>\n<li>U ontvangt het certificaat van de verlengde garantie binnenkort per e-mail.<\/li>\n<\/ol>\n<div style='text-align:center;' class='ow_post_button'><a target='_self' href='https:\/\/novak-m.com\/nl\/registreer\/'>REGISTREER UW PRODUCT<\/a><\/div>\n<h3>Hulp nodig bij productregistratie?<\/h3>\n<p>Misschien kunt u het antwoord vinden bij de <a href=\"https:\/\/novak-m.com\/nl\/faq\/\"><strong>veelgestelde vragen<\/strong><\/a> of <a href=\"https:\/\/novak-m.com\/nl\/contact\/\"><strong>contact opnemen met onze klantenservice<\/strong><\/a>.<\/p>\n<h2>Hoe maakt u aanspraak op de garantie?<\/h2>\n<p>Om aanspraak te kunnen maken op de productgarantie is de originele factuur nodig. Volg deze link voor meer informatie over de <a href=\"https:\/\/novak-m.com\/nl\/service\/\"><strong>service en hoe u een storing kunt melden<\/strong><\/a>.<\/p>\n<\/div><\/section>\n<div  class='flex_column av-pkwnhu-b14835f9b109699b0157f257541f8c8b av_one_full  avia-builder-el-7  el_after_av_textblock  avia-builder-el-last  first flex_column_div  column-top-margin'     ><\/div>\n","protected":false},"excerpt":{"rendered":"","protected":false},"author":1,"featured_media":81830,"parent":0,"menu_order":0,"comment_status":"closed","ping_status":"closed","template":"template-content-page.php","meta":{"_acf_changed":false,"footnotes":""},"class_list":["post-84733","page","type-page","status-publish","has-post-thumbnail","hentry"],"acf":[],"yoast_head":"<!-- This site is optimized with the Yoast SEO plugin v25.5 - https:\/\/yoast.com\/wordpress\/plugins\/seo\/ -->\n<title>Garantie \u2502 Novak M<\/title>\n<meta name=\"description\" content=\"Novak M biedt 36 maanden garantie op zijn producten. Je kunt de garantie verlengen als je je product registreert. Lees meer...\" \/>\n<meta name=\"robots\" content=\"index, follow, max-snippet:-1, max-image-preview:large, max-video-preview:-1\" \/>\n<link rel=\"canonical\" href=\"https:\/\/novak-m.com\/warranty\/\" \/>\n<meta property=\"og:locale\" content=\"nl_NL\" \/>\n<meta property=\"og:type\" content=\"article\" \/>\n<meta property=\"og:title\" content=\"Garantie \u2502 Novak M\" \/>\n<meta property=\"og:description\" content=\"Novak M biedt 36 maanden garantie op zijn producten. Je kunt de garantie verlengen als je je product registreert. Lees meer...\" \/>\n<meta property=\"og:url\" content=\"https:\/\/novak-m.com\/warranty\/\" \/>\n<meta property=\"og:site_name\" content=\"Novak-M\" \/>\n<meta property=\"article:modified_time\" content=\"2023-09-01T10:35:12+00:00\" \/>\n<meta property=\"og:image\" content=\"https:\/\/novak-m.com\/wp-content\/uploads\/2023\/01\/Warranty.jpg\" \/>\n\t<meta property=\"og:image:width\" content=\"1037\" \/>\n\t<meta property=\"og:image:height\" content=\"929\" \/>\n\t<meta property=\"og:image:type\" content=\"image\/jpeg\" \/>\n<meta name=\"twitter:card\" content=\"summary_large_image\" \/>\n<meta name=\"twitter:label1\" content=\"Geschatte leestijd\" \/>\n\t<meta name=\"twitter:data1\" content=\"5 minuten\" \/>\n<script type=\"application\/ld+json\" class=\"yoast-schema-graph\">{\"@context\":\"https:\/\/schema.org\",\"@graph\":[{\"@type\":\"WebPage\",\"@id\":\"https:\/\/novak-m.com\/warranty\/\",\"url\":\"https:\/\/novak-m.com\/warranty\/\",\"name\":\"Garantie \u2502 Novak M\",\"isPartOf\":{\"@id\":\"https:\/\/novak-m.com\/fr\/#website\"},\"primaryImageOfPage\":{\"@id\":\"https:\/\/novak-m.com\/warranty\/#primaryimage\"},\"image\":{\"@id\":\"https:\/\/novak-m.com\/warranty\/#primaryimage\"},\"thumbnailUrl\":\"https:\/\/novak-m.com\/wp-content\/uploads\/2023\/01\/Warranty.jpg\",\"datePublished\":\"2022-10-25T06:03:15+00:00\",\"dateModified\":\"2023-09-01T10:35:12+00:00\",\"description\":\"Novak M biedt 36 maanden garantie op zijn producten. Je kunt de garantie verlengen als je je product registreert. Lees meer...\",\"breadcrumb\":{\"@id\":\"https:\/\/novak-m.com\/warranty\/#breadcrumb\"},\"inLanguage\":\"nl-NL\",\"potentialAction\":[{\"@type\":\"ReadAction\",\"target\":[\"https:\/\/novak-m.com\/warranty\/\"]}]},{\"@type\":\"ImageObject\",\"inLanguage\":\"nl-NL\",\"@id\":\"https:\/\/novak-m.com\/warranty\/#primaryimage\",\"url\":\"https:\/\/novak-m.com\/wp-content\/uploads\/2023\/01\/Warranty.jpg\",\"contentUrl\":\"https:\/\/novak-m.com\/wp-content\/uploads\/2023\/01\/Warranty.jpg\",\"width\":1037,\"height\":929},{\"@type\":\"BreadcrumbList\",\"@id\":\"https:\/\/novak-m.com\/warranty\/#breadcrumb\",\"itemListElement\":[{\"@type\":\"ListItem\",\"position\":1,\"name\":\"Home\",\"item\":\"https:\/\/novak-m.com\/nl\/home\/\"},{\"@type\":\"ListItem\",\"position\":2,\"name\":\"Garantie\"}]},{\"@type\":\"WebSite\",\"@id\":\"https:\/\/novak-m.com\/fr\/#website\",\"url\":\"https:\/\/novak-m.com\/fr\/\",\"name\":\"Novak M\",\"description\":\"Novak M | official international webpage | novak-m.com\",\"potentialAction\":[{\"@type\":\"SearchAction\",\"target\":{\"@type\":\"EntryPoint\",\"urlTemplate\":\"https:\/\/novak-m.com\/fr\/?s={search_term_string}\"},\"query-input\":{\"@type\":\"PropertyValueSpecification\",\"valueRequired\":true,\"valueName\":\"search_term_string\"}}],\"inLanguage\":\"nl-NL\"}]}<\/script>\n<!-- \/ Yoast SEO plugin. -->","yoast_head_json":{"title":"Garantie \u2502 Novak M","description":"Novak M biedt 36 maanden garantie op zijn producten. Je kunt de garantie verlengen als je je product registreert. Lees meer...","robots":{"index":"index","follow":"follow","max-snippet":"max-snippet:-1","max-image-preview":"max-image-preview:large","max-video-preview":"max-video-preview:-1"},"canonical":"https:\/\/novak-m.com\/warranty\/","og_locale":"nl_NL","og_type":"article","og_title":"Garantie \u2502 Novak M","og_description":"Novak M biedt 36 maanden garantie op zijn producten. Je kunt de garantie verlengen als je je product registreert. Lees meer...","og_url":"https:\/\/novak-m.com\/warranty\/","og_site_name":"Novak-M","article_modified_time":"2023-09-01T10:35:12+00:00","og_image":[{"width":1037,"height":929,"url":"https:\/\/novak-m.com\/wp-content\/uploads\/2023\/01\/Warranty.jpg","type":"image\/jpeg"}],"twitter_card":"summary_large_image","twitter_misc":{"Geschatte leestijd":"5 minuten"},"schema":{"@context":"https:\/\/schema.org","@graph":[{"@type":"WebPage","@id":"https:\/\/novak-m.com\/warranty\/","url":"https:\/\/novak-m.com\/warranty\/","name":"Garantie \u2502 Novak M","isPartOf":{"@id":"https:\/\/novak-m.com\/fr\/#website"},"primaryImageOfPage":{"@id":"https:\/\/novak-m.com\/warranty\/#primaryimage"},"image":{"@id":"https:\/\/novak-m.com\/warranty\/#primaryimage"},"thumbnailUrl":"https:\/\/novak-m.com\/wp-content\/uploads\/2023\/01\/Warranty.jpg","datePublished":"2022-10-25T06:03:15+00:00","dateModified":"2023-09-01T10:35:12+00:00","description":"Novak M biedt 36 maanden garantie op zijn producten. Je kunt de garantie verlengen als je je product registreert. Lees meer...","breadcrumb":{"@id":"https:\/\/novak-m.com\/warranty\/#breadcrumb"},"inLanguage":"nl-NL","potentialAction":[{"@type":"ReadAction","target":["https:\/\/novak-m.com\/warranty\/"]}]},{"@type":"ImageObject","inLanguage":"nl-NL","@id":"https:\/\/novak-m.com\/warranty\/#primaryimage","url":"https:\/\/novak-m.com\/wp-content\/uploads\/2023\/01\/Warranty.jpg","contentUrl":"https:\/\/novak-m.com\/wp-content\/uploads\/2023\/01\/Warranty.jpg","width":1037,"height":929},{"@type":"BreadcrumbList","@id":"https:\/\/novak-m.com\/warranty\/#breadcrumb","itemListElement":[{"@type":"ListItem","position":1,"name":"Home","item":"https:\/\/novak-m.com\/nl\/home\/"},{"@type":"ListItem","position":2,"name":"Garantie"}]},{"@type":"WebSite","@id":"https:\/\/novak-m.com\/fr\/#website","url":"https:\/\/novak-m.com\/fr\/","name":"Novak M","description":"Novak M | official international webpage | novak-m.com","potentialAction":[{"@type":"SearchAction","target":{"@type":"EntryPoint","urlTemplate":"https:\/\/novak-m.com\/fr\/?s={search_term_string}"},"query-input":{"@type":"PropertyValueSpecification","valueRequired":true,"valueName":"search_term_string"}}],"inLanguage":"nl-NL"}]}},"_links":{"self":[{"href":"https:\/\/novak-m.com\/nl\/wp-json\/wp\/v2\/pages\/84733","targetHints":{"allow":["GET"]}}],"collection":[{"href":"https:\/\/novak-m.com\/nl\/wp-json\/wp\/v2\/pages"}],"about":[{"href":"https:\/\/novak-m.com\/nl\/wp-json\/wp\/v2\/types\/page"}],"author":[{"embeddable":true,"href":"https:\/\/novak-m.com\/nl\/wp-json\/wp\/v2\/users\/1"}],"replies":[{"embeddable":true,"href":"https:\/\/novak-m.com\/nl\/wp-json\/wp\/v2\/comments?post=84733"}],"version-history":[{"count":0,"href":"https:\/\/novak-m.com\/nl\/wp-json\/wp\/v2\/pages\/84733\/revisions"}],"wp:featuredmedia":[{"embeddable":true,"href":"https:\/\/novak-m.com\/nl\/wp-json\/wp\/v2\/media\/81830"}],"wp:attachment":[{"href":"https:\/\/novak-m.com\/nl\/wp-json\/wp\/v2\/media?parent=84733"}],"curies":[{"name":"wp","href":"https:\/\/api.w.org\/{rel}","templated":true}]}}