{"id":82429,"date":"2023-06-07T10:09:05","date_gmt":"2023-06-07T08:09:05","guid":{"rendered":"https:\/\/www.novak-m.com\/configurator-examination-tables\/"},"modified":"2023-08-03T09:35:29","modified_gmt":"2023-08-03T07:35:29","slug":"konfigurator-pregledni-stolovi","status":"publish","type":"page","link":"https:\/\/novak-m.com\/hr\/konfigurator-pregledni-stolovi\/","title":{"rendered":"Configurator \u2013 examination tables"},"content":{"rendered":"","protected":false},"excerpt":{"rendered":"","protected":false},"author":1,"featured_media":0,"parent":0,"menu_order":0,"comment_status":"closed","ping_status":"closed","template":"template-konfigurator.php","meta":{"_acf_changed":false,"footnotes":""},"class_list":["post-82429","page","type-page","status-publish","hentry"],"acf":[],"yoast_head":"<!-- This site is optimized with the Yoast SEO plugin v25.5 - https:\/\/yoast.com\/wordpress\/plugins\/seo\/ -->\n<title>Konfigurirajte pregledni stol za svoj posao! | Novak M<\/title>\n<meta name=\"description\" content=\"Odaberite model preglednog stola koji \u0107e zadovoljiti Va\u0161e potrebe tijekom pregleda i tretmana u Va\u0161oj ordinaciji.\" \/>\n<meta name=\"robots\" content=\"index, follow, max-snippet:-1, max-image-preview:large, max-video-preview:-1\" \/>\n<link rel=\"canonical\" href=\"https:\/\/novak-m.com\/configurator-examination-tables\/\" \/>\n<meta property=\"og:locale\" content=\"hr_HR\" \/>\n<meta property=\"og:type\" content=\"article\" \/>\n<meta property=\"og:title\" content=\"Konfigurirajte pregledni stol za svoj posao! | Novak M\" \/>\n<meta property=\"og:description\" content=\"Odaberite model preglednog stola koji \u0107e zadovoljiti Va\u0161e potrebe tijekom pregleda i tretmana u Va\u0161oj ordinaciji.\" \/>\n<meta property=\"og:url\" content=\"https:\/\/novak-m.com\/configurator-examination-tables\/\" \/>\n<meta property=\"og:site_name\" content=\"Novak-M\" \/>\n<meta property=\"article:modified_time\" content=\"2023-08-03T07:35:29+00:00\" \/>\n<meta name=\"twitter:card\" content=\"summary_large_image\" \/>\n<script type=\"application\/ld+json\" class=\"yoast-schema-graph\">{\"@context\":\"https:\/\/schema.org\",\"@graph\":[{\"@type\":\"WebPage\",\"@id\":\"https:\/\/novak-m.com\/configurator-examination-tables\/\",\"url\":\"https:\/\/novak-m.com\/configurator-examination-tables\/\",\"name\":\"Konfigurirajte pregledni stol za svoj posao! | Novak M\",\"isPartOf\":{\"@id\":\"https:\/\/novak-m.com\/fr\/#website\"},\"datePublished\":\"2023-06-07T08:09:05+00:00\",\"dateModified\":\"2023-08-03T07:35:29+00:00\",\"description\":\"Odaberite model preglednog stola koji \u0107e zadovoljiti Va\u0161e potrebe tijekom pregleda i tretmana u Va\u0161oj ordinaciji.\",\"breadcrumb\":{\"@id\":\"https:\/\/novak-m.com\/configurator-examination-tables\/#breadcrumb\"},\"inLanguage\":\"hr-HR\",\"potentialAction\":[{\"@type\":\"ReadAction\",\"target\":[\"https:\/\/novak-m.com\/configurator-examination-tables\/\"]}]},{\"@type\":\"BreadcrumbList\",\"@id\":\"https:\/\/novak-m.com\/configurator-examination-tables\/#breadcrumb\",\"itemListElement\":[{\"@type\":\"ListItem\",\"position\":1,\"name\":\"Home\",\"item\":\"https:\/\/novak-m.com\/hr\/home\/\"},{\"@type\":\"ListItem\",\"position\":2,\"name\":\"Configurator \u2013 examination tables\"}]},{\"@type\":\"WebSite\",\"@id\":\"https:\/\/novak-m.com\/fr\/#website\",\"url\":\"https:\/\/novak-m.com\/fr\/\",\"name\":\"Novak M\",\"description\":\"Novak M | official international webpage | novak-m.com\",\"potentialAction\":[{\"@type\":\"SearchAction\",\"target\":{\"@type\":\"EntryPoint\",\"urlTemplate\":\"https:\/\/novak-m.com\/fr\/?s={search_term_string}\"},\"query-input\":{\"@type\":\"PropertyValueSpecification\",\"valueRequired\":true,\"valueName\":\"search_term_string\"}}],\"inLanguage\":\"hr-HR\"}]}<\/script>\n<!-- \/ Yoast SEO plugin. -->","yoast_head_json":{"title":"Konfigurirajte pregledni stol za svoj posao! | Novak M","description":"Odaberite model preglednog stola koji \u0107e zadovoljiti Va\u0161e potrebe tijekom pregleda i tretmana u Va\u0161oj ordinaciji.","robots":{"index":"index","follow":"follow","max-snippet":"max-snippet:-1","max-image-preview":"max-image-preview:large","max-video-preview":"max-video-preview:-1"},"canonical":"https:\/\/novak-m.com\/configurator-examination-tables\/","og_locale":"hr_HR","og_type":"article","og_title":"Konfigurirajte pregledni stol za svoj posao! | Novak M","og_description":"Odaberite model preglednog stola koji \u0107e zadovoljiti Va\u0161e potrebe tijekom pregleda i tretmana u Va\u0161oj ordinaciji.","og_url":"https:\/\/novak-m.com\/configurator-examination-tables\/","og_site_name":"Novak-M","article_modified_time":"2023-08-03T07:35:29+00:00","twitter_card":"summary_large_image","schema":{"@context":"https:\/\/schema.org","@graph":[{"@type":"WebPage","@id":"https:\/\/novak-m.com\/configurator-examination-tables\/","url":"https:\/\/novak-m.com\/configurator-examination-tables\/","name":"Konfigurirajte pregledni stol za svoj posao! | Novak M","isPartOf":{"@id":"https:\/\/novak-m.com\/fr\/#website"},"datePublished":"2023-06-07T08:09:05+00:00","dateModified":"2023-08-03T07:35:29+00:00","description":"Odaberite model preglednog stola koji \u0107e zadovoljiti Va\u0161e potrebe tijekom pregleda i tretmana u Va\u0161oj ordinaciji.","breadcrumb":{"@id":"https:\/\/novak-m.com\/configurator-examination-tables\/#breadcrumb"},"inLanguage":"hr-HR","potentialAction":[{"@type":"ReadAction","target":["https:\/\/novak-m.com\/configurator-examination-tables\/"]}]},{"@type":"BreadcrumbList","@id":"https:\/\/novak-m.com\/configurator-examination-tables\/#breadcrumb","itemListElement":[{"@type":"ListItem","position":1,"name":"Home","item":"https:\/\/novak-m.com\/hr\/home\/"},{"@type":"ListItem","position":2,"name":"Configurator \u2013 examination tables"}]},{"@type":"WebSite","@id":"https:\/\/novak-m.com\/fr\/#website","url":"https:\/\/novak-m.com\/fr\/","name":"Novak M","description":"Novak M | official international webpage | novak-m.com","potentialAction":[{"@type":"SearchAction","target":{"@type":"EntryPoint","urlTemplate":"https:\/\/novak-m.com\/fr\/?s={search_term_string}"},"query-input":{"@type":"PropertyValueSpecification","valueRequired":true,"valueName":"search_term_string"}}],"inLanguage":"hr-HR"}]}},"_links":{"self":[{"href":"https:\/\/novak-m.com\/hr\/wp-json\/wp\/v2\/pages\/82429","targetHints":{"allow":["GET"]}}],"collection":[{"href":"https:\/\/novak-m.com\/hr\/wp-json\/wp\/v2\/pages"}],"about":[{"href":"https:\/\/novak-m.com\/hr\/wp-json\/wp\/v2\/types\/page"}],"author":[{"embeddable":true,"href":"https:\/\/novak-m.com\/hr\/wp-json\/wp\/v2\/users\/1"}],"replies":[{"embeddable":true,"href":"https:\/\/novak-m.com\/hr\/wp-json\/wp\/v2\/comments?post=82429"}],"version-history":[{"count":1,"href":"https:\/\/novak-m.com\/hr\/wp-json\/wp\/v2\/pages\/82429\/revisions"}],"predecessor-version":[{"id":96556,"href":"https:\/\/novak-m.com\/hr\/wp-json\/wp\/v2\/pages\/82429\/revisions\/96556"}],"wp:attachment":[{"href":"https:\/\/novak-m.com\/hr\/wp-json\/wp\/v2\/media?parent=82429"}],"curies":[{"name":"wp","href":"https:\/\/api.w.org\/{rel}","templated":true}]}}