{"id":76292,"date":"2023-01-13T11:40:54","date_gmt":"2023-01-13T10:40:54","guid":{"rendered":"https:\/\/www.novak-m.com\/servis\/"},"modified":"2025-12-18T11:47:09","modified_gmt":"2025-12-18T10:47:09","slug":"servis","status":"publish","type":"page","link":"https:\/\/novak-m.com\/hr\/servis\/","title":{"rendered":"Servis"},"content":{"rendered":"<section  class='av_textblock_section av-2jfv7p4-2f8f87ef2fbf0efc53bb622f561ce220 '   itemscope=\"itemscope\" itemtype=\"https:\/\/schema.org\/CreativeWork\" ><div class='avia_textblock'  itemprop=\"text\" ><h2>Zadovoljstvo upotrebom na\u0161ih proizvoda na\u0161 je prvi prioritet!<\/h2>\n<p>Ako va\u0161em Novak M proizvodu treba popravak, obratite se svojem distributeru i dogovorite termin servisa. Kliknite ovdje za popis na\u0161ih predstavnika u vi\u0161e od 20 zemalja diljem svijeta.<\/p>\n<h2>Kako se pripremiti za termin servisa<\/h2>\n<p>Prona\u0111ite srebrnu naljepnicu na svojem proizvodu. Na srebrnoj naljepnici navedeni su klju\u010dni podaci o proizvodu kao \u0161to su:<\/p>\n<p>&#8211; model<\/p>\n<p>&#8211; naziv proizvoda<\/p>\n<p>&#8211; serijski broj proizvoda<\/p>\n<p>&#8211; mjesec i godina proizvodnje<\/p>\n<p>Ti podaci servisnom timu omogu\u0107uju da u\u0111e u trag va\u0161im proizvodima i poma\u017ee im identificirati kvar te vam pru\u017eiti odgovaraju\u0107u uslugu popravka.<\/p>\n<p>Ako niste sigurni jesu li va\u0161i proizvodi jo\u0161 uvijek pokriveni jamstvom, vi\u0161e o <a href=\"https:\/\/novak-m.com\/hr\/jamstvo\/\"><strong>jamstvenim uvjetima <\/strong><\/a>pro\u010ditajte ovdje.<\/p>\n<h2>Gdje se nalazi srebrna naljepnica?<\/h2>\n<p><img loading=\"lazy\" decoding=\"async\" class=\"alignnone wp-image-75552\" src=\"https:\/\/novak-m.com\/wp-content\/uploads\/2023\/02\/ETS4_servis.jpg\" alt=\"\" width=\"136\" height=\"88\" \/> <img loading=\"lazy\" decoding=\"async\" class=\"alignnone wp-image-75558\" src=\"https:\/\/novak-m.com\/wp-content\/uploads\/2023\/02\/X2_servis.jpg\" alt=\"\" width=\"158\" height=\"88\" \/> <img loading=\"lazy\" decoding=\"async\" class=\"alignnone wp-image-75564\" src=\"https:\/\/novak-m.com\/wp-content\/uploads\/2023\/02\/TCZ_servis.jpg\" alt=\"\" width=\"126\" height=\"98\" \/> <img loading=\"lazy\" decoding=\"async\" class=\"alignnone wp-image-75546\" src=\"https:\/\/novak-m.com\/wp-content\/uploads\/2023\/02\/BON_servis.jpg\" alt=\"\" width=\"125\" height=\"102\" \/><\/p>\n<h2>Primeri srebrnih nalepk:<\/h2>\n<p><img loading=\"lazy\" decoding=\"async\" class=\"alignnone wp-image-113098\" src=\"https:\/\/novak-m.com\/wp-content\/uploads\/2025\/12\/Tablica_electric-scaled.jpg\" alt=\"\" width=\"311\" height=\"131\" srcset=\"https:\/\/novak-m.com\/wp-content\/uploads\/2025\/12\/Tablica_electric-scaled.jpg 2560w, https:\/\/novak-m.com\/wp-content\/uploads\/2025\/12\/Tablica_electric-300x126.jpg 300w, https:\/\/novak-m.com\/wp-content\/uploads\/2025\/12\/Tablica_electric-1030x433.jpg 1030w, https:\/\/novak-m.com\/wp-content\/uploads\/2025\/12\/Tablica_electric-768x323.jpg 768w, https:\/\/novak-m.com\/wp-content\/uploads\/2025\/12\/Tablica_electric-286x120.jpg 286w, https:\/\/novak-m.com\/wp-content\/uploads\/2025\/12\/Tablica_electric-1536x645.jpg 1536w, https:\/\/novak-m.com\/wp-content\/uploads\/2025\/12\/Tablica_electric-2048x861.jpg 2048w, https:\/\/novak-m.com\/wp-content\/uploads\/2025\/12\/Tablica_electric-1500x630.jpg 1500w, https:\/\/novak-m.com\/wp-content\/uploads\/2025\/12\/Tablica_electric-600x252.jpg 600w\" sizes=\"auto, (max-width: 311px) 100vw, 311px\" \/>\u00a0<img loading=\"lazy\" decoding=\"async\" class=\"alignnone wp-image-75152\" src=\"https:\/\/novak-m.com\/wp-content\/uploads\/2023\/01\/tablica-PMSL.jpg\" alt=\"\" width=\"251\" height=\"131\" srcset=\"https:\/\/novak-m.com\/wp-content\/uploads\/2023\/01\/tablica-PMSL.jpg 2315w, https:\/\/novak-m.com\/wp-content\/uploads\/2023\/01\/tablica-PMSL-300x156.jpg 300w, https:\/\/novak-m.com\/wp-content\/uploads\/2023\/01\/tablica-PMSL-1030x537.jpg 1030w, https:\/\/novak-m.com\/wp-content\/uploads\/2023\/01\/tablica-PMSL-768x400.jpg 768w, https:\/\/novak-m.com\/wp-content\/uploads\/2023\/01\/tablica-PMSL-230x120.jpg 230w, https:\/\/novak-m.com\/wp-content\/uploads\/2023\/01\/tablica-PMSL-212x110.jpg 212w, https:\/\/novak-m.com\/wp-content\/uploads\/2023\/01\/tablica-PMSL-1536x800.jpg 1536w, https:\/\/novak-m.com\/wp-content\/uploads\/2023\/01\/tablica-PMSL-2048x1067.jpg 2048w, https:\/\/novak-m.com\/wp-content\/uploads\/2023\/01\/tablica-PMSL-1500x781.jpg 1500w, https:\/\/novak-m.com\/wp-content\/uploads\/2023\/01\/tablica-PMSL-600x313.jpg 600w\" sizes=\"auto, (max-width: 251px) 100vw, 251px\" \/><\/p>\n<h2><\/h2>\n<h2><\/h2>\n<h2><\/h2>\n<h2>Problem s ru\u010dnim prekida\u010dem mo\u017eete rije\u0161iti sami<\/h2>\n<p>Ako se pri upotrebi ru\u010dnog prekida\u010da javljaju neuobi\u010dajeni zvu\u010dni signali, a stol se ne podi\u017ee ili spu\u0161ta u \u017eeljeni polo\u017eaj, provedite postupak pokretanja motora. Postupak na\u0111ete u Uputi za upotrebu.<\/p>\n<p>Ako se problem nastavi, najvjerojatnije je do\u0161lo do pogre\u0161ke. Za servis se obratite<strong><a href=\"https:\/\/novak-m.com\/hr\/prodajna-mreza\/\"> svojem distributeru<\/a><\/strong>!<\/p>\n<\/div><\/section>\n","protected":false},"excerpt":{"rendered":"","protected":false},"author":5,"featured_media":75312,"parent":0,"menu_order":0,"comment_status":"closed","ping_status":"closed","template":"template-content-page.php","meta":{"_acf_changed":false,"footnotes":""},"class_list":["post-76292","page","type-page","status-publish","has-post-thumbnail","hentry"],"acf":[],"yoast_head":"<!-- This site is optimized with the Yoast SEO plugin v25.5 - https:\/\/yoast.com\/wordpress\/plugins\/seo\/ -->\n<title>Sve o usluzi na\u0161ih proizvoda\u2502Novak M<\/title>\n<meta name=\"description\" content=\"Trebate servis za na\u0161 proizvod? Sve va\u0161e informacije o uslugama prikupljene su na jednom mjestu. \u010citaj vi\u0161e.\" \/>\n<meta name=\"robots\" content=\"index, follow, max-snippet:-1, max-image-preview:large, max-video-preview:-1\" \/>\n<link rel=\"canonical\" href=\"https:\/\/novak-m.com\/hr\/servis\/\" \/>\n<meta property=\"og:locale\" content=\"hr_HR\" \/>\n<meta property=\"og:type\" content=\"article\" \/>\n<meta property=\"og:title\" content=\"Sve o usluzi na\u0161ih proizvoda\u2502Novak M\" \/>\n<meta property=\"og:description\" content=\"Trebate servis za na\u0161 proizvod? Sve va\u0161e informacije o uslugama prikupljene su na jednom mjestu. \u010citaj vi\u0161e.\" \/>\n<meta property=\"og:url\" content=\"https:\/\/novak-m.com\/hr\/servis\/\" \/>\n<meta property=\"og:site_name\" content=\"Novak-M\" \/>\n<meta property=\"article:modified_time\" content=\"2025-12-18T10:47:09+00:00\" \/>\n<meta property=\"og:image\" content=\"https:\/\/novak-m.com\/wp-content\/uploads\/2023\/01\/servis_stran.jpg\" \/>\n\t<meta property=\"og:image:width\" content=\"1037\" \/>\n\t<meta property=\"og:image:height\" content=\"929\" \/>\n\t<meta property=\"og:image:type\" content=\"image\/jpeg\" \/>\n<meta name=\"twitter:card\" content=\"summary_large_image\" \/>\n<meta name=\"twitter:label1\" content=\"Est. reading time\" \/>\n\t<meta name=\"twitter:data1\" content=\"2 minutes\" \/>\n<script type=\"application\/ld+json\" class=\"yoast-schema-graph\">{\"@context\":\"https:\/\/schema.org\",\"@graph\":[{\"@type\":\"WebPage\",\"@id\":\"https:\/\/novak-m.com\/hr\/servis\/\",\"url\":\"https:\/\/novak-m.com\/hr\/servis\/\",\"name\":\"Sve o usluzi na\u0161ih proizvoda\u2502Novak M\",\"isPartOf\":{\"@id\":\"https:\/\/novak-m.com\/fr\/#website\"},\"primaryImageOfPage\":{\"@id\":\"https:\/\/novak-m.com\/hr\/servis\/#primaryimage\"},\"image\":{\"@id\":\"https:\/\/novak-m.com\/hr\/servis\/#primaryimage\"},\"thumbnailUrl\":\"https:\/\/novak-m.com\/wp-content\/uploads\/2023\/01\/servis_stran.jpg\",\"datePublished\":\"2023-01-13T10:40:54+00:00\",\"dateModified\":\"2025-12-18T10:47:09+00:00\",\"description\":\"Trebate servis za na\u0161 proizvod? Sve va\u0161e informacije o uslugama prikupljene su na jednom mjestu. \u010citaj vi\u0161e.\",\"breadcrumb\":{\"@id\":\"https:\/\/novak-m.com\/hr\/servis\/#breadcrumb\"},\"inLanguage\":\"hr-HR\",\"potentialAction\":[{\"@type\":\"ReadAction\",\"target\":[\"https:\/\/novak-m.com\/hr\/servis\/\"]}]},{\"@type\":\"ImageObject\",\"inLanguage\":\"hr-HR\",\"@id\":\"https:\/\/novak-m.com\/hr\/servis\/#primaryimage\",\"url\":\"https:\/\/novak-m.com\/wp-content\/uploads\/2023\/01\/servis_stran.jpg\",\"contentUrl\":\"https:\/\/novak-m.com\/wp-content\/uploads\/2023\/01\/servis_stran.jpg\",\"width\":1037,\"height\":929,\"caption\":\"technician on his way to service\"},{\"@type\":\"BreadcrumbList\",\"@id\":\"https:\/\/novak-m.com\/hr\/servis\/#breadcrumb\",\"itemListElement\":[{\"@type\":\"ListItem\",\"position\":1,\"name\":\"Home\",\"item\":\"https:\/\/novak-m.com\/hr\/home\/\"},{\"@type\":\"ListItem\",\"position\":2,\"name\":\"Servis\"}]},{\"@type\":\"WebSite\",\"@id\":\"https:\/\/novak-m.com\/fr\/#website\",\"url\":\"https:\/\/novak-m.com\/fr\/\",\"name\":\"Novak M\",\"description\":\"Novak M | official international webpage | novak-m.com\",\"potentialAction\":[{\"@type\":\"SearchAction\",\"target\":{\"@type\":\"EntryPoint\",\"urlTemplate\":\"https:\/\/novak-m.com\/fr\/?s={search_term_string}\"},\"query-input\":{\"@type\":\"PropertyValueSpecification\",\"valueRequired\":true,\"valueName\":\"search_term_string\"}}],\"inLanguage\":\"hr-HR\"}]}<\/script>\n<!-- \/ Yoast SEO plugin. -->","yoast_head_json":{"title":"Sve o usluzi na\u0161ih proizvoda\u2502Novak M","description":"Trebate servis za na\u0161 proizvod? Sve va\u0161e informacije o uslugama prikupljene su na jednom mjestu. \u010citaj vi\u0161e.","robots":{"index":"index","follow":"follow","max-snippet":"max-snippet:-1","max-image-preview":"max-image-preview:large","max-video-preview":"max-video-preview:-1"},"canonical":"https:\/\/novak-m.com\/hr\/servis\/","og_locale":"hr_HR","og_type":"article","og_title":"Sve o usluzi na\u0161ih proizvoda\u2502Novak M","og_description":"Trebate servis za na\u0161 proizvod? Sve va\u0161e informacije o uslugama prikupljene su na jednom mjestu. \u010citaj vi\u0161e.","og_url":"https:\/\/novak-m.com\/hr\/servis\/","og_site_name":"Novak-M","article_modified_time":"2025-12-18T10:47:09+00:00","og_image":[{"width":1037,"height":929,"url":"https:\/\/novak-m.com\/wp-content\/uploads\/2023\/01\/servis_stran.jpg","type":"image\/jpeg"}],"twitter_card":"summary_large_image","twitter_misc":{"Est. reading time":"2 minutes"},"schema":{"@context":"https:\/\/schema.org","@graph":[{"@type":"WebPage","@id":"https:\/\/novak-m.com\/hr\/servis\/","url":"https:\/\/novak-m.com\/hr\/servis\/","name":"Sve o usluzi na\u0161ih proizvoda\u2502Novak M","isPartOf":{"@id":"https:\/\/novak-m.com\/fr\/#website"},"primaryImageOfPage":{"@id":"https:\/\/novak-m.com\/hr\/servis\/#primaryimage"},"image":{"@id":"https:\/\/novak-m.com\/hr\/servis\/#primaryimage"},"thumbnailUrl":"https:\/\/novak-m.com\/wp-content\/uploads\/2023\/01\/servis_stran.jpg","datePublished":"2023-01-13T10:40:54+00:00","dateModified":"2025-12-18T10:47:09+00:00","description":"Trebate servis za na\u0161 proizvod? Sve va\u0161e informacije o uslugama prikupljene su na jednom mjestu. \u010citaj vi\u0161e.","breadcrumb":{"@id":"https:\/\/novak-m.com\/hr\/servis\/#breadcrumb"},"inLanguage":"hr-HR","potentialAction":[{"@type":"ReadAction","target":["https:\/\/novak-m.com\/hr\/servis\/"]}]},{"@type":"ImageObject","inLanguage":"hr-HR","@id":"https:\/\/novak-m.com\/hr\/servis\/#primaryimage","url":"https:\/\/novak-m.com\/wp-content\/uploads\/2023\/01\/servis_stran.jpg","contentUrl":"https:\/\/novak-m.com\/wp-content\/uploads\/2023\/01\/servis_stran.jpg","width":1037,"height":929,"caption":"technician on his way to service"},{"@type":"BreadcrumbList","@id":"https:\/\/novak-m.com\/hr\/servis\/#breadcrumb","itemListElement":[{"@type":"ListItem","position":1,"name":"Home","item":"https:\/\/novak-m.com\/hr\/home\/"},{"@type":"ListItem","position":2,"name":"Servis"}]},{"@type":"WebSite","@id":"https:\/\/novak-m.com\/fr\/#website","url":"https:\/\/novak-m.com\/fr\/","name":"Novak M","description":"Novak M | official international webpage | novak-m.com","potentialAction":[{"@type":"SearchAction","target":{"@type":"EntryPoint","urlTemplate":"https:\/\/novak-m.com\/fr\/?s={search_term_string}"},"query-input":{"@type":"PropertyValueSpecification","valueRequired":true,"valueName":"search_term_string"}}],"inLanguage":"hr-HR"}]}},"_links":{"self":[{"href":"https:\/\/novak-m.com\/hr\/wp-json\/wp\/v2\/pages\/76292","targetHints":{"allow":["GET"]}}],"collection":[{"href":"https:\/\/novak-m.com\/hr\/wp-json\/wp\/v2\/pages"}],"about":[{"href":"https:\/\/novak-m.com\/hr\/wp-json\/wp\/v2\/types\/page"}],"author":[{"embeddable":true,"href":"https:\/\/novak-m.com\/hr\/wp-json\/wp\/v2\/users\/5"}],"replies":[{"embeddable":true,"href":"https:\/\/novak-m.com\/hr\/wp-json\/wp\/v2\/comments?post=76292"}],"version-history":[{"count":4,"href":"https:\/\/novak-m.com\/hr\/wp-json\/wp\/v2\/pages\/76292\/revisions"}],"predecessor-version":[{"id":113149,"href":"https:\/\/novak-m.com\/hr\/wp-json\/wp\/v2\/pages\/76292\/revisions\/113149"}],"wp:featuredmedia":[{"embeddable":true,"href":"https:\/\/novak-m.com\/hr\/wp-json\/wp\/v2\/media\/75312"}],"wp:attachment":[{"href":"https:\/\/novak-m.com\/hr\/wp-json\/wp\/v2\/media?parent=76292"}],"curies":[{"name":"wp","href":"https:\/\/api.w.org\/{rel}","templated":true}]}}