{"id":76236,"date":"2022-10-25T08:03:15","date_gmt":"2022-10-25T06:03:15","guid":{"rendered":"https:\/\/www.novak-m.com\/garancija\/"},"modified":"2023-06-13T10:14:39","modified_gmt":"2023-06-13T08:14:39","slug":"jamstvo","status":"publish","type":"page","link":"https:\/\/novak-m.com\/hr\/jamstvo\/","title":{"rendered":"Jamstvo"},"content":{"rendered":"<div  class='flex_column av-1mlc042-430870d3d32ca44f77806b22e06c428c av_one_third  avia-builder-el-0  el_before_av_one_third  avia-builder-el-first  first flex_column_div  '     ><section  class='av_textblock_section av-ld1k5kf0-633fe59e7eea2820c046a4efbfe6d6e6 '   itemscope=\"itemscope\" itemtype=\"https:\/\/schema.org\/CreativeWork\" ><div class='avia_textblock'  itemprop=\"text\" ><h2><img loading=\"lazy\" decoding=\"async\" class=\"alignnone wp-image-75012 size-woocommerce_gallery_thumbnail aligncenter\" src=\"https:\/\/novak-m.com\/wp-content\/uploads\/2023\/01\/3_EN-100x100.png\" alt=\"\" width=\"100\" height=\"100\" srcset=\"https:\/\/novak-m.com\/wp-content\/uploads\/2023\/01\/3_EN-100x100.png 100w, https:\/\/novak-m.com\/wp-content\/uploads\/2023\/01\/3_EN-300x300.png 300w, https:\/\/novak-m.com\/wp-content\/uploads\/2023\/01\/3_EN-80x80.png 80w, https:\/\/novak-m.com\/wp-content\/uploads\/2023\/01\/3_EN-120x120.png 120w, https:\/\/novak-m.com\/wp-content\/uploads\/2023\/01\/3_EN-36x36.png 36w, https:\/\/novak-m.com\/wp-content\/uploads\/2023\/01\/3_EN.png 500w\" sizes=\"auto, (max-width: 100px) 100vw, 100px\" \/><\/h2>\n<p style=\"text-align: center;\">3-godi\u0161nje jamstvo na izvedbu, konstrukciju i sve elektri\u010dne komponente<\/p>\n<\/div><\/section><\/div>\n<div  class='flex_column av-wiff4i-4d1ff11b035963898e701f6b27fec9b5 av_one_third  avia-builder-el-2  el_after_av_one_third  el_before_av_one_third  flex_column_div  '     ><section  class='av_textblock_section av-ld1k8xae-792ddd5c1e9466f026814145836ae64f '   itemscope=\"itemscope\" itemtype=\"https:\/\/schema.org\/CreativeWork\" ><div class='avia_textblock'  itemprop=\"text\" ><h2><img loading=\"lazy\" decoding=\"async\" class=\"wp-image-75048 size-woocommerce_gallery_thumbnail aligncenter\" src=\"https:\/\/novak-m.com\/wp-content\/uploads\/2023\/01\/12_EN-100x100.png\" alt=\"\" width=\"100\" height=\"100\" srcset=\"https:\/\/novak-m.com\/wp-content\/uploads\/2023\/01\/12_EN-100x100.png 100w, https:\/\/novak-m.com\/wp-content\/uploads\/2023\/01\/12_EN-300x300.png 300w, https:\/\/novak-m.com\/wp-content\/uploads\/2023\/01\/12_EN-80x80.png 80w, https:\/\/novak-m.com\/wp-content\/uploads\/2023\/01\/12_EN-120x120.png 120w, https:\/\/novak-m.com\/wp-content\/uploads\/2023\/01\/12_EN-36x36.png 36w, https:\/\/novak-m.com\/wp-content\/uploads\/2023\/01\/12_EN.png 500w\" sizes=\"auto, (max-width: 100px) 100vw, 100px\" \/><\/h2>\n<p style=\"text-align: center;\">12-mjese\u010dno jamstvo na presvlaku<\/p>\n<\/div><\/section><\/div>\n<div  class='flex_column av-z978du-135a078f2bf01e064ef3246dfecda58b av_one_third  avia-builder-el-4  el_after_av_one_third  el_before_av_one_full  flex_column_div  '     ><section  class='av_textblock_section av-ld1k9sep-daa8f88d653c61eba3d929c04546095f '   itemscope=\"itemscope\" itemtype=\"https:\/\/schema.org\/CreativeWork\" ><div class='avia_textblock'  itemprop=\"text\" ><h2><img loading=\"lazy\" decoding=\"async\" class=\"wp-image-75036 size-woocommerce_gallery_thumbnail aligncenter\" src=\"https:\/\/novak-m.com\/wp-content\/uploads\/2023\/01\/10_EN-100x100.png\" alt=\"\" width=\"100\" height=\"100\" srcset=\"https:\/\/novak-m.com\/wp-content\/uploads\/2023\/01\/10_EN-100x100.png 100w, https:\/\/novak-m.com\/wp-content\/uploads\/2023\/01\/10_EN-300x300.png 300w, https:\/\/novak-m.com\/wp-content\/uploads\/2023\/01\/10_EN-80x80.png 80w, https:\/\/novak-m.com\/wp-content\/uploads\/2023\/01\/10_EN-120x120.png 120w, https:\/\/novak-m.com\/wp-content\/uploads\/2023\/01\/10_EN-36x36.png 36w, https:\/\/novak-m.com\/wp-content\/uploads\/2023\/01\/10_EN.png 500w\" sizes=\"auto, (max-width: 100px) 100vw, 100px\" \/><\/h2>\n<p style=\"text-align: center;\">10 godina jam\u010dimo dostupnost svih rezervnih dijelova i nudimo uslugu popravka.<\/p>\n<\/div><\/section><\/div>\n<div  class='flex_column av-ngeg9e-524ad8fea28b0d09f194ecff72641f48 av_one_full  avia-builder-el-6  el_after_av_one_third  el_before_av_textblock  first flex_column_div  column-top-margin'     ><\/div>\n<section  class='av_textblock_section av-1wk1o36-866a5bef3721e9d7b845835a690c6348 '   itemscope=\"itemscope\" itemtype=\"https:\/\/schema.org\/CreativeWork\" ><div class='avia_textblock'  itemprop=\"text\" ><h2 style=\"text-align: left;\"><\/h2>\n<h2 style=\"text-align: center;\">Iskoristite produ\u017eeno jamstvo<\/h2>\n<p><img loading=\"lazy\" decoding=\"async\" class=\"alignnone wp-image-75024 size-woocommerce_gallery_thumbnail aligncenter\" src=\"https:\/\/novak-m.com\/wp-content\/uploads\/2023\/01\/31_EN-100x100.png\" alt=\"\" width=\"100\" height=\"100\" srcset=\"https:\/\/novak-m.com\/wp-content\/uploads\/2023\/01\/31_EN-100x100.png 100w, https:\/\/novak-m.com\/wp-content\/uploads\/2023\/01\/31_EN-300x300.png 300w, https:\/\/novak-m.com\/wp-content\/uploads\/2023\/01\/31_EN-80x80.png 80w, https:\/\/novak-m.com\/wp-content\/uploads\/2023\/01\/31_EN-120x120.png 120w, https:\/\/novak-m.com\/wp-content\/uploads\/2023\/01\/31_EN-36x36.png 36w, https:\/\/novak-m.com\/wp-content\/uploads\/2023\/01\/31_EN.png 500w\" sizes=\"auto, (max-width: 100px) 100vw, 100px\" \/><\/p>\n<p style=\"text-align: center;\">Registrirajte svoj proizvod i jamstvo na konstrukciju i elektri\u010dne komponente svojeg proizvoda produ\u017eite na 3 +1 godine. To je i najbr\u017ei put do stru\u010dne podr\u0161ke Novak M tima.<\/p>\n<div style='text-align:center;' class='ow_post_button'><a target='_self' href='https:\/\/novak-m.com\/hr\/register\/'>REGISTRIRAJ SVOJ PROIZVOD<\/a><\/div>\n<h2>Iskoristite pogodnosti registracije proizvoda:<\/h2>\n<ul>\n<li>Produ\u017eeno jamstvo na izvedbu proizvoda, konstrukciju i elektri\u010dne komponente. Proizvod je potrebno registrirati 3 mjeseca od datuma kupnje.<\/li>\n<li>Registracija tako\u0111er olak\u0161ava rezerviranje termina za popravak. Budu\u0107i da su sve informacije o proizvodu dostupne na jednom mjestu, razgovor sa servisnim timom bit \u0107e brz, jasan i u\u010dinkovit.<\/li>\n<\/ul>\n<h2>Za\u0161to registrirati proizvod?<\/h2>\n<ul>\n<li>produ\u017eenje jamstva<\/li>\n<li>jednostavan pristup podr\u0161ci<\/li>\n<li>br\u017ei servisni zahtjev, produ\u017eeno trajanje jamstva i uvjeti jamstva<\/li>\n<li>svi podaci o proizvodu na jednom mjestu<\/li>\n<\/ul>\n<h2>Kako registrirati proizvod?<\/h2>\n<ol style=\"text-align: left;\">\n<li>Posjetite na\u0161u stranicu REGISTRACIJA.<\/li>\n<li>Ispunite prazna mjesta.<\/li>\n<li>Kliknite na gumb REGISTRACIJA kako biste dovr\u0161ili postupak registracije proizvoda.<\/li>\n<li>Uskoro \u0107ete e-po\u0161tom dobiti potvrdu o produ\u017eenom jamstvu.<\/li>\n<\/ol>\n<div style='text-align:center;' class='ow_post_button'><a target='_self' href='https:\/\/novak-m.com\/hr\/register\/'>REGISTRIRAJ SVOJ PROIZVOD<\/a><\/div>\n<h3>Trebate pomo\u0107 s registracijom proizvoda?<\/h3>\n<p>Pogledajte <strong>naj\u010de\u0161\u0107a pitanja<\/strong> ili se jednostavno <strong>obratite na\u0161em timu za korisni\u010dku podr\u0161ku<\/strong>.<\/p>\n<h2>Kako ostvariti jamstvena prava?<\/h2>\n<p>Za ostvarivanje jamstvenih prava za proizvod potreban je originalni ra\u010dun. Dodatne informacije o <a href=\"https:\/\/novak-m.com\/hr\/servis\/\"><strong>servisu i prijavi kvara<\/strong><\/a> potra\u017eite na ovoj poveznici.<\/p>\n<\/div><\/section>\n<div  class='flex_column av-pkwnhu-b14835f9b109699b0157f257541f8c8b av_one_full  avia-builder-el-8  el_after_av_textblock  avia-builder-el-last  first flex_column_div  column-top-margin'     ><\/div>\n","protected":false},"excerpt":{"rendered":"","protected":false},"author":1,"featured_media":75072,"parent":0,"menu_order":0,"comment_status":"closed","ping_status":"closed","template":"template-content-page.php","meta":{"_acf_changed":false,"footnotes":""},"class_list":["post-76236","page","type-page","status-publish","has-post-thumbnail","hentry"],"acf":[],"yoast_head":"<!-- This site is optimized with the Yoast SEO plugin v25.5 - https:\/\/yoast.com\/wordpress\/plugins\/seo\/ -->\n<title>Jamstvo \u2502 Novak M<\/title>\n<meta name=\"description\" content=\"Novak M daje 3 godi\u0161nje jamstvo za proizvode. Registrirajte svoj proizvod i produ\u017eite jamstvo na 4 godine.\" \/>\n<meta name=\"robots\" content=\"index, follow, max-snippet:-1, max-image-preview:large, max-video-preview:-1\" \/>\n<link rel=\"canonical\" href=\"https:\/\/novak-m.com\/warranty\/\" \/>\n<meta property=\"og:locale\" content=\"hr_HR\" \/>\n<meta property=\"og:type\" content=\"article\" \/>\n<meta property=\"og:title\" content=\"Jamstvo \u2502 Novak M\" \/>\n<meta property=\"og:description\" content=\"Novak M daje 3 godi\u0161nje jamstvo za proizvode. Registrirajte svoj proizvod i produ\u017eite jamstvo na 4 godine.\" \/>\n<meta property=\"og:url\" content=\"https:\/\/novak-m.com\/warranty\/\" \/>\n<meta property=\"og:site_name\" content=\"Novak-M\" \/>\n<meta property=\"article:modified_time\" content=\"2023-06-13T08:14:39+00:00\" \/>\n<meta property=\"og:image\" content=\"https:\/\/novak-m.com\/wp-content\/uploads\/2023\/01\/Warranty.jpg\" \/>\n\t<meta property=\"og:image:width\" content=\"1037\" \/>\n\t<meta property=\"og:image:height\" content=\"929\" \/>\n\t<meta property=\"og:image:type\" content=\"image\/jpeg\" \/>\n<meta name=\"twitter:card\" content=\"summary_large_image\" \/>\n<meta name=\"twitter:label1\" content=\"Est. reading time\" \/>\n\t<meta name=\"twitter:data1\" content=\"5 minutes\" \/>\n<script type=\"application\/ld+json\" class=\"yoast-schema-graph\">{\"@context\":\"https:\/\/schema.org\",\"@graph\":[{\"@type\":\"WebPage\",\"@id\":\"https:\/\/novak-m.com\/warranty\/\",\"url\":\"https:\/\/novak-m.com\/warranty\/\",\"name\":\"Jamstvo \u2502 Novak M\",\"isPartOf\":{\"@id\":\"https:\/\/novak-m.com\/fr\/#website\"},\"primaryImageOfPage\":{\"@id\":\"https:\/\/novak-m.com\/warranty\/#primaryimage\"},\"image\":{\"@id\":\"https:\/\/novak-m.com\/warranty\/#primaryimage\"},\"thumbnailUrl\":\"https:\/\/novak-m.com\/wp-content\/uploads\/2023\/01\/Warranty.jpg\",\"datePublished\":\"2022-10-25T06:03:15+00:00\",\"dateModified\":\"2023-06-13T08:14:39+00:00\",\"description\":\"Novak M daje 3 godi\u0161nje jamstvo za proizvode. Registrirajte svoj proizvod i produ\u017eite jamstvo na 4 godine.\",\"breadcrumb\":{\"@id\":\"https:\/\/novak-m.com\/warranty\/#breadcrumb\"},\"inLanguage\":\"hr-HR\",\"potentialAction\":[{\"@type\":\"ReadAction\",\"target\":[\"https:\/\/novak-m.com\/warranty\/\"]}]},{\"@type\":\"ImageObject\",\"inLanguage\":\"hr-HR\",\"@id\":\"https:\/\/novak-m.com\/warranty\/#primaryimage\",\"url\":\"https:\/\/novak-m.com\/wp-content\/uploads\/2023\/01\/Warranty.jpg\",\"contentUrl\":\"https:\/\/novak-m.com\/wp-content\/uploads\/2023\/01\/Warranty.jpg\",\"width\":1037,\"height\":929},{\"@type\":\"BreadcrumbList\",\"@id\":\"https:\/\/novak-m.com\/warranty\/#breadcrumb\",\"itemListElement\":[{\"@type\":\"ListItem\",\"position\":1,\"name\":\"Home\",\"item\":\"https:\/\/novak-m.com\/hr\/home\/\"},{\"@type\":\"ListItem\",\"position\":2,\"name\":\"Jamstvo\"}]},{\"@type\":\"WebSite\",\"@id\":\"https:\/\/novak-m.com\/fr\/#website\",\"url\":\"https:\/\/novak-m.com\/fr\/\",\"name\":\"Novak M\",\"description\":\"Novak M | official international webpage | novak-m.com\",\"potentialAction\":[{\"@type\":\"SearchAction\",\"target\":{\"@type\":\"EntryPoint\",\"urlTemplate\":\"https:\/\/novak-m.com\/fr\/?s={search_term_string}\"},\"query-input\":{\"@type\":\"PropertyValueSpecification\",\"valueRequired\":true,\"valueName\":\"search_term_string\"}}],\"inLanguage\":\"hr-HR\"}]}<\/script>\n<!-- \/ Yoast SEO plugin. -->","yoast_head_json":{"title":"Jamstvo \u2502 Novak M","description":"Novak M daje 3 godi\u0161nje jamstvo za proizvode. Registrirajte svoj proizvod i produ\u017eite jamstvo na 4 godine.","robots":{"index":"index","follow":"follow","max-snippet":"max-snippet:-1","max-image-preview":"max-image-preview:large","max-video-preview":"max-video-preview:-1"},"canonical":"https:\/\/novak-m.com\/warranty\/","og_locale":"hr_HR","og_type":"article","og_title":"Jamstvo \u2502 Novak M","og_description":"Novak M daje 3 godi\u0161nje jamstvo za proizvode. Registrirajte svoj proizvod i produ\u017eite jamstvo na 4 godine.","og_url":"https:\/\/novak-m.com\/warranty\/","og_site_name":"Novak-M","article_modified_time":"2023-06-13T08:14:39+00:00","og_image":[{"width":1037,"height":929,"url":"https:\/\/novak-m.com\/wp-content\/uploads\/2023\/01\/Warranty.jpg","type":"image\/jpeg"}],"twitter_card":"summary_large_image","twitter_misc":{"Est. reading time":"5 minutes"},"schema":{"@context":"https:\/\/schema.org","@graph":[{"@type":"WebPage","@id":"https:\/\/novak-m.com\/warranty\/","url":"https:\/\/novak-m.com\/warranty\/","name":"Jamstvo \u2502 Novak M","isPartOf":{"@id":"https:\/\/novak-m.com\/fr\/#website"},"primaryImageOfPage":{"@id":"https:\/\/novak-m.com\/warranty\/#primaryimage"},"image":{"@id":"https:\/\/novak-m.com\/warranty\/#primaryimage"},"thumbnailUrl":"https:\/\/novak-m.com\/wp-content\/uploads\/2023\/01\/Warranty.jpg","datePublished":"2022-10-25T06:03:15+00:00","dateModified":"2023-06-13T08:14:39+00:00","description":"Novak M daje 3 godi\u0161nje jamstvo za proizvode. Registrirajte svoj proizvod i produ\u017eite jamstvo na 4 godine.","breadcrumb":{"@id":"https:\/\/novak-m.com\/warranty\/#breadcrumb"},"inLanguage":"hr-HR","potentialAction":[{"@type":"ReadAction","target":["https:\/\/novak-m.com\/warranty\/"]}]},{"@type":"ImageObject","inLanguage":"hr-HR","@id":"https:\/\/novak-m.com\/warranty\/#primaryimage","url":"https:\/\/novak-m.com\/wp-content\/uploads\/2023\/01\/Warranty.jpg","contentUrl":"https:\/\/novak-m.com\/wp-content\/uploads\/2023\/01\/Warranty.jpg","width":1037,"height":929},{"@type":"BreadcrumbList","@id":"https:\/\/novak-m.com\/warranty\/#breadcrumb","itemListElement":[{"@type":"ListItem","position":1,"name":"Home","item":"https:\/\/novak-m.com\/hr\/home\/"},{"@type":"ListItem","position":2,"name":"Jamstvo"}]},{"@type":"WebSite","@id":"https:\/\/novak-m.com\/fr\/#website","url":"https:\/\/novak-m.com\/fr\/","name":"Novak M","description":"Novak M | official international webpage | novak-m.com","potentialAction":[{"@type":"SearchAction","target":{"@type":"EntryPoint","urlTemplate":"https:\/\/novak-m.com\/fr\/?s={search_term_string}"},"query-input":{"@type":"PropertyValueSpecification","valueRequired":true,"valueName":"search_term_string"}}],"inLanguage":"hr-HR"}]}},"_links":{"self":[{"href":"https:\/\/novak-m.com\/hr\/wp-json\/wp\/v2\/pages\/76236","targetHints":{"allow":["GET"]}}],"collection":[{"href":"https:\/\/novak-m.com\/hr\/wp-json\/wp\/v2\/pages"}],"about":[{"href":"https:\/\/novak-m.com\/hr\/wp-json\/wp\/v2\/types\/page"}],"author":[{"embeddable":true,"href":"https:\/\/novak-m.com\/hr\/wp-json\/wp\/v2\/users\/1"}],"replies":[{"embeddable":true,"href":"https:\/\/novak-m.com\/hr\/wp-json\/wp\/v2\/comments?post=76236"}],"version-history":[{"count":0,"href":"https:\/\/novak-m.com\/hr\/wp-json\/wp\/v2\/pages\/76236\/revisions"}],"wp:featuredmedia":[{"embeddable":true,"href":"https:\/\/novak-m.com\/hr\/wp-json\/wp\/v2\/media\/75072"}],"wp:attachment":[{"href":"https:\/\/novak-m.com\/hr\/wp-json\/wp\/v2\/media?parent=76236"}],"curies":[{"name":"wp","href":"https:\/\/api.w.org\/{rel}","templated":true}]}}