{"id":11984,"date":"2019-01-03T12:43:25","date_gmt":"2019-01-03T12:43:25","guid":{"rendered":"https:\/\/www.novak-m.com\/aktualno\/"},"modified":"2022-03-11T09:02:48","modified_gmt":"2022-03-11T08:02:48","slug":"blog","status":"publish","type":"page","link":"https:\/\/novak-m.com\/hr\/blog\/","title":{"rendered":"Blog"},"content":{"rendered":"<div id='header-aktualno'  class='avia-section av-jqqnbm02-120d7f117c5cf373af0613096321d657 main_color avia-section-default avia-no-border-styling  avia-builder-el-0  el_before_av_section  avia-builder-el-first  avia-bg-style-scroll container_wrap fullsize'  ><div class='container av-section-cont-open' ><main  role=\"main\" itemprop=\"mainContentOfPage\"  class='template-page content  av-content-full alpha units'><div class='post-entry post-entry-type-page post-entry-11984'><div class='entry-content-wrapper clearfix'>\n<section  class='av_textblock_section av-jqqnc303-b626a8d7492df01361e9f25bc4520b6c '   itemscope=\"itemscope\" itemtype=\"https:\/\/schema.org\/CreativeWork\" ><div class='avia_textblock'  itemprop=\"text\" ><h1>Blog<\/h1>\n<\/div><\/section>\n<section  class='av_textblock_section av-jqqnc303-95e5bf9db57ae1e1bba91648f9c040ac '   itemscope=\"itemscope\" itemtype=\"https:\/\/schema.org\/CreativeWork\" ><div class='avia_textblock'  itemprop=\"text\" ><div class=\"wrap_menu_aktualno_meni\"><div class=\"innerhtmlmenu\"><a href=\"https:\/\/novak-m.com\/hr\/blog\/\" class=\"active\">Sve<\/a><a href=\"https:\/\/novak-m.com\/hr\/category\/proizvodi\/\" class=\"\">Proizvodi<\/a><a href=\"https:\/\/novak-m.com\/hr\/category\/case-study-novak-m-hr\/\" class=\"\">Analiza slu\u010daja<\/a><a href=\"https:\/\/novak-m.com\/hr\/category\/vijesti\/\" class=\"\">Vijesti<\/a><\/div><\/div>\n<\/div><\/section>\n<\/div><\/div><\/main><!-- close content main element --><\/div><\/div><div id='av_section_2'  class='avia-section av-111i6-639eb20cbbae78fb3c0cf34e1519884a main_color avia-section-default avia-no-border-styling  avia-builder-el-3  el_after_av_section  avia-builder-el-last  aktualno_posts avia-bg-style-scroll container_wrap fullsize'  ><div class='container av-section-cont-open' ><div class='template-page content  av-content-full alpha units'><div class='post-entry post-entry-type-page post-entry-11984'><div class='entry-content-wrapper clearfix'>\n<section  class='av_textblock_section av-jqqndm26-76258f4715e146ba3e6041402b71d20b '   itemscope=\"itemscope\" itemtype=\"https:\/\/schema.org\/CreativeWork\" ><div class='avia_textblock'  itemprop=\"text\" ><div class=\"display_posts_wrap\"><div class=\"posts_list\"><div class=\"blog_grid_single blog1\"><div class=\"post_link\"><a class=\"lazy\" href=\"https:\/\/novak-m.com\/hr\/uskrs\/\" data-bg=\"url(https:\/\/novak-m.com\/wp-content\/uploads\/2025\/04\/Happy-Easter-540x351.webp)\"> <div class=\"post_data\"><div class=\"postcatbubble\">Vijesti<\/div><h4>Sretan Uskrs!<\/h4><\/div><\/a><\/div><\/div><div class=\"blog_grid_single blog2\"><div class=\"post_link\"><a class=\"lazy\" href=\"https:\/\/novak-m.com\/hr\/operacijski-stol-za-dnevnu-bolnicu\/\" data-bg=\"url(https:\/\/novak-m.com\/wp-content\/uploads\/2026\/03\/OR-table-for-day-surgery-540x351.webp)\"> <div class=\"post_data\"><div class=\"postcatbubble\">Proizvodi<\/div><h4>Kako odabrati operacijski stol za dnevnu bolnicu<\/h4><\/div><\/a><\/div><\/div><div class=\"blog_grid_single blog0\"><div class=\"post_link\"><a class=\"lazy\" href=\"https:\/\/novak-m.com\/hr\/pregledni-stol-sl-proderma\/\" data-bg=\"url(https:\/\/novak-m.com\/wp-content\/uploads\/2026\/03\/Proderma-540x351.webp)\"> <div class=\"post_data\"><div class=\"postcatbubble\">Analiza slu\u010daja<\/div><h4>Pregledni stol SL u Prodermi<\/h4><\/div><\/a><\/div><\/div><div class=\"blog_grid_single blog1\"><div class=\"post_link\"><a class=\"lazy\" href=\"https:\/\/novak-m.com\/hr\/terapeutski-stol-fleksibilnost\/\" data-bg=\"url(https:\/\/novak-m.com\/wp-content\/uploads\/2026\/03\/Therapy-table_mobility-540x351.webp)\"> <div class=\"post_data\"><div class=\"postcatbubble\">Proizvodi<\/div><h4>Terapeutski stol: kad prostor zahtijeva fleksibilnost<\/h4><\/div><\/a><\/div><\/div><div class=\"blog_grid_single blog2\"><div class=\"post_link\"><a class=\"lazy\" href=\"https:\/\/novak-m.com\/hr\/bauchpraxis-dnevna-bolnica-stretcher\/\" data-bg=\"url(https:\/\/novak-m.com\/wp-content\/uploads\/2026\/02\/Die-Bauchpraxis-540x351.webp)\"> <div class=\"post_data\"><div class=\"postcatbubble\">Analiza slu\u010daja<\/div><h4>Bauchpraxis u \u0161vicarskom Badenu brine o unutarnjem zdravlju<\/h4><\/div><\/a><\/div><\/div><div class=\"blog_grid_single blog0\"><div class=\"post_link\"><a class=\"lazy\" href=\"https:\/\/novak-m.com\/hr\/elektricni-stretcher\/\" data-bg=\"url(https:\/\/novak-m.com\/wp-content\/uploads\/2026\/02\/Easy-to-handle-electric-stretcher-540x351.webp)\"> <div class=\"post_data\"><div class=\"postcatbubble\">Proizvodi<\/div><h4>Za\u0161to elektri\u010dni stretcher ne predstavlja ograni\u010denje kao \u0161to mnogi o\u010dekuju<\/h4><\/div><\/a><\/div><\/div><div class=\"blog_grid_single blog1\"><div class=\"post_link\"><a class=\"lazy\" href=\"https:\/\/novak-m.com\/hr\/operacijski-stol-urologija-sainovic\/\" data-bg=\"url(https:\/\/novak-m.com\/wp-content\/uploads\/2026\/02\/Urologija-Sainovic-540x351.webp)\"> <div class=\"post_data\"><div class=\"postcatbubble\">Analiza slu\u010daja<\/div><h4>Operacijski stol Y u Urologiji \u0160ainovi\u0107<\/h4><\/div><\/a><\/div><\/div><div class=\"blog_grid_single blog2\"><div class=\"post_link\"><a class=\"lazy\" href=\"https:\/\/novak-m.com\/hr\/dimenzije-stola-za-masazu\/\" data-bg=\"url(https:\/\/novak-m.com\/wp-content\/uploads\/2026\/02\/Massage-table-dimensions-540x351.webp)\"> <div class=\"post_data\"><div class=\"postcatbubble\">Proizvodi<\/div><h4>Dimenzije stola za masa\u017eu \u2013 sve \u0161to trebate znati<\/h4><\/div><\/a><\/div><\/div><div class=\"blog_grid_single blog0\"><div class=\"post_link\"><a class=\"lazy\" href=\"https:\/\/novak-m.com\/hr\/opening-days-novak-m-susret\/\" data-bg=\"url(https:\/\/novak-m.com\/wp-content\/uploads\/2026\/01\/Opening-days-2026-540x351.webp)\"> <div class=\"post_data\"><div class=\"postcatbubble\">Vijesti<\/div><h4>Opening days \u2013 Susret s partnerima 2026.<\/h4><\/div><\/a><\/div><\/div><div class=\"blog_grid_single blog1\"><div class=\"post_link\"><a class=\"lazy\" href=\"https:\/\/novak-m.com\/hr\/pregledni-stol-za-lijecnicku-ordinaciju\/\" data-bg=\"url(https:\/\/novak-m.com\/wp-content\/uploads\/2026\/01\/choosing-an-exam-table-540x351.webp)\"> <div class=\"post_data\"><div class=\"postcatbubble\">Vijesti<\/div><h4>Vodi\u010d za odabir preglednog stola za va\u0161u lije\u010dni\u010dku ordinaciju<\/h4><\/div><\/a><\/div><\/div><div class=\"blog_grid_single blog2\"><div class=\"post_link\"><a class=\"lazy\" href=\"https:\/\/novak-m.com\/hr\/gastropraxis-kolica-stretcher-x2\/\" data-bg=\"url(https:\/\/novak-m.com\/wp-content\/uploads\/2026\/01\/Winterthur-540x351.webp)\"> <div class=\"post_data\"><div class=\"postcatbubble\">Analiza slu\u010daja<\/div><h4>GastroPraxis am Graben, \u0160vicarska: Pobolj\u0161ani tijek rada uz Stretcher X2<\/h4><\/div><\/a><\/div><\/div><div class=\"blog_grid_single blog0\"><div class=\"post_link\"><a class=\"lazy\" href=\"https:\/\/novak-m.com\/hr\/presvlaka-terapeutski-stol\/\" data-bg=\"url(https:\/\/novak-m.com\/wp-content\/uploads\/2026\/01\/menjava-oblazinjenja2-540x351.webp)\"> <div class=\"post_data\"><div class=\"postcatbubble\">Proizvodi<\/div><h4>Kako pristupiti zamjeni presvlake na va\u0161em terapeutskom stolu<\/h4><\/div><\/a><\/div><\/div><\/div><div class=\"pagination\"><span aria-current=\"page\" class=\"page-numbers current\">1<\/span>\n<a class=\"page-numbers\" href=\"https:\/\/novak-m.com\/hr\/wp-json\/wp\/v2\/pages\/11984\/?paged=2\">2<\/a>\n<span class=\"page-numbers dots\">&hellip;<\/span>\n<a class=\"page-numbers\" href=\"https:\/\/novak-m.com\/hr\/wp-json\/wp\/v2\/pages\/11984\/?paged=23\">23<\/a>\n<a class=\"next page-numbers\" href=\"https:\/\/novak-m.com\/hr\/wp-json\/wp\/v2\/pages\/11984\/?paged=2\"><span class=\"nextpage page-numbers\"><\/span><\/a><\/div><\/div>\n<\/div><\/section>\n<\/p>\n","protected":false},"excerpt":{"rendered":"","protected":false},"author":1,"featured_media":0,"parent":0,"menu_order":0,"comment_status":"closed","ping_status":"closed","template":"","meta":{"_acf_changed":false,"footnotes":""},"class_list":["post-11984","page","type-page","status-publish","hentry"],"acf":[],"yoast_head":"<!-- This site is optimized with the Yoast SEO plugin v25.5 - https:\/\/yoast.com\/wordpress\/plugins\/seo\/ -->\n<title>Vijesti | Novak M | the comforts of medicine | novak-m.com<\/title>\n<meta name=\"description\" content=\"\u017delite znati vi\u0161e o novim proizvodima i tehnologijama?\" \/>\n<meta name=\"robots\" content=\"index, follow, max-snippet:-1, max-image-preview:large, max-video-preview:-1\" \/>\n<link rel=\"canonical\" href=\"https:\/\/novak-m.com\/hr\/blog\/\" \/>\n<meta property=\"og:locale\" content=\"hr_HR\" \/>\n<meta property=\"og:type\" content=\"article\" \/>\n<meta property=\"og:title\" content=\"Vijesti | Novak M | the comforts of medicine | novak-m.com\" \/>\n<meta property=\"og:description\" content=\"\u017delite znati vi\u0161e o novim proizvodima i tehnologijama?\" \/>\n<meta property=\"og:url\" content=\"https:\/\/novak-m.com\/hr\/blog\/\" \/>\n<meta property=\"og:site_name\" content=\"Novak-M\" \/>\n<meta property=\"article:modified_time\" content=\"2022-03-11T08:02:48+00:00\" \/>\n<meta name=\"twitter:card\" content=\"summary_large_image\" \/>\n<meta name=\"twitter:label1\" content=\"Est. reading time\" \/>\n\t<meta name=\"twitter:data1\" content=\"2 minutes\" \/>\n<script type=\"application\/ld+json\" class=\"yoast-schema-graph\">{\"@context\":\"https:\/\/schema.org\",\"@graph\":[{\"@type\":\"WebPage\",\"@id\":\"https:\/\/novak-m.com\/hr\/blog\/\",\"url\":\"https:\/\/novak-m.com\/hr\/blog\/\",\"name\":\"Vijesti | Novak M | the comforts of medicine | novak-m.com\",\"isPartOf\":{\"@id\":\"https:\/\/novak-m.com\/fr\/#website\"},\"datePublished\":\"2019-01-03T12:43:25+00:00\",\"dateModified\":\"2022-03-11T08:02:48+00:00\",\"description\":\"\u017delite znati vi\u0161e o novim proizvodima i tehnologijama?\",\"breadcrumb\":{\"@id\":\"https:\/\/novak-m.com\/hr\/blog\/#breadcrumb\"},\"inLanguage\":\"hr-HR\",\"potentialAction\":[{\"@type\":\"ReadAction\",\"target\":[\"https:\/\/novak-m.com\/hr\/blog\/\"]}]},{\"@type\":\"BreadcrumbList\",\"@id\":\"https:\/\/novak-m.com\/hr\/blog\/#breadcrumb\",\"itemListElement\":[{\"@type\":\"ListItem\",\"position\":1,\"name\":\"Home\",\"item\":\"https:\/\/novak-m.com\/hr\/home\/\"},{\"@type\":\"ListItem\",\"position\":2,\"name\":\"Blog\"}]},{\"@type\":\"WebSite\",\"@id\":\"https:\/\/novak-m.com\/fr\/#website\",\"url\":\"https:\/\/novak-m.com\/fr\/\",\"name\":\"Novak M\",\"description\":\"Novak M | official international webpage | novak-m.com\",\"potentialAction\":[{\"@type\":\"SearchAction\",\"target\":{\"@type\":\"EntryPoint\",\"urlTemplate\":\"https:\/\/novak-m.com\/fr\/?s={search_term_string}\"},\"query-input\":{\"@type\":\"PropertyValueSpecification\",\"valueRequired\":true,\"valueName\":\"search_term_string\"}}],\"inLanguage\":\"hr-HR\"}]}<\/script>\n<!-- \/ Yoast SEO plugin. -->","yoast_head_json":{"title":"Vijesti | Novak M | the comforts of medicine | novak-m.com","description":"\u017delite znati vi\u0161e o novim proizvodima i tehnologijama?","robots":{"index":"index","follow":"follow","max-snippet":"max-snippet:-1","max-image-preview":"max-image-preview:large","max-video-preview":"max-video-preview:-1"},"canonical":"https:\/\/novak-m.com\/hr\/blog\/","og_locale":"hr_HR","og_type":"article","og_title":"Vijesti | Novak M | the comforts of medicine | novak-m.com","og_description":"\u017delite znati vi\u0161e o novim proizvodima i tehnologijama?","og_url":"https:\/\/novak-m.com\/hr\/blog\/","og_site_name":"Novak-M","article_modified_time":"2022-03-11T08:02:48+00:00","twitter_card":"summary_large_image","twitter_misc":{"Est. reading time":"2 minutes"},"schema":{"@context":"https:\/\/schema.org","@graph":[{"@type":"WebPage","@id":"https:\/\/novak-m.com\/hr\/blog\/","url":"https:\/\/novak-m.com\/hr\/blog\/","name":"Vijesti | Novak M | the comforts of medicine | novak-m.com","isPartOf":{"@id":"https:\/\/novak-m.com\/fr\/#website"},"datePublished":"2019-01-03T12:43:25+00:00","dateModified":"2022-03-11T08:02:48+00:00","description":"\u017delite znati vi\u0161e o novim proizvodima i tehnologijama?","breadcrumb":{"@id":"https:\/\/novak-m.com\/hr\/blog\/#breadcrumb"},"inLanguage":"hr-HR","potentialAction":[{"@type":"ReadAction","target":["https:\/\/novak-m.com\/hr\/blog\/"]}]},{"@type":"BreadcrumbList","@id":"https:\/\/novak-m.com\/hr\/blog\/#breadcrumb","itemListElement":[{"@type":"ListItem","position":1,"name":"Home","item":"https:\/\/novak-m.com\/hr\/home\/"},{"@type":"ListItem","position":2,"name":"Blog"}]},{"@type":"WebSite","@id":"https:\/\/novak-m.com\/fr\/#website","url":"https:\/\/novak-m.com\/fr\/","name":"Novak M","description":"Novak M | official international webpage | novak-m.com","potentialAction":[{"@type":"SearchAction","target":{"@type":"EntryPoint","urlTemplate":"https:\/\/novak-m.com\/fr\/?s={search_term_string}"},"query-input":{"@type":"PropertyValueSpecification","valueRequired":true,"valueName":"search_term_string"}}],"inLanguage":"hr-HR"}]}},"_links":{"self":[{"href":"https:\/\/novak-m.com\/hr\/wp-json\/wp\/v2\/pages\/11984","targetHints":{"allow":["GET"]}}],"collection":[{"href":"https:\/\/novak-m.com\/hr\/wp-json\/wp\/v2\/pages"}],"about":[{"href":"https:\/\/novak-m.com\/hr\/wp-json\/wp\/v2\/types\/page"}],"author":[{"embeddable":true,"href":"https:\/\/novak-m.com\/hr\/wp-json\/wp\/v2\/users\/1"}],"replies":[{"embeddable":true,"href":"https:\/\/novak-m.com\/hr\/wp-json\/wp\/v2\/comments?post=11984"}],"version-history":[{"count":0,"href":"https:\/\/novak-m.com\/hr\/wp-json\/wp\/v2\/pages\/11984\/revisions"}],"wp:attachment":[{"href":"https:\/\/novak-m.com\/hr\/wp-json\/wp\/v2\/media?parent=11984"}],"curies":[{"name":"wp","href":"https:\/\/api.w.org\/{rel}","templated":true}]}}