{"id":10207,"date":"2019-01-03T12:44:51","date_gmt":"2019-01-03T12:44:51","guid":{"rendered":"https:\/\/www.novak-m.com\/about-us\/"},"modified":"2026-03-16T13:44:48","modified_gmt":"2026-03-16T12:44:48","slug":"o-nama","status":"publish","type":"page","link":"https:\/\/novak-m.com\/hr\/o-nama\/","title":{"rendered":"O nama"},"content":{"rendered":"<div id='o_nas'  class='avia-section av-2agos-a84fd2ad5a8b743fb35950a84a9c2bef main_color avia-section-default avia-no-border-styling  avia-builder-el-0  el_before_av_section  avia-builder-el-first  avia-bg-style-scroll container_wrap fullsize'  ><div class='container av-section-cont-open' ><main  role=\"main\" itemprop=\"mainContentOfPage\"  class='template-page content  av-content-full alpha units'><div class='post-entry post-entry-type-page post-entry-10207'><div class='entry-content-wrapper clearfix'>\n<div class='flex_column_table av-1pwn4-c62e94452e2f31cac52f19ed5085a27c sc-av_one_half av-equal-height-column-flextable'>\n<style type=\"text\/css\" data-created_by=\"avia_inline_auto\" id=\"style-css-av-1pwn4-c62e94452e2f31cac52f19ed5085a27c\">\n.flex_column.av-1pwn4-c62e94452e2f31cac52f19ed5085a27c{\nborder-radius:0px 0px 0px 0px;\npadding:0px 0px 0px 0px;\n}\n<\/style>\n<div  class='flex_column av-1pwn4-c62e94452e2f31cac52f19ed5085a27c av_one_half  avia-builder-el-1  el_before_av_one_half  avia-builder-el-first  onas_left first no_margin flex_column_table_cell av-equal-height-column av-align-bottom av-zero-column-padding  '     ><section  class='av_textblock_section av-jqwfk303-635fe87000eea2b6dc91c54115d4d739 '   itemscope=\"itemscope\" itemtype=\"https:\/\/schema.org\/CreativeWork\" ><div class='avia_textblock f20l30'  itemprop=\"text\" ><h1>Podignite lije\u010denje na vi\u0161u razinu<\/h1>\n<p>Novak M je slovensko obiteljsko poduze\u0107e i proizvo\u0111a\u010d medicinske opreme. S vi\u0161e od 45 godina iskustva dizajniramo i proizvodimo operacijske stolove, pregledne i terapeutske stolove, kolica stretcher i stolce za dnevne klinike koji podr\u017eavaju sigurnu i u\u010dinkovitu skrb za pacijente.<\/p>\n<\/div><\/section><br \/>\n<section  class='av_textblock_section av-jr0ahjt1-d4d2506aefc9e439ee6f03bc8793511a '   itemscope=\"itemscope\" itemtype=\"https:\/\/schema.org\/CreativeWork\" ><div class='avia_textblock'  itemprop=\"text\" ><div class=\"ms_skupaj_z_vami\"><div class=\"ms_skupaj_z_vami_link video_popup\"><a class=\"playbuttondark f18l30\" href=\"https:\/\/www.youtube.com\/watch?v=yyZfS2B61o0\">Novak M video<\/a><\/div><div class=\"ms_skupaj_z_vami_podpis\"><img class=\"lazy\" width=\"177\" height=\"85\" data-src=\"https:\/\/novak-m.com\/wp-content\/themes\/enfold-child\/images\/Podpis-novakm.svg\"><\/div><\/div>\n<\/div><\/section><\/p><\/div>\n<style type=\"text\/css\" data-created_by=\"avia_inline_auto\" id=\"style-css-av-q8x8-4a65538c3ea78e15cfe30b9eb6ac306c\">\n.flex_column.av-q8x8-4a65538c3ea78e15cfe30b9eb6ac306c{\nborder-radius:0px 0px 0px 0px;\npadding:0px 0px 0px 0px;\n}\n<\/style>\n<div  class='flex_column av-q8x8-4a65538c3ea78e15cfe30b9eb6ac306c av_one_half  avia-builder-el-4  el_after_av_one_half  avia-builder-el-last  no_margin flex_column_table_cell av-equal-height-column av-align-bottom av-zero-column-padding  '     ><section  class='av_textblock_section av-13c54-bf0599fc415bef54d727dc6976be1be0 '   itemscope=\"itemscope\" itemtype=\"https:\/\/schema.org\/CreativeWork\" ><div class='avia_textblock'  itemprop=\"text\" ><div class=\"slideholder_home_heading\"><div class=\"shadetop\"><\/div><div class=\"greytriangle\"><\/div><div class=\"slickholder_home_heading\"><div class=\"single_slide\"><div class=\"slide_bg lazy\" data-bg=\"url(https:\/\/novak-m.com\/wp-content\/uploads\/2019\/07\/Novak-M-medical-equipment-1030x687.jpg)\" ><\/div><\/div><\/div><\/div>\n<\/div><\/section><\/div><\/div><!--close column table wrapper. Autoclose: 1 -->\n\n<\/div><\/div><\/main><!-- close content main element --><\/div><\/div><div id='av_section_2'  class='avia-section av-1clpm-d8c12298e823d31aff964fed8cfe4ea3 main_color avia-section-default avia-no-border-styling  avia-builder-el-6  el_after_av_section  el_before_av_section  o_nas_second avia-bg-style-scroll container_wrap fullsize'  ><div class='container av-section-cont-open' ><div class='template-page content  av-content-full alpha units'><div class='post-entry post-entry-type-page post-entry-10207'><div class='entry-content-wrapper clearfix'>\n\n<style type=\"text\/css\" data-created_by=\"avia_inline_auto\" id=\"style-css-av-q14u-e2f08fd583bf4d258008c8582d3dc329\">\n.flex_column.av-q14u-e2f08fd583bf4d258008c8582d3dc329{\nborder-radius:0px 0px 0px 0px;\npadding:0px 0px 0px 0px;\n}\n<\/style>\n<div  class='flex_column av-q14u-e2f08fd583bf4d258008c8582d3dc329 av_one_full  avia-builder-el-7  avia-builder-el-no-sibling  first flex_column_div av-zero-column-padding  '     ><section  class='av_textblock_section av-jzseohdr-21fab7281526ae4dca882232d706cf30 '   itemscope=\"itemscope\" itemtype=\"https:\/\/schema.org\/CreativeWork\" ><div class='avia_textblock'  itemprop=\"text\" ><h2 style=\"text-align: center\">Kako ostvarujemo na\u0161u misiju<\/h2>\n<p style=\"text-align: center\">Od na\u0161eg po\u010detka 1979. godine, odr\u017eavamo bliske kontakte s na\u0161im krajnjim korisnicima koji uklju\u010duju lije\u010dnike, medicinske sestre i druge pru\u017eatelje zdravstvene skrbi, kao i pacijente. Kombiniraju\u0107i stru\u010dnost u zdravstvenoj industriji s inovativnom tehnologijom, na\u0161i medicinski proizvodi odlikuju se jednostavnim i <a href=\"https:\/\/novak-m.com\/hr\/novak-m-obljetnica-dio-5\/\"><strong>\u010distim dizajnom<\/strong><\/a> s <a href=\"https:\/\/novak-m.com\/hr\/novak-m-obljetnica-dio-7\/\"><strong>patentiranim rje\u0161enjima<\/strong><\/a> te su sukladni s regulatornim zahtjevima koji se odnose na sigurnost proizvoda. Oni pru\u017eaju punu podr\u0161ku u njezi pacijenata poma\u017eu\u0107i stru\u010dnjacima da svoje vrijeme u potpunosti posvete svojim pacijentima.<\/p>\n<h2 style=\"text-align: center\">Prona\u0111ite svoj Novak M proizvod i u\u017eivajte u prednostima<\/h2>\n<p style=\"text-align: center\">Kroz izvrsnu partnersku mre\u017eu, na\u0161i visokokvalitetni proizvodi dostupni su u vi\u0161e od <a href=\"https:\/\/novak-m.com\/hr\/prodajna-mreza\/\"><strong>15 zemalja diljem svijeta<\/strong><\/a>. Uz pomo\u0107 na\u0161eg <a href=\"https:\/\/novak-m.com\/hr\/konfigurator-pregledni-stolovi\/\"><strong>mre\u017enog konfiguratora<\/strong><\/a> mo\u017eete odabrati proizvod po mjeri koji zadovoljava potrebe va\u0161eg podru\u010dja stru\u010dnosti. Tako\u0111er ste vi\u0161e nego dobrodo\u0161li posjetiti izlo\u017ebeni salon tvrtke Novak M, gdje \u0107e vam na\u0161 prodajni tim rado pomo\u0107i.<\/p>\n<\/div><\/section><\/div>\n\n<\/div><\/div><\/div><!-- close content main div --><\/div><\/div><div id='av_section_3'  class='avia-section av-15afu-0dfa81c37800e687fa7bbcaaf32cbfc9 main_color avia-section-default avia-no-border-styling  avia-builder-el-9  el_after_av_section  el_before_av_section  avia-bg-style-scroll container_wrap fullsize'  ><div class='container av-section-cont-open' ><div class='template-page content  av-content-full alpha units'><div class='post-entry post-entry-type-page post-entry-10207'><div class='entry-content-wrapper clearfix'>\n<section  class='av_textblock_section av-jqz7aqrl-4743eed4be4afc21a9bbc1e9a3043f70 '   itemscope=\"itemscope\" itemtype=\"https:\/\/schema.org\/CreativeWork\" ><div class='avia_textblock'  itemprop=\"text\" > <div class=\"ms_onas_slider  clearfix\"><div class=\"ms_column ms_first \"><div class=\"image_slider_wrapper \"><div class=\"ms_onas_slider_for_borders\"><div class=\"ms_onas_slider_for\">   <div class=\"single_media_slide\"> <img class=\"lazy\" data-src=\"https:\/\/novak-m.com\/wp-content\/uploads\/2019\/08\/Honnesty.jpg\"> <\/div>   <div class=\"single_media_slide\"> <img class=\"lazy\" data-src=\"https:\/\/novak-m.com\/wp-content\/uploads\/2019\/08\/Dilligence.jpg\"> <\/div>   <div class=\"single_media_slide\"> <img class=\"lazy\" data-src=\"https:\/\/novak-m.com\/wp-content\/uploads\/2019\/08\/Commitment.jpg\"> <\/div>   <div class=\"single_media_slide\"> <img class=\"lazy\" data-src=\"https:\/\/novak-m.com\/wp-content\/uploads\/2019\/08\/Innovation.jpg\"> <\/div>  <\/div> <\/div> <\/div> <\/div><div class=\"ms_column ms_second \"><div class=\"ms_onas_slider_text\">  <div class=\"ms_onas_slider_text_single\">    <h2 class=\"f45l55\">Iskrenost prema sebi, zaposlenicima i kupcima<\/h2>   <div class=\"ms_mar_bot_40\"><p>Mi cijenimo iskrenost. Vjerujemo da tvrtka i njezini zaposlenici dugoro\u010dno mogu napredovati samo po\u0161tenim radom. Po\u0161tivanje na\u0161ih obveza kamen je temeljac na kojem gradimo poslovanje ve\u0107 40 godina. Iskreni smo prema sebi i svojim zaposlenicima, i to je \u010dinjenica koju prepoznaju i na\u0161i dobavlja\u010di i kupci. Pona\u0161amo se odgovorno prema dru\u0161tvu op\u0107enito i prema okoli\u0161u.<\/p>\n<\/div> <\/div>  <div class=\"ms_onas_slider_text_single\">    <h2 class=\"f45l55\">Marljivost, doprinos ljudskom dostojanstvu<\/h2>   <div class=\"ms_mar_bot_40\"><p>U tvrtki Novak M smatramo da je marljivost presudna ve\u0107 od samog po\u010detka na\u0161eg obiteljskog poslovanja. Rad je sam po sebi vrijednost. Dobro obavljen posao doprinosi osje\u0107aju osobnog postignu\u0107a i samopo\u0161tovanja. Poma\u017ee u o\u010duvanju i ja\u010danju ljudskog dostojanstva svakog pojedinca. Kao poslodavac, tvrtka Novak M stoga cijeni svaki zadatak koji obavljaju njezini zaposlenici, bez obzira koliko mali on bio. Svaki pritegnuti vijak ili poslana poruka e-po\u0161te mali je korak ka zajedni\u010dkom uspjehu.<\/p>\n<\/div> <\/div>  <div class=\"ms_onas_slider_text_single\">    <h2 class=\"f45l55\">Posve\u0107enost svom poslu i tvrtki<\/h2>   <div class=\"ms_mar_bot_40\"><p>Dugoro\u010dan napredak svakog pojedinca i organizacije u cjelini mogu\u0107 je samo predanim radom. Vjerujemo da predanost na\u0161ih zaposlenika svojim poslovima i tvrtki donosi bolje rezultate. Tako\u0111er vjerujemo da tvrtka nastavlja poslovati i \u0161iriti se upravo zbog stalne posve\u0107enosti vrijednostima koje su izgradile temelj na\u0161e obiteljske tvrtke od njenih samih po\u010detaka.<\/p>\n<\/div> <\/div>  <div class=\"ms_onas_slider_text_single\">    <h2 class=\"f45l55\">Inovacija, jer vjerujemo u napredak<\/h2>   <div class=\"ms_mar_bot_40\"><p>Vjerujemo u znanje i napredak. Vjerujemo da mo\u017eemo razvijati, proizvoditi i prodavati konkurentne proizvode primjenom znanja, vlastite inovativnosti i orijentacijom na svjetsko tr\u017ei\u0161te. Samo ako je otvorena za nova znanja i spoznaje, tvrtka mo\u017ee stvoriti otvoren i moderan radni prostor za svoje zaposlenike te razvijati, proizvoditi i prodavati proizvode i usluge koji zadovoljavaju potrebe krajnjih korisnika proizvoda.<\/p>\n<\/div> <\/div>  <\/div>  <a class=\"arrowbutton\" href=\"https:\/\/novak-m.com\/hr\/kontakt\/\">Kontaktirajte nas<\/a> <\/div><\/div>\n<\/div><\/section>\n\n<\/div><\/div><\/div><!-- close content main div --><\/div><\/div><div id='av_section_4'  class='avia-section av-av_section-3ef07c12a2bb1670acbb6a6393332f22 main_color avia-section-default avia-no-border-styling  avia-builder-el-11  el_after_av_section  avia-builder-el-last  avia-bg-style-scroll container_wrap fullsize'  ><div class='container av-section-cont-open' ><div class='template-page content  av-content-full alpha units'><div class='post-entry post-entry-type-page post-entry-10207'><div class='entry-content-wrapper clearfix'>\n<section  class='av_textblock_section av-mmt6e5rt-6966e5f21001282571bfb5f3e929fd7e '   itemscope=\"itemscope\" itemtype=\"https:\/\/schema.org\/CreativeWork\" ><div class='avia_textblock'  itemprop=\"text\" ><div class=\"newsletterwrap\"><div class=\"prenldots\"><div class=\" dot dot_1\"><\/div><div class=\"dot dot_2\"><\/div><div class=\"dot dot_3\"><\/div><\/div><div class=\"nl-title\">\u017delite znati vi\u0161e o novim proizvodima i tehnologijama?<\/div><div class=\"nl-button\">Pretplatite se na na\u0161 bilten<\/div><\/div>\n<\/div><\/section>\n\n","protected":false},"excerpt":{"rendered":"","protected":false},"author":1,"featured_media":0,"parent":0,"menu_order":0,"comment_status":"closed","ping_status":"closed","template":"template-onas.php","meta":{"_acf_changed":false,"footnotes":""},"class_list":["post-10207","page","type-page","status-publish","hentry"],"acf":[],"yoast_head":"<!-- This site is optimized with the Yoast SEO plugin v25.5 - https:\/\/yoast.com\/wordpress\/plugins\/seo\/ -->\n<title>Razvoj, dizajn i proizvodnja medicinske opreme | Novak M |<\/title>\n<meta name=\"description\" content=\"Znanje, inovacije i nove tehnologije poma\u017eu nam da dizajniramo proizvode koji pru\u017eaju potpunu podr\u0161ku medicinskom osoblju i jam\u010di im sigurnost na radu.\" \/>\n<meta name=\"robots\" content=\"index, follow, max-snippet:-1, max-image-preview:large, max-video-preview:-1\" \/>\n<link rel=\"canonical\" href=\"https:\/\/novak-m.com\/hr\/o-nama\/\" \/>\n<meta property=\"og:locale\" content=\"hr_HR\" \/>\n<meta property=\"og:type\" content=\"article\" \/>\n<meta property=\"og:title\" content=\"Razvoj, dizajn i proizvodnja medicinske opreme | Novak M |\" \/>\n<meta property=\"og:description\" content=\"Znanje, inovacije i nove tehnologije poma\u017eu nam da dizajniramo proizvode koji pru\u017eaju potpunu podr\u0161ku medicinskom osoblju i jam\u010di im sigurnost na radu.\" \/>\n<meta property=\"og:url\" content=\"https:\/\/novak-m.com\/hr\/o-nama\/\" \/>\n<meta property=\"og:site_name\" content=\"Novak-M\" \/>\n<meta property=\"article:modified_time\" content=\"2026-03-16T12:44:48+00:00\" \/>\n<meta name=\"twitter:card\" content=\"summary_large_image\" \/>\n<meta name=\"twitter:label1\" content=\"Est. reading time\" \/>\n\t<meta name=\"twitter:data1\" content=\"2 minutes\" \/>\n<script type=\"application\/ld+json\" class=\"yoast-schema-graph\">{\"@context\":\"https:\/\/schema.org\",\"@graph\":[{\"@type\":\"WebPage\",\"@id\":\"https:\/\/novak-m.com\/hr\/o-nama\/\",\"url\":\"https:\/\/novak-m.com\/hr\/o-nama\/\",\"name\":\"Razvoj, dizajn i proizvodnja medicinske opreme | Novak M |\",\"isPartOf\":{\"@id\":\"https:\/\/novak-m.com\/fr\/#website\"},\"datePublished\":\"2019-01-03T12:44:51+00:00\",\"dateModified\":\"2026-03-16T12:44:48+00:00\",\"description\":\"Znanje, inovacije i nove tehnologije poma\u017eu nam da dizajniramo proizvode koji pru\u017eaju potpunu podr\u0161ku medicinskom osoblju i jam\u010di im sigurnost na radu.\",\"breadcrumb\":{\"@id\":\"https:\/\/novak-m.com\/hr\/o-nama\/#breadcrumb\"},\"inLanguage\":\"hr-HR\",\"potentialAction\":[{\"@type\":\"ReadAction\",\"target\":[\"https:\/\/novak-m.com\/hr\/o-nama\/\"]}]},{\"@type\":\"BreadcrumbList\",\"@id\":\"https:\/\/novak-m.com\/hr\/o-nama\/#breadcrumb\",\"itemListElement\":[{\"@type\":\"ListItem\",\"position\":1,\"name\":\"Home\",\"item\":\"https:\/\/novak-m.com\/hr\/home\/\"},{\"@type\":\"ListItem\",\"position\":2,\"name\":\"O nama\"}]},{\"@type\":\"WebSite\",\"@id\":\"https:\/\/novak-m.com\/fr\/#website\",\"url\":\"https:\/\/novak-m.com\/fr\/\",\"name\":\"Novak M\",\"description\":\"Novak M | official international webpage | novak-m.com\",\"potentialAction\":[{\"@type\":\"SearchAction\",\"target\":{\"@type\":\"EntryPoint\",\"urlTemplate\":\"https:\/\/novak-m.com\/fr\/?s={search_term_string}\"},\"query-input\":{\"@type\":\"PropertyValueSpecification\",\"valueRequired\":true,\"valueName\":\"search_term_string\"}}],\"inLanguage\":\"hr-HR\"}]}<\/script>\n<!-- \/ Yoast SEO plugin. -->","yoast_head_json":{"title":"Razvoj, dizajn i proizvodnja medicinske opreme | Novak M |","description":"Znanje, inovacije i nove tehnologije poma\u017eu nam da dizajniramo proizvode koji pru\u017eaju potpunu podr\u0161ku medicinskom osoblju i jam\u010di im sigurnost na radu.","robots":{"index":"index","follow":"follow","max-snippet":"max-snippet:-1","max-image-preview":"max-image-preview:large","max-video-preview":"max-video-preview:-1"},"canonical":"https:\/\/novak-m.com\/hr\/o-nama\/","og_locale":"hr_HR","og_type":"article","og_title":"Razvoj, dizajn i proizvodnja medicinske opreme | Novak M |","og_description":"Znanje, inovacije i nove tehnologije poma\u017eu nam da dizajniramo proizvode koji pru\u017eaju potpunu podr\u0161ku medicinskom osoblju i jam\u010di im sigurnost na radu.","og_url":"https:\/\/novak-m.com\/hr\/o-nama\/","og_site_name":"Novak-M","article_modified_time":"2026-03-16T12:44:48+00:00","twitter_card":"summary_large_image","twitter_misc":{"Est. reading time":"2 minutes"},"schema":{"@context":"https:\/\/schema.org","@graph":[{"@type":"WebPage","@id":"https:\/\/novak-m.com\/hr\/o-nama\/","url":"https:\/\/novak-m.com\/hr\/o-nama\/","name":"Razvoj, dizajn i proizvodnja medicinske opreme | Novak M |","isPartOf":{"@id":"https:\/\/novak-m.com\/fr\/#website"},"datePublished":"2019-01-03T12:44:51+00:00","dateModified":"2026-03-16T12:44:48+00:00","description":"Znanje, inovacije i nove tehnologije poma\u017eu nam da dizajniramo proizvode koji pru\u017eaju potpunu podr\u0161ku medicinskom osoblju i jam\u010di im sigurnost na radu.","breadcrumb":{"@id":"https:\/\/novak-m.com\/hr\/o-nama\/#breadcrumb"},"inLanguage":"hr-HR","potentialAction":[{"@type":"ReadAction","target":["https:\/\/novak-m.com\/hr\/o-nama\/"]}]},{"@type":"BreadcrumbList","@id":"https:\/\/novak-m.com\/hr\/o-nama\/#breadcrumb","itemListElement":[{"@type":"ListItem","position":1,"name":"Home","item":"https:\/\/novak-m.com\/hr\/home\/"},{"@type":"ListItem","position":2,"name":"O nama"}]},{"@type":"WebSite","@id":"https:\/\/novak-m.com\/fr\/#website","url":"https:\/\/novak-m.com\/fr\/","name":"Novak M","description":"Novak M | official international webpage | novak-m.com","potentialAction":[{"@type":"SearchAction","target":{"@type":"EntryPoint","urlTemplate":"https:\/\/novak-m.com\/fr\/?s={search_term_string}"},"query-input":{"@type":"PropertyValueSpecification","valueRequired":true,"valueName":"search_term_string"}}],"inLanguage":"hr-HR"}]}},"_links":{"self":[{"href":"https:\/\/novak-m.com\/hr\/wp-json\/wp\/v2\/pages\/10207","targetHints":{"allow":["GET"]}}],"collection":[{"href":"https:\/\/novak-m.com\/hr\/wp-json\/wp\/v2\/pages"}],"about":[{"href":"https:\/\/novak-m.com\/hr\/wp-json\/wp\/v2\/types\/page"}],"author":[{"embeddable":true,"href":"https:\/\/novak-m.com\/hr\/wp-json\/wp\/v2\/users\/1"}],"replies":[{"embeddable":true,"href":"https:\/\/novak-m.com\/hr\/wp-json\/wp\/v2\/comments?post=10207"}],"version-history":[{"count":5,"href":"https:\/\/novak-m.com\/hr\/wp-json\/wp\/v2\/pages\/10207\/revisions"}],"predecessor-version":[{"id":112422,"href":"https:\/\/novak-m.com\/hr\/wp-json\/wp\/v2\/pages\/10207\/revisions\/112422"}],"wp:attachment":[{"href":"https:\/\/novak-m.com\/hr\/wp-json\/wp\/v2\/media?parent=10207"}],"curies":[{"name":"wp","href":"https:\/\/api.w.org\/{rel}","templated":true}]}}