{"id":82526,"date":"2023-06-19T07:29:06","date_gmt":"2023-06-19T05:29:06","guid":{"rendered":"https:\/\/www.novak-m.com\/configurator-blood-diagnostic-and-therapy-chairs\/"},"modified":"2023-10-10T10:58:38","modified_gmt":"2023-10-10T08:58:38","slug":"configurateur-fauteuils-dhopital-de-jour","status":"publish","type":"page","link":"https:\/\/novak-m.com\/fr\/configurateur-fauteuils-dhopital-de-jour\/","title":{"rendered":"Configurator &#8211; Fauteuils d\u2019h\u00f4pital de jour"},"content":{"rendered":"","protected":false},"excerpt":{"rendered":"","protected":false},"author":1,"featured_media":0,"parent":0,"menu_order":0,"comment_status":"closed","ping_status":"closed","template":"template-konfigurator.php","meta":{"_acf_changed":false,"footnotes":""},"class_list":["post-82526","page","type-page","status-publish","hentry"],"acf":[],"yoast_head":"<!-- This site is optimized with the Yoast SEO plugin v25.5 - https:\/\/yoast.com\/wordpress\/plugins\/seo\/ -->\n<title>Configurez un fauteuil pour les pr\u00e9l\u00e8vement ou la dialyse | Novak M<\/title>\n<meta name=\"description\" content=\"Configurez votre fauteuil de pr\u00e9l\u00e8vement sanguin, de dialyse ou de chimioth\u00e9rapie en fonction des besoins de vos patients et du personnel !\" \/>\n<meta name=\"robots\" content=\"index, follow, max-snippet:-1, max-image-preview:large, max-video-preview:-1\" \/>\n<link rel=\"canonical\" href=\"https:\/\/novak-m.com\/configurator-day-clinic-chairs\/\" \/>\n<meta property=\"og:locale\" content=\"fr_FR\" \/>\n<meta property=\"og:type\" content=\"article\" \/>\n<meta property=\"og:title\" content=\"Configurez un fauteuil pour les pr\u00e9l\u00e8vement ou la dialyse | Novak M\" \/>\n<meta property=\"og:description\" content=\"Configurez votre fauteuil de pr\u00e9l\u00e8vement sanguin, de dialyse ou de chimioth\u00e9rapie en fonction des besoins de vos patients et du personnel !\" \/>\n<meta property=\"og:url\" content=\"https:\/\/novak-m.com\/configurator-day-clinic-chairs\/\" \/>\n<meta property=\"og:site_name\" content=\"Novak-M\" \/>\n<meta property=\"article:modified_time\" content=\"2023-10-10T08:58:38+00:00\" \/>\n<meta name=\"twitter:card\" content=\"summary_large_image\" \/>\n<script type=\"application\/ld+json\" class=\"yoast-schema-graph\">{\"@context\":\"https:\/\/schema.org\",\"@graph\":[{\"@type\":\"WebPage\",\"@id\":\"https:\/\/novak-m.com\/configurator-day-clinic-chairs\/\",\"url\":\"https:\/\/novak-m.com\/configurator-day-clinic-chairs\/\",\"name\":\"Configurez un fauteuil pour les pr\u00e9l\u00e8vement ou la dialyse | Novak M\",\"isPartOf\":{\"@id\":\"https:\/\/novak-m.com\/fr\/#website\"},\"datePublished\":\"2023-06-19T05:29:06+00:00\",\"dateModified\":\"2023-10-10T08:58:38+00:00\",\"description\":\"Configurez votre fauteuil de pr\u00e9l\u00e8vement sanguin, de dialyse ou de chimioth\u00e9rapie en fonction des besoins de vos patients et du personnel !\",\"breadcrumb\":{\"@id\":\"https:\/\/novak-m.com\/configurator-day-clinic-chairs\/#breadcrumb\"},\"inLanguage\":\"fr-FR\",\"potentialAction\":[{\"@type\":\"ReadAction\",\"target\":[\"https:\/\/novak-m.com\/configurator-day-clinic-chairs\/\"]}]},{\"@type\":\"BreadcrumbList\",\"@id\":\"https:\/\/novak-m.com\/configurator-day-clinic-chairs\/#breadcrumb\",\"itemListElement\":[{\"@type\":\"ListItem\",\"position\":1,\"name\":\"Home\",\"item\":\"https:\/\/novak-m.com\/fr\/home\/\"},{\"@type\":\"ListItem\",\"position\":2,\"name\":\"Configurator &#8211; Fauteuils d\u2019h\u00f4pital de jour\"}]},{\"@type\":\"WebSite\",\"@id\":\"https:\/\/novak-m.com\/fr\/#website\",\"url\":\"https:\/\/novak-m.com\/fr\/\",\"name\":\"Novak M\",\"description\":\"Novak M | official international webpage | novak-m.com\",\"potentialAction\":[{\"@type\":\"SearchAction\",\"target\":{\"@type\":\"EntryPoint\",\"urlTemplate\":\"https:\/\/novak-m.com\/fr\/?s={search_term_string}\"},\"query-input\":{\"@type\":\"PropertyValueSpecification\",\"valueRequired\":true,\"valueName\":\"search_term_string\"}}],\"inLanguage\":\"fr-FR\"}]}<\/script>\n<!-- \/ Yoast SEO plugin. -->","yoast_head_json":{"title":"Configurez un fauteuil pour les pr\u00e9l\u00e8vement ou la dialyse | Novak M","description":"Configurez votre fauteuil de pr\u00e9l\u00e8vement sanguin, de dialyse ou de chimioth\u00e9rapie en fonction des besoins de vos patients et du personnel !","robots":{"index":"index","follow":"follow","max-snippet":"max-snippet:-1","max-image-preview":"max-image-preview:large","max-video-preview":"max-video-preview:-1"},"canonical":"https:\/\/novak-m.com\/configurator-day-clinic-chairs\/","og_locale":"fr_FR","og_type":"article","og_title":"Configurez un fauteuil pour les pr\u00e9l\u00e8vement ou la dialyse | Novak M","og_description":"Configurez votre fauteuil de pr\u00e9l\u00e8vement sanguin, de dialyse ou de chimioth\u00e9rapie en fonction des besoins de vos patients et du personnel !","og_url":"https:\/\/novak-m.com\/configurator-day-clinic-chairs\/","og_site_name":"Novak-M","article_modified_time":"2023-10-10T08:58:38+00:00","twitter_card":"summary_large_image","schema":{"@context":"https:\/\/schema.org","@graph":[{"@type":"WebPage","@id":"https:\/\/novak-m.com\/configurator-day-clinic-chairs\/","url":"https:\/\/novak-m.com\/configurator-day-clinic-chairs\/","name":"Configurez un fauteuil pour les pr\u00e9l\u00e8vement ou la dialyse | Novak M","isPartOf":{"@id":"https:\/\/novak-m.com\/fr\/#website"},"datePublished":"2023-06-19T05:29:06+00:00","dateModified":"2023-10-10T08:58:38+00:00","description":"Configurez votre fauteuil de pr\u00e9l\u00e8vement sanguin, de dialyse ou de chimioth\u00e9rapie en fonction des besoins de vos patients et du personnel !","breadcrumb":{"@id":"https:\/\/novak-m.com\/configurator-day-clinic-chairs\/#breadcrumb"},"inLanguage":"fr-FR","potentialAction":[{"@type":"ReadAction","target":["https:\/\/novak-m.com\/configurator-day-clinic-chairs\/"]}]},{"@type":"BreadcrumbList","@id":"https:\/\/novak-m.com\/configurator-day-clinic-chairs\/#breadcrumb","itemListElement":[{"@type":"ListItem","position":1,"name":"Home","item":"https:\/\/novak-m.com\/fr\/home\/"},{"@type":"ListItem","position":2,"name":"Configurator &#8211; Fauteuils d\u2019h\u00f4pital de jour"}]},{"@type":"WebSite","@id":"https:\/\/novak-m.com\/fr\/#website","url":"https:\/\/novak-m.com\/fr\/","name":"Novak M","description":"Novak M | official international webpage | novak-m.com","potentialAction":[{"@type":"SearchAction","target":{"@type":"EntryPoint","urlTemplate":"https:\/\/novak-m.com\/fr\/?s={search_term_string}"},"query-input":{"@type":"PropertyValueSpecification","valueRequired":true,"valueName":"search_term_string"}}],"inLanguage":"fr-FR"}]}},"_links":{"self":[{"href":"https:\/\/novak-m.com\/fr\/wp-json\/wp\/v2\/pages\/82526","targetHints":{"allow":["GET"]}}],"collection":[{"href":"https:\/\/novak-m.com\/fr\/wp-json\/wp\/v2\/pages"}],"about":[{"href":"https:\/\/novak-m.com\/fr\/wp-json\/wp\/v2\/types\/page"}],"author":[{"embeddable":true,"href":"https:\/\/novak-m.com\/fr\/wp-json\/wp\/v2\/users\/1"}],"replies":[{"embeddable":true,"href":"https:\/\/novak-m.com\/fr\/wp-json\/wp\/v2\/comments?post=82526"}],"version-history":[{"count":0,"href":"https:\/\/novak-m.com\/fr\/wp-json\/wp\/v2\/pages\/82526\/revisions"}],"wp:attachment":[{"href":"https:\/\/novak-m.com\/fr\/wp-json\/wp\/v2\/media?parent=82526"}],"curies":[{"name":"wp","href":"https:\/\/api.w.org\/{rel}","templated":true}]}}