{"id":76293,"date":"2023-01-13T11:40:54","date_gmt":"2023-01-13T10:40:54","guid":{"rendered":"https:\/\/www.novak-m.com\/servis\/"},"modified":"2025-12-18T12:34:48","modified_gmt":"2025-12-18T11:34:48","slug":"le-service","status":"publish","type":"page","link":"https:\/\/novak-m.com\/fr\/le-service\/","title":{"rendered":"Le service"},"content":{"rendered":"<section  class='av_textblock_section av-2jfv7p4-2f8f87ef2fbf0efc53bb622f561ce220 '   itemscope=\"itemscope\" itemtype=\"https:\/\/schema.org\/CreativeWork\" ><div class='avia_textblock'  itemprop=\"text\" ><h2>Notre priorit\u00e9 num\u00e9ro un est votre satisfaction lorsque vous utilisez nos produits.<\/h2>\n<p>Si votre produit Novak M doit \u00eatre r\u00e9par\u00e9, veuillez contacter votre revendeur et convenir d&rsquo;un rendez-vous de service. Cliquez ici pour obtenir la liste de nos repr\u00e9sentants dans plus de 20 pays dans le monde entier.<\/p>\n<h2>Comment vous pr\u00e9parer \u00e0 votre rendez-vous de service<\/h2>\n<p>Veuillez trouver l&rsquo;\u00e9tiquette argent\u00e9e sur votre produit. L&rsquo;\u00e9tiquette argent\u00e9e contient des informations cl\u00e9s sur le produit, comme par exemple :<\/p>\n<ul>\n<li>le mod\u00e8le<\/li>\n<li>le nom du produit<\/li>\n<li>le num\u00e9ro de s\u00e9rie du produit<\/li>\n<li>le mois et l\u2019ann\u00e9e de fabrication<\/li>\n<\/ul>\n<p>Ces donn\u00e9es permettent \u00e0 l&rsquo;\u00e9quipe de service de retracer vos produits et les aident \u00e0 identifier la panne et \u00e0 vous fournir le service de r\u00e9paration appropri\u00e9.<\/p>\n<p>En savoir plus sur la <a href=\"https:\/\/novak-m.com\/fr\/garantie\/\"><strong>garantie<\/strong><\/a> de nos produits.<\/p>\n<p><img loading=\"lazy\" decoding=\"async\" class=\"alignnone wp-image-75552\" src=\"https:\/\/novak-m.com\/wp-content\/uploads\/2023\/02\/ETS4_servis.jpg\" alt=\"\" width=\"136\" height=\"88\" \/> <img loading=\"lazy\" decoding=\"async\" class=\"alignnone wp-image-75558\" src=\"https:\/\/novak-m.com\/wp-content\/uploads\/2023\/02\/X2_servis.jpg\" alt=\"\" width=\"158\" height=\"88\" \/> <img loading=\"lazy\" decoding=\"async\" class=\"alignnone wp-image-75564\" src=\"https:\/\/novak-m.com\/wp-content\/uploads\/2023\/02\/TCZ_servis.jpg\" alt=\"\" width=\"126\" height=\"98\" \/> <img loading=\"lazy\" decoding=\"async\" class=\"alignnone wp-image-75546\" src=\"https:\/\/novak-m.com\/wp-content\/uploads\/2023\/02\/BON_servis.jpg\" alt=\"\" width=\"125\" height=\"102\" \/><\/p>\n<h3>Exemples d&rsquo;\u00e9tiquettes argent\u00e9es :<\/h3>\n<p><img loading=\"lazy\" decoding=\"async\" class=\"alignnone wp-image-113100\" src=\"https:\/\/novak-m.com\/wp-content\/uploads\/2025\/12\/Tablica_electric-scaled.jpg\" alt=\"\" width=\"311\" height=\"131\" srcset=\"https:\/\/novak-m.com\/wp-content\/uploads\/2025\/12\/Tablica_electric-scaled.jpg 2560w, https:\/\/novak-m.com\/wp-content\/uploads\/2025\/12\/Tablica_electric-300x126.jpg 300w, https:\/\/novak-m.com\/wp-content\/uploads\/2025\/12\/Tablica_electric-1030x433.jpg 1030w, https:\/\/novak-m.com\/wp-content\/uploads\/2025\/12\/Tablica_electric-768x323.jpg 768w, https:\/\/novak-m.com\/wp-content\/uploads\/2025\/12\/Tablica_electric-286x120.jpg 286w, https:\/\/novak-m.com\/wp-content\/uploads\/2025\/12\/Tablica_electric-1536x645.jpg 1536w, https:\/\/novak-m.com\/wp-content\/uploads\/2025\/12\/Tablica_electric-2048x861.jpg 2048w, https:\/\/novak-m.com\/wp-content\/uploads\/2025\/12\/Tablica_electric-1500x630.jpg 1500w, https:\/\/novak-m.com\/wp-content\/uploads\/2025\/12\/Tablica_electric-600x252.jpg 600w\" sizes=\"auto, (max-width: 311px) 100vw, 311px\" \/>\u00a0<img loading=\"lazy\" decoding=\"async\" class=\"alignnone wp-image-75152\" src=\"https:\/\/novak-m.com\/wp-content\/uploads\/2023\/01\/tablica-PMSL.jpg\" alt=\"\" width=\"251\" height=\"131\" srcset=\"https:\/\/novak-m.com\/wp-content\/uploads\/2023\/01\/tablica-PMSL.jpg 2315w, https:\/\/novak-m.com\/wp-content\/uploads\/2023\/01\/tablica-PMSL-300x156.jpg 300w, https:\/\/novak-m.com\/wp-content\/uploads\/2023\/01\/tablica-PMSL-1030x537.jpg 1030w, https:\/\/novak-m.com\/wp-content\/uploads\/2023\/01\/tablica-PMSL-768x400.jpg 768w, https:\/\/novak-m.com\/wp-content\/uploads\/2023\/01\/tablica-PMSL-230x120.jpg 230w, https:\/\/novak-m.com\/wp-content\/uploads\/2023\/01\/tablica-PMSL-212x110.jpg 212w, https:\/\/novak-m.com\/wp-content\/uploads\/2023\/01\/tablica-PMSL-1536x800.jpg 1536w, https:\/\/novak-m.com\/wp-content\/uploads\/2023\/01\/tablica-PMSL-2048x1067.jpg 2048w, https:\/\/novak-m.com\/wp-content\/uploads\/2023\/01\/tablica-PMSL-1500x781.jpg 1500w, https:\/\/novak-m.com\/wp-content\/uploads\/2023\/01\/tablica-PMSL-600x313.jpg 600w\" sizes=\"auto, (max-width: 251px) 100vw, 251px\" \/><\/p>\n<h2><\/h2>\n<h2><\/h2>\n<h2><\/h2>\n<h2>Un probl\u00e8me de commande manuelle que vous pouvez r\u00e9soudre vous-m\u00eame<\/h2>\n<p>Si vous entendez des bips inhabituels lors de l&rsquo;utilisation de la commande manuelle et que la table ne se l\u00e8ve ou ne s&rsquo;abaisse pas dans la position souhait\u00e9e, effectuez une proc\u00e9dure d&rsquo;initialisation du moteur. Les instructions correspondantes se trouvent dans le manuel d\u2019utilisation.<\/p>\n<p>Si le probl\u00e8me persiste, il est fort probable qu&rsquo;un d\u00e9faut se soit produit. Contactez <a href=\"https:\/\/novak-m.com\/fr\/reseau-de-vente\/\"><strong>votre revendeur<\/strong><\/a> pour le service !<\/p>\n<\/div><\/section>\n","protected":false},"excerpt":{"rendered":"","protected":false},"author":5,"featured_media":75314,"parent":0,"menu_order":0,"comment_status":"closed","ping_status":"closed","template":"template-content-page.php","meta":{"_acf_changed":false,"footnotes":""},"class_list":["post-76293","page","type-page","status-publish","has-post-thumbnail","hentry"],"acf":[],"yoast_head":"<!-- This site is optimized with the Yoast SEO plugin v25.5 - https:\/\/yoast.com\/wordpress\/plugins\/seo\/ -->\n<title>Tout sur le service de nos produits\u2502Novak M<\/title>\n<meta name=\"description\" content=\"Vous avez besoin d&#039;un rendez-vous pour l&#039;entretien de votre produit ? Toutes vos informations sur le service.\" \/>\n<meta name=\"robots\" content=\"index, follow, max-snippet:-1, max-image-preview:large, max-video-preview:-1\" \/>\n<link rel=\"canonical\" href=\"https:\/\/novak-m.com\/fr\/le-service\/\" \/>\n<meta property=\"og:locale\" content=\"fr_FR\" \/>\n<meta property=\"og:type\" content=\"article\" \/>\n<meta property=\"og:title\" content=\"Tout sur le service de nos produits\u2502Novak M\" \/>\n<meta property=\"og:description\" content=\"Vous avez besoin d&#039;un rendez-vous pour l&#039;entretien de votre produit ? Toutes vos informations sur le service.\" \/>\n<meta property=\"og:url\" content=\"https:\/\/novak-m.com\/fr\/le-service\/\" \/>\n<meta property=\"og:site_name\" content=\"Novak-M\" \/>\n<meta property=\"article:modified_time\" content=\"2025-12-18T11:34:48+00:00\" \/>\n<meta property=\"og:image\" content=\"https:\/\/novak-m.com\/wp-content\/uploads\/2023\/01\/servis_stran.jpg\" \/>\n\t<meta property=\"og:image:width\" content=\"1037\" \/>\n\t<meta property=\"og:image:height\" content=\"929\" \/>\n\t<meta property=\"og:image:type\" content=\"image\/jpeg\" \/>\n<meta name=\"twitter:card\" content=\"summary_large_image\" \/>\n<meta name=\"twitter:label1\" content=\"Dur\u00e9e de lecture estim\u00e9e\" \/>\n\t<meta name=\"twitter:data1\" content=\"3 minutes\" \/>\n<script type=\"application\/ld+json\" class=\"yoast-schema-graph\">{\"@context\":\"https:\/\/schema.org\",\"@graph\":[{\"@type\":\"WebPage\",\"@id\":\"https:\/\/novak-m.com\/fr\/le-service\/\",\"url\":\"https:\/\/novak-m.com\/fr\/le-service\/\",\"name\":\"Tout sur le service de nos produits\u2502Novak M\",\"isPartOf\":{\"@id\":\"https:\/\/novak-m.com\/fr\/#website\"},\"primaryImageOfPage\":{\"@id\":\"https:\/\/novak-m.com\/fr\/le-service\/#primaryimage\"},\"image\":{\"@id\":\"https:\/\/novak-m.com\/fr\/le-service\/#primaryimage\"},\"thumbnailUrl\":\"https:\/\/novak-m.com\/wp-content\/uploads\/2023\/01\/servis_stran.jpg\",\"datePublished\":\"2023-01-13T10:40:54+00:00\",\"dateModified\":\"2025-12-18T11:34:48+00:00\",\"description\":\"Vous avez besoin d'un rendez-vous pour l'entretien de votre produit ? Toutes vos informations sur le service.\",\"breadcrumb\":{\"@id\":\"https:\/\/novak-m.com\/fr\/le-service\/#breadcrumb\"},\"inLanguage\":\"fr-FR\",\"potentialAction\":[{\"@type\":\"ReadAction\",\"target\":[\"https:\/\/novak-m.com\/fr\/le-service\/\"]}]},{\"@type\":\"ImageObject\",\"inLanguage\":\"fr-FR\",\"@id\":\"https:\/\/novak-m.com\/fr\/le-service\/#primaryimage\",\"url\":\"https:\/\/novak-m.com\/wp-content\/uploads\/2023\/01\/servis_stran.jpg\",\"contentUrl\":\"https:\/\/novak-m.com\/wp-content\/uploads\/2023\/01\/servis_stran.jpg\",\"width\":1037,\"height\":929,\"caption\":\"technician on his way to service\"},{\"@type\":\"BreadcrumbList\",\"@id\":\"https:\/\/novak-m.com\/fr\/le-service\/#breadcrumb\",\"itemListElement\":[{\"@type\":\"ListItem\",\"position\":1,\"name\":\"Home\",\"item\":\"https:\/\/novak-m.com\/fr\/home\/\"},{\"@type\":\"ListItem\",\"position\":2,\"name\":\"Le service\"}]},{\"@type\":\"WebSite\",\"@id\":\"https:\/\/novak-m.com\/fr\/#website\",\"url\":\"https:\/\/novak-m.com\/fr\/\",\"name\":\"Novak M\",\"description\":\"Novak M | official international webpage | novak-m.com\",\"potentialAction\":[{\"@type\":\"SearchAction\",\"target\":{\"@type\":\"EntryPoint\",\"urlTemplate\":\"https:\/\/novak-m.com\/fr\/?s={search_term_string}\"},\"query-input\":{\"@type\":\"PropertyValueSpecification\",\"valueRequired\":true,\"valueName\":\"search_term_string\"}}],\"inLanguage\":\"fr-FR\"}]}<\/script>\n<!-- \/ Yoast SEO plugin. -->","yoast_head_json":{"title":"Tout sur le service de nos produits\u2502Novak M","description":"Vous avez besoin d'un rendez-vous pour l'entretien de votre produit ? Toutes vos informations sur le service.","robots":{"index":"index","follow":"follow","max-snippet":"max-snippet:-1","max-image-preview":"max-image-preview:large","max-video-preview":"max-video-preview:-1"},"canonical":"https:\/\/novak-m.com\/fr\/le-service\/","og_locale":"fr_FR","og_type":"article","og_title":"Tout sur le service de nos produits\u2502Novak M","og_description":"Vous avez besoin d'un rendez-vous pour l'entretien de votre produit ? Toutes vos informations sur le service.","og_url":"https:\/\/novak-m.com\/fr\/le-service\/","og_site_name":"Novak-M","article_modified_time":"2025-12-18T11:34:48+00:00","og_image":[{"width":1037,"height":929,"url":"https:\/\/novak-m.com\/wp-content\/uploads\/2023\/01\/servis_stran.jpg","type":"image\/jpeg"}],"twitter_card":"summary_large_image","twitter_misc":{"Dur\u00e9e de lecture estim\u00e9e":"3 minutes"},"schema":{"@context":"https:\/\/schema.org","@graph":[{"@type":"WebPage","@id":"https:\/\/novak-m.com\/fr\/le-service\/","url":"https:\/\/novak-m.com\/fr\/le-service\/","name":"Tout sur le service de nos produits\u2502Novak M","isPartOf":{"@id":"https:\/\/novak-m.com\/fr\/#website"},"primaryImageOfPage":{"@id":"https:\/\/novak-m.com\/fr\/le-service\/#primaryimage"},"image":{"@id":"https:\/\/novak-m.com\/fr\/le-service\/#primaryimage"},"thumbnailUrl":"https:\/\/novak-m.com\/wp-content\/uploads\/2023\/01\/servis_stran.jpg","datePublished":"2023-01-13T10:40:54+00:00","dateModified":"2025-12-18T11:34:48+00:00","description":"Vous avez besoin d'un rendez-vous pour l'entretien de votre produit ? Toutes vos informations sur le service.","breadcrumb":{"@id":"https:\/\/novak-m.com\/fr\/le-service\/#breadcrumb"},"inLanguage":"fr-FR","potentialAction":[{"@type":"ReadAction","target":["https:\/\/novak-m.com\/fr\/le-service\/"]}]},{"@type":"ImageObject","inLanguage":"fr-FR","@id":"https:\/\/novak-m.com\/fr\/le-service\/#primaryimage","url":"https:\/\/novak-m.com\/wp-content\/uploads\/2023\/01\/servis_stran.jpg","contentUrl":"https:\/\/novak-m.com\/wp-content\/uploads\/2023\/01\/servis_stran.jpg","width":1037,"height":929,"caption":"technician on his way to service"},{"@type":"BreadcrumbList","@id":"https:\/\/novak-m.com\/fr\/le-service\/#breadcrumb","itemListElement":[{"@type":"ListItem","position":1,"name":"Home","item":"https:\/\/novak-m.com\/fr\/home\/"},{"@type":"ListItem","position":2,"name":"Le service"}]},{"@type":"WebSite","@id":"https:\/\/novak-m.com\/fr\/#website","url":"https:\/\/novak-m.com\/fr\/","name":"Novak M","description":"Novak M | official international webpage | novak-m.com","potentialAction":[{"@type":"SearchAction","target":{"@type":"EntryPoint","urlTemplate":"https:\/\/novak-m.com\/fr\/?s={search_term_string}"},"query-input":{"@type":"PropertyValueSpecification","valueRequired":true,"valueName":"search_term_string"}}],"inLanguage":"fr-FR"}]}},"_links":{"self":[{"href":"https:\/\/novak-m.com\/fr\/wp-json\/wp\/v2\/pages\/76293","targetHints":{"allow":["GET"]}}],"collection":[{"href":"https:\/\/novak-m.com\/fr\/wp-json\/wp\/v2\/pages"}],"about":[{"href":"https:\/\/novak-m.com\/fr\/wp-json\/wp\/v2\/types\/page"}],"author":[{"embeddable":true,"href":"https:\/\/novak-m.com\/fr\/wp-json\/wp\/v2\/users\/5"}],"replies":[{"embeddable":true,"href":"https:\/\/novak-m.com\/fr\/wp-json\/wp\/v2\/comments?post=76293"}],"version-history":[{"count":3,"href":"https:\/\/novak-m.com\/fr\/wp-json\/wp\/v2\/pages\/76293\/revisions"}],"predecessor-version":[{"id":113166,"href":"https:\/\/novak-m.com\/fr\/wp-json\/wp\/v2\/pages\/76293\/revisions\/113166"}],"wp:featuredmedia":[{"embeddable":true,"href":"https:\/\/novak-m.com\/fr\/wp-json\/wp\/v2\/media\/75314"}],"wp:attachment":[{"href":"https:\/\/novak-m.com\/fr\/wp-json\/wp\/v2\/media?parent=76293"}],"curies":[{"name":"wp","href":"https:\/\/api.w.org\/{rel}","templated":true}]}}