{"id":76237,"date":"2022-10-25T08:03:15","date_gmt":"2022-10-25T06:03:15","guid":{"rendered":"https:\/\/www.novak-m.com\/garancija\/"},"modified":"2023-06-13T12:10:45","modified_gmt":"2023-06-13T10:10:45","slug":"garantie","status":"publish","type":"page","link":"https:\/\/novak-m.com\/fr\/garantie\/","title":{"rendered":"Garantie"},"content":{"rendered":"<div  class='flex_column av-1mlc042-430870d3d32ca44f77806b22e06c428c av_one_third  avia-builder-el-0  el_before_av_one_third  avia-builder-el-first  first flex_column_div  '     ><section  class='av_textblock_section av-ld1k5kf0-633fe59e7eea2820c046a4efbfe6d6e6 '   itemscope=\"itemscope\" itemtype=\"https:\/\/schema.org\/CreativeWork\" ><div class='avia_textblock'  itemprop=\"text\" ><h2><img loading=\"lazy\" decoding=\"async\" class=\"wp-image-75014 size-woocommerce_gallery_thumbnail aligncenter\" src=\"https:\/\/novak-m.com\/wp-content\/uploads\/2023\/01\/3_EN-100x100.png\" alt=\"\" width=\"100\" height=\"100\" srcset=\"https:\/\/novak-m.com\/wp-content\/uploads\/2023\/01\/3_EN-100x100.png 100w, https:\/\/novak-m.com\/wp-content\/uploads\/2023\/01\/3_EN-300x300.png 300w, https:\/\/novak-m.com\/wp-content\/uploads\/2023\/01\/3_EN-80x80.png 80w, https:\/\/novak-m.com\/wp-content\/uploads\/2023\/01\/3_EN-120x120.png 120w, https:\/\/novak-m.com\/wp-content\/uploads\/2023\/01\/3_EN-36x36.png 36w, https:\/\/novak-m.com\/wp-content\/uploads\/2023\/01\/3_EN.png 500w\" sizes=\"auto, (max-width: 100px) 100vw, 100px\" \/><\/h2>\n<p style=\"text-align: center;\">Garantie de 3 ans sur les performances, la construction et tous les composants \u00e9lectriques<\/p>\n<\/div><\/section><\/div>\n<div  class='flex_column av-wiff4i-4d1ff11b035963898e701f6b27fec9b5 av_one_third  avia-builder-el-2  el_after_av_one_third  el_before_av_one_third  flex_column_div  '     ><section  class='av_textblock_section av-ld1k8xae-792ddd5c1e9466f026814145836ae64f '   itemscope=\"itemscope\" itemtype=\"https:\/\/schema.org\/CreativeWork\" ><div class='avia_textblock'  itemprop=\"text\" ><h2><img loading=\"lazy\" decoding=\"async\" class=\"wp-image-75050 size-woocommerce_gallery_thumbnail aligncenter\" src=\"https:\/\/novak-m.com\/wp-content\/uploads\/2023\/01\/12_EN-100x100.png\" alt=\"\" width=\"100\" height=\"100\" srcset=\"https:\/\/novak-m.com\/wp-content\/uploads\/2023\/01\/12_EN-100x100.png 100w, https:\/\/novak-m.com\/wp-content\/uploads\/2023\/01\/12_EN-300x300.png 300w, https:\/\/novak-m.com\/wp-content\/uploads\/2023\/01\/12_EN-80x80.png 80w, https:\/\/novak-m.com\/wp-content\/uploads\/2023\/01\/12_EN-120x120.png 120w, https:\/\/novak-m.com\/wp-content\/uploads\/2023\/01\/12_EN-36x36.png 36w, https:\/\/novak-m.com\/wp-content\/uploads\/2023\/01\/12_EN.png 500w\" sizes=\"auto, (max-width: 100px) 100vw, 100px\" \/><\/h2>\n<p style=\"text-align: center;\">Garantie de 12 mois sur le rembourrage<\/p>\n<\/div><\/section><\/div>\n<div  class='flex_column av-z978du-135a078f2bf01e064ef3246dfecda58b av_one_third  avia-builder-el-4  el_after_av_one_third  el_before_av_one_full  flex_column_div  '     ><section  class='av_textblock_section av-ld1k9sep-daa8f88d653c61eba3d929c04546095f '   itemscope=\"itemscope\" itemtype=\"https:\/\/schema.org\/CreativeWork\" ><div class='avia_textblock'  itemprop=\"text\" ><h2><img loading=\"lazy\" decoding=\"async\" class=\"wp-image-75038 size-woocommerce_gallery_thumbnail aligncenter\" src=\"https:\/\/novak-m.com\/wp-content\/uploads\/2023\/01\/10_EN-100x100.png\" alt=\"\" width=\"100\" height=\"100\" srcset=\"https:\/\/novak-m.com\/wp-content\/uploads\/2023\/01\/10_EN-100x100.png 100w, https:\/\/novak-m.com\/wp-content\/uploads\/2023\/01\/10_EN-300x300.png 300w, https:\/\/novak-m.com\/wp-content\/uploads\/2023\/01\/10_EN-80x80.png 80w, https:\/\/novak-m.com\/wp-content\/uploads\/2023\/01\/10_EN-120x120.png 120w, https:\/\/novak-m.com\/wp-content\/uploads\/2023\/01\/10_EN-36x36.png 36w, https:\/\/novak-m.com\/wp-content\/uploads\/2023\/01\/10_EN.png 500w\" sizes=\"auto, (max-width: 100px) 100vw, 100px\" \/><\/h2>\n<p style=\"text-align: center;\">Nous garantissons la disponibilit\u00e9 de toutes les pi\u00e8ces de rechange et offrons un service de r\u00e9paration pendant 10 ans.<\/p>\n<\/div><\/section><\/div>\n<div  class='flex_column av-ngeg9e-524ad8fea28b0d09f194ecff72641f48 av_one_full  avia-builder-el-6  el_after_av_one_third  el_before_av_textblock  first flex_column_div  column-top-margin'     ><\/div>\n<section  class='av_textblock_section av-1wk1o36-866a5bef3721e9d7b845835a690c6348 '   itemscope=\"itemscope\" itemtype=\"https:\/\/schema.org\/CreativeWork\" ><div class='avia_textblock'  itemprop=\"text\" ><h2 style=\"text-align: left;\"><\/h2>\n<h2 style=\"text-align: center;\">B\u00e9n\u00e9ficier d&rsquo;une garantie \u00e9tendue<\/h2>\n<p><img loading=\"lazy\" decoding=\"async\" class=\"alignnone wp-image-75026 size-woocommerce_gallery_thumbnail aligncenter\" src=\"https:\/\/novak-m.com\/wp-content\/uploads\/2023\/01\/31_EN-100x100.png\" alt=\"\" width=\"100\" height=\"100\" srcset=\"https:\/\/novak-m.com\/wp-content\/uploads\/2023\/01\/31_EN-100x100.png 100w, https:\/\/novak-m.com\/wp-content\/uploads\/2023\/01\/31_EN-300x300.png 300w, https:\/\/novak-m.com\/wp-content\/uploads\/2023\/01\/31_EN-80x80.png 80w, https:\/\/novak-m.com\/wp-content\/uploads\/2023\/01\/31_EN-120x120.png 120w, https:\/\/novak-m.com\/wp-content\/uploads\/2023\/01\/31_EN-36x36.png 36w, https:\/\/novak-m.com\/wp-content\/uploads\/2023\/01\/31_EN.png 500w\" sizes=\"auto, (max-width: 100px) 100vw, 100px\" \/><\/p>\n<p style=\"text-align: center;\">Enregistrez votre produit et \u00e9tendez la garantie sur la construction et les composants \u00e9lectriques de votre produit \u00e0 3+1 ans. C&rsquo;est aussi le meilleur raccourci pour obtenir l&rsquo;aide experte de l&rsquo;\u00e9quipe de Novak M.<\/p>\n<div style='text-align:center;' class='ow_post_button'><a target='_self' href='https:\/\/novak-m.com\/fr\/register\/'>ENREGISTREZ-VOUS<\/a><\/div>\n<h2>Profitez des avantages de l&rsquo;enregistrement des produits :<\/h2>\n<ul>\n<li>Garantie prolong\u00e9e sur la performance du produit, sur la construction et sur les composants \u00e9lectriques lorsque vous enregistrez le produit sur votre profil Novak M. Le produit doit \u00eatre enregistr\u00e9 dans les 3 mois suivant la date d&rsquo;achat.<\/li>\n<li>L&rsquo;enregistrement facilite \u00e9galement la prise de rendez-vous pour un service de r\u00e9paration. Comme toutes les informations sur les produits sont rassembl\u00e9es en un seul endroit, la conversation avec l&rsquo;\u00e9quipe de service sera rapide, claire et efficace.<\/li>\n<\/ul>\n<h2>Pourquoi enregistrer votre produit ?<\/h2>\n<ul>\n<li>Pour prolonger votre garantie<\/li>\n<li>Pour un acc\u00e8s facile au support<\/li>\n<li>Pour une demande de service plus rapide, pour une dur\u00e9e et des conditions de garantie \u00e9tendues<\/li>\n<li>Toutes vos donn\u00e9es sur les produits en un seul endroit<\/li>\n<\/ul>\n<h2>Comment enregistrer votre produit ?<\/h2>\n<ol>\n<li>Visitez la page Web ENREGISTREMENT pour enregistrer votre produit.<\/li>\n<li>Veuillez remplir toutes les cases marqu\u00e9es d&rsquo;un ast\u00e9risque rouge.<\/li>\n<li>Cliquez sur le bouton ENREGISTREZ-VOUS pour lancer le processus d&rsquo;enregistrement du produit.<\/li>\n<li>Vous recevrez un e-mail de confirmation pour l&rsquo;extension de garantie.<\/li>\n<\/ol>\n<div style='text-align:center;' class='ow_post_button'><a target='_self' href='https:\/\/novak-m.com\/fr\/register\/'>ENREGISTREZ VOTRE PRODUIT<\/a><\/div>\n<h3>Besoin d&rsquo;aide pour l&rsquo;enregistrement d&rsquo;un produit ?<\/h3>\n<p>Veuillez consulter les <a href=\"https:\/\/novak-m.com\/fr\/faq\/\"><strong>questions fr\u00e9quentes <\/strong><\/a>ou contactez simplement <a href=\"https:\/\/novak-m.com\/fr\/contact\/\"><strong>notre \u00e9quipe d&rsquo;assistance \u00e0 la client\u00e8le<\/strong><\/a>.<\/p>\n<h2 style=\"text-align: left;\">Comment faire valoir la garantie ?<\/h2>\n<p>Pour faire valoir la garantie du produit, la facture originale est requise. Pour plus d&rsquo;informations sur ce <a href=\"https:\/\/novak-m.com\/fr\/le-service\/\"><strong>service et sur la mani\u00e8re de signaler un d\u00e9faut<\/strong><\/a>, veuillez suivre ce lien.<\/p>\n<\/div><\/section>\n<div  class='flex_column av-pkwnhu-b14835f9b109699b0157f257541f8c8b av_one_full  avia-builder-el-8  el_after_av_textblock  avia-builder-el-last  first flex_column_div  column-top-margin'     ><\/div>\n","protected":false},"excerpt":{"rendered":"","protected":false},"author":1,"featured_media":75074,"parent":0,"menu_order":0,"comment_status":"closed","ping_status":"closed","template":"template-content-page.php","meta":{"_acf_changed":false,"footnotes":""},"class_list":["post-76237","page","type-page","status-publish","has-post-thumbnail","hentry"],"acf":[],"yoast_head":"<!-- This site is optimized with the Yoast SEO plugin v25.5 - https:\/\/yoast.com\/wordpress\/plugins\/seo\/ -->\n<title>Garantie \u2502 Novak M<\/title>\n<meta name=\"description\" content=\"Novak M offre une garantie de 36 mois sur ses produits. Vous pouvez prolonger votre garantie lorsque vous enregistrez votre produit.\" \/>\n<meta name=\"robots\" content=\"index, follow, max-snippet:-1, max-image-preview:large, max-video-preview:-1\" \/>\n<link rel=\"canonical\" href=\"https:\/\/novak-m.com\/warranty\/\" \/>\n<meta property=\"og:locale\" content=\"fr_FR\" \/>\n<meta property=\"og:type\" content=\"article\" \/>\n<meta property=\"og:title\" content=\"Garantie \u2502 Novak M\" \/>\n<meta property=\"og:description\" content=\"Novak M offre une garantie de 36 mois sur ses produits. Vous pouvez prolonger votre garantie lorsque vous enregistrez votre produit.\" \/>\n<meta property=\"og:url\" content=\"https:\/\/novak-m.com\/warranty\/\" \/>\n<meta property=\"og:site_name\" content=\"Novak-M\" \/>\n<meta property=\"article:modified_time\" content=\"2023-06-13T10:10:45+00:00\" \/>\n<meta property=\"og:image\" content=\"https:\/\/novak-m.com\/wp-content\/uploads\/2023\/01\/Warranty.jpg\" \/>\n\t<meta property=\"og:image:width\" content=\"1037\" \/>\n\t<meta property=\"og:image:height\" content=\"929\" \/>\n\t<meta property=\"og:image:type\" content=\"image\/jpeg\" \/>\n<meta name=\"twitter:card\" content=\"summary_large_image\" \/>\n<meta name=\"twitter:label1\" content=\"Dur\u00e9e de lecture estim\u00e9e\" \/>\n\t<meta name=\"twitter:data1\" content=\"5 minutes\" \/>\n<script type=\"application\/ld+json\" class=\"yoast-schema-graph\">{\"@context\":\"https:\/\/schema.org\",\"@graph\":[{\"@type\":\"WebPage\",\"@id\":\"https:\/\/novak-m.com\/warranty\/\",\"url\":\"https:\/\/novak-m.com\/warranty\/\",\"name\":\"Garantie \u2502 Novak M\",\"isPartOf\":{\"@id\":\"https:\/\/novak-m.com\/fr\/#website\"},\"primaryImageOfPage\":{\"@id\":\"https:\/\/novak-m.com\/warranty\/#primaryimage\"},\"image\":{\"@id\":\"https:\/\/novak-m.com\/warranty\/#primaryimage\"},\"thumbnailUrl\":\"https:\/\/novak-m.com\/wp-content\/uploads\/2023\/01\/Warranty.jpg\",\"datePublished\":\"2022-10-25T06:03:15+00:00\",\"dateModified\":\"2023-06-13T10:10:45+00:00\",\"description\":\"Novak M offre une garantie de 36 mois sur ses produits. Vous pouvez prolonger votre garantie lorsque vous enregistrez votre produit.\",\"breadcrumb\":{\"@id\":\"https:\/\/novak-m.com\/warranty\/#breadcrumb\"},\"inLanguage\":\"fr-FR\",\"potentialAction\":[{\"@type\":\"ReadAction\",\"target\":[\"https:\/\/novak-m.com\/warranty\/\"]}]},{\"@type\":\"ImageObject\",\"inLanguage\":\"fr-FR\",\"@id\":\"https:\/\/novak-m.com\/warranty\/#primaryimage\",\"url\":\"https:\/\/novak-m.com\/wp-content\/uploads\/2023\/01\/Warranty.jpg\",\"contentUrl\":\"https:\/\/novak-m.com\/wp-content\/uploads\/2023\/01\/Warranty.jpg\",\"width\":1037,\"height\":929},{\"@type\":\"BreadcrumbList\",\"@id\":\"https:\/\/novak-m.com\/warranty\/#breadcrumb\",\"itemListElement\":[{\"@type\":\"ListItem\",\"position\":1,\"name\":\"Home\",\"item\":\"https:\/\/novak-m.com\/fr\/home\/\"},{\"@type\":\"ListItem\",\"position\":2,\"name\":\"Garantie\"}]},{\"@type\":\"WebSite\",\"@id\":\"https:\/\/novak-m.com\/fr\/#website\",\"url\":\"https:\/\/novak-m.com\/fr\/\",\"name\":\"Novak M\",\"description\":\"Novak M | official international webpage | novak-m.com\",\"potentialAction\":[{\"@type\":\"SearchAction\",\"target\":{\"@type\":\"EntryPoint\",\"urlTemplate\":\"https:\/\/novak-m.com\/fr\/?s={search_term_string}\"},\"query-input\":{\"@type\":\"PropertyValueSpecification\",\"valueRequired\":true,\"valueName\":\"search_term_string\"}}],\"inLanguage\":\"fr-FR\"}]}<\/script>\n<!-- \/ Yoast SEO plugin. -->","yoast_head_json":{"title":"Garantie \u2502 Novak M","description":"Novak M offre une garantie de 36 mois sur ses produits. Vous pouvez prolonger votre garantie lorsque vous enregistrez votre produit.","robots":{"index":"index","follow":"follow","max-snippet":"max-snippet:-1","max-image-preview":"max-image-preview:large","max-video-preview":"max-video-preview:-1"},"canonical":"https:\/\/novak-m.com\/warranty\/","og_locale":"fr_FR","og_type":"article","og_title":"Garantie \u2502 Novak M","og_description":"Novak M offre une garantie de 36 mois sur ses produits. Vous pouvez prolonger votre garantie lorsque vous enregistrez votre produit.","og_url":"https:\/\/novak-m.com\/warranty\/","og_site_name":"Novak-M","article_modified_time":"2023-06-13T10:10:45+00:00","og_image":[{"width":1037,"height":929,"url":"https:\/\/novak-m.com\/wp-content\/uploads\/2023\/01\/Warranty.jpg","type":"image\/jpeg"}],"twitter_card":"summary_large_image","twitter_misc":{"Dur\u00e9e de lecture estim\u00e9e":"5 minutes"},"schema":{"@context":"https:\/\/schema.org","@graph":[{"@type":"WebPage","@id":"https:\/\/novak-m.com\/warranty\/","url":"https:\/\/novak-m.com\/warranty\/","name":"Garantie \u2502 Novak M","isPartOf":{"@id":"https:\/\/novak-m.com\/fr\/#website"},"primaryImageOfPage":{"@id":"https:\/\/novak-m.com\/warranty\/#primaryimage"},"image":{"@id":"https:\/\/novak-m.com\/warranty\/#primaryimage"},"thumbnailUrl":"https:\/\/novak-m.com\/wp-content\/uploads\/2023\/01\/Warranty.jpg","datePublished":"2022-10-25T06:03:15+00:00","dateModified":"2023-06-13T10:10:45+00:00","description":"Novak M offre une garantie de 36 mois sur ses produits. Vous pouvez prolonger votre garantie lorsque vous enregistrez votre produit.","breadcrumb":{"@id":"https:\/\/novak-m.com\/warranty\/#breadcrumb"},"inLanguage":"fr-FR","potentialAction":[{"@type":"ReadAction","target":["https:\/\/novak-m.com\/warranty\/"]}]},{"@type":"ImageObject","inLanguage":"fr-FR","@id":"https:\/\/novak-m.com\/warranty\/#primaryimage","url":"https:\/\/novak-m.com\/wp-content\/uploads\/2023\/01\/Warranty.jpg","contentUrl":"https:\/\/novak-m.com\/wp-content\/uploads\/2023\/01\/Warranty.jpg","width":1037,"height":929},{"@type":"BreadcrumbList","@id":"https:\/\/novak-m.com\/warranty\/#breadcrumb","itemListElement":[{"@type":"ListItem","position":1,"name":"Home","item":"https:\/\/novak-m.com\/fr\/home\/"},{"@type":"ListItem","position":2,"name":"Garantie"}]},{"@type":"WebSite","@id":"https:\/\/novak-m.com\/fr\/#website","url":"https:\/\/novak-m.com\/fr\/","name":"Novak M","description":"Novak M | official international webpage | novak-m.com","potentialAction":[{"@type":"SearchAction","target":{"@type":"EntryPoint","urlTemplate":"https:\/\/novak-m.com\/fr\/?s={search_term_string}"},"query-input":{"@type":"PropertyValueSpecification","valueRequired":true,"valueName":"search_term_string"}}],"inLanguage":"fr-FR"}]}},"_links":{"self":[{"href":"https:\/\/novak-m.com\/fr\/wp-json\/wp\/v2\/pages\/76237","targetHints":{"allow":["GET"]}}],"collection":[{"href":"https:\/\/novak-m.com\/fr\/wp-json\/wp\/v2\/pages"}],"about":[{"href":"https:\/\/novak-m.com\/fr\/wp-json\/wp\/v2\/types\/page"}],"author":[{"embeddable":true,"href":"https:\/\/novak-m.com\/fr\/wp-json\/wp\/v2\/users\/1"}],"replies":[{"embeddable":true,"href":"https:\/\/novak-m.com\/fr\/wp-json\/wp\/v2\/comments?post=76237"}],"version-history":[{"count":0,"href":"https:\/\/novak-m.com\/fr\/wp-json\/wp\/v2\/pages\/76237\/revisions"}],"wp:featuredmedia":[{"embeddable":true,"href":"https:\/\/novak-m.com\/fr\/wp-json\/wp\/v2\/media\/75074"}],"wp:attachment":[{"href":"https:\/\/novak-m.com\/fr\/wp-json\/wp\/v2\/media?parent=76237"}],"curies":[{"name":"wp","href":"https:\/\/api.w.org\/{rel}","templated":true}]}}