{"id":22633,"date":"2019-08-14T10:18:54","date_gmt":"2019-08-14T10:18:54","guid":{"rendered":"https:\/\/www.novak-m.com\/evropski-sklad-za-regionalni-razvoj\/"},"modified":"2024-09-18T10:59:36","modified_gmt":"2024-09-18T08:59:36","slug":"european-union","status":"publish","type":"page","link":"https:\/\/novak-m.com\/fr\/european-union\/","title":{"rendered":"European union"},"content":{"rendered":"\n<style type=\"text\/css\" data-created_by=\"avia_inline_auto\" id=\"style-css-av-1xo77a-90335ace08dbb798d515cb5583a54b90\">\n.flex_column.av-1xo77a-90335ace08dbb798d515cb5583a54b90{\nborder-radius:0px 0px 0px 0px;\npadding:0px 0px 0px 0px;\n}\n<\/style>\n<div  class='flex_column av-1xo77a-90335ace08dbb798d515cb5583a54b90 av_one_full  avia-builder-el-0  avia-builder-el-no-sibling  first flex_column_div av-zero-column-padding  '     ><section  class='av_textblock_section av-jzsgnkqi-d13b49b93c8932cd32b7d27bfef141e9 '   itemscope=\"itemscope\" itemtype=\"https:\/\/schema.org\/CreativeWork\" ><div class='avia_textblock content-block'  itemprop=\"text\" ><h1>Des investissements cofinanc\u00e9s par la R\u00e9publique de Slov\u00e9nie et l&rsquo;Union europ\u00e9enne<\/h1>\n<\/div><\/section><br \/>\n\n<style type=\"text\/css\" data-created_by=\"avia_inline_auto\" id=\"style-css-av-jztmuz6x-96d65ab5a5c4ef40f22f6809f9834dee\">\n.avia-image-container.av-jztmuz6x-96d65ab5a5c4ef40f22f6809f9834dee img.avia_image{\nbox-shadow:none;\n}\n.avia-image-container.av-jztmuz6x-96d65ab5a5c4ef40f22f6809f9834dee .av-image-caption-overlay-center{\ncolor:#ffffff;\n}\n<\/style>\n<div  class='avia-image-container av-jztmuz6x-96d65ab5a5c4ef40f22f6809f9834dee av-styling- avia-align-left  avia-builder-el-2  el_after_av_textblock  el_before_av_textblock '   itemprop=\"image\" itemscope=\"itemscope\" itemtype=\"https:\/\/schema.org\/ImageObject\" ><div class=\"avia-image-container-inner\"><div class=\"avia-image-overlay-wrap\"><img decoding=\"async\" class='wp-image-97629 avia-img-lazy-loading-not-97629 avia_image ' src=\"https:\/\/novak-m.com\/wp-content\/uploads\/2024\/09\/Skupni-logotip_2024.jpg\" alt='' title='Skupni-logotip_2024'  height=\"207\" width=\"1446\"  itemprop=\"thumbnailUrl\" srcset=\"https:\/\/novak-m.com\/wp-content\/uploads\/2024\/09\/Skupni-logotip_2024.jpg 1446w, https:\/\/novak-m.com\/wp-content\/uploads\/2024\/09\/Skupni-logotip_2024-300x43.jpg 300w, https:\/\/novak-m.com\/wp-content\/uploads\/2024\/09\/Skupni-logotip_2024-1030x147.jpg 1030w, https:\/\/novak-m.com\/wp-content\/uploads\/2024\/09\/Skupni-logotip_2024-768x110.jpg 768w, https:\/\/novak-m.com\/wp-content\/uploads\/2024\/09\/Skupni-logotip_2024-838x120.jpg 838w, https:\/\/novak-m.com\/wp-content\/uploads\/2024\/09\/Skupni-logotip_2024-600x86.jpg 600w\" sizes=\"(max-width: 1446px) 100vw, 1446px\" \/><\/div><\/div><\/div><br \/>\n<section  class='av_textblock_section av-jzay4vd2-17ae75228cb714f995a7a985c741b65d '   itemscope=\"itemscope\" itemtype=\"https:\/\/schema.org\/CreativeWork\" ><div class='avia_textblock content-block'  itemprop=\"text\" ><h4>Op\u00e9ration \u00ab <a href=\"https:\/\/novak-m.com\/fr\/mise-a-jour-covid-19\/\"><strong>Covid-19 pour l\u2019achat d\u2019\u00e9quipements de protection<\/strong><\/a> \u00bb<\/h4>\n<p>Novak M a sollicit\u00e9 l&rsquo;appel public Covid-19 pour l&rsquo;achat d&rsquo;\u00e9quipements de protection, dont l&rsquo;intention \u00e9tait d&rsquo;assurer la s\u00e9curit\u00e9 des employ\u00e9s et le fonctionnement s\u00fbr du commerce des micro, petites et moyennes entreprises au moment de la pand\u00e9mie Covid-19 et\/ou \u00e0 titre pr\u00e9ventif une action contre la propagation du coronavirus.<br \/>\n(<a href=\"http:\/\/www.eu-skladi.si\">www.eu-skladi.si<\/a>)<\/p>\n<h4>Op\u00e9ration \u00ab <a href=\"https:\/\/novak-m.com\/fr\/operation-covid19-numerisation\/\"><strong>Covid19 &#8211; num\u00e9risation<\/strong><\/a> \u00bb<\/h4>\n<p>Nous avons particip\u00e9 \u00e0 \u00ab l&rsquo;appel public en vue de cofinancer l&rsquo;investissement dans la num\u00e9risation des canaux de vente et les supports de pr\u00e9sentation et de marketing pour la promotion sur les march\u00e9s \u00e9trangers \u00bb et nous avons obtenu des ressources financi\u00e8res pour r\u00e9aliser une vid\u00e9o de pr\u00e9sentation de produit dans au moins une langue \u00e9trang\u00e8re, traductions comprises. En raison de la pand\u00e9mie COVID19, \u00eatre pr\u00e9sent sur internet est devenu encore plus important pour notre entreprise en termes de reconnaissance et de croissance des ventes sur les march\u00e9s \u00e9trangers. Notre investissement a \u00e9t\u00e9 cofinanc\u00e9 par la R\u00e9publique de Slov\u00e9nie et par l&rsquo;Union europ\u00e9enne par le biais du Fonds europ\u00e9en de d\u00e9veloppement r\u00e9gional.<br \/>\n(<a href=\"http:\/\/www.eu-skladi.si\">www.eu-skladi.si<\/a>)<\/p>\n<h4>Op\u00e9ration\u00a0<a href=\"https:\/\/novak-m.com\/fr\/le-monde-de-la-medecine-se-retrouve-a-medica\/\"><strong>\u00ab Medica Trade Fair 2019 \u00bb<\/strong><\/a><\/h4>\n<p>Notre soci\u00e9t\u00e9 Novak M a particip\u00e9 au salon international Medica Trade 2019 \u00e0 D\u00fcsseldorf, en Allemagne, du\u00a0<strong>18 au 21 novembre<\/strong> <strong>2019<\/strong>. La pr\u00e9sentation de nos produits \u00e0 un tel \u00e9v\u00e9nement o\u00f9 le monde de la m\u00e9decine se r\u00e9unit contribue \u00e0 une meilleure reconnaissance de la marque et facilite l\u2019entr\u00e9e sur les march\u00e9s \u00e9trangers. L\u2019investissement est cofinanc\u00e9 par la R\u00e9publique de Slov\u00e9nie et l\u2019Union europ\u00e9enne.<br \/>\n(<a href=\"http:\/\/www.eu-skladi.si\">www.eu-skladi.si<\/a>)<\/p>\n<h4>Op\u00e9ration <a href=\"https:\/\/novak-m.com\/fr\/en-accord-avec-les-nouvelles-technologies\/\"><strong>\u00ab\u00a0Novak M e-business sur les march\u00e9s \u00e9trangers\u00a0\u00bb<\/strong><\/a><\/h4>\n<p>Le d\u00e9veloppement de nos activit\u00e9s sur les march\u00e9s \u00e9trangers et l&rsquo;am\u00e9lioration de la comp\u00e9titivit\u00e9 internationale sont deux objectifs principaux de l&rsquo;investissement dans le domaine du commerce en ligne Le nouveau site Web en 6 langues, la boutique en ligne, la pr\u00e9sentation de nos produits lors d\u2019une exposition en ligne \u00e0 MedicalExpo, des ateliers et une nouvelle vid\u00e9o d\u2019entreprise sont les cinq mesures cofinanc\u00e9es par la R\u00e9publique de Slov\u00e9nie et l\u2019Union europ\u00e9enne dans le cadre du Fonds europ\u00e9en de d\u00e9veloppement r\u00e9gional.<br \/>\n(<a href=\"http:\/\/www.eu-skladi.si\">www.eu-skladi.si<\/a>)<\/p>\n<h4>Op\u00e9ration <a href=\"https:\/\/novak-m.com\/fr\/medica-2018\/\"><strong>\u00ab\u00a0Medica Trade Fair 2018\u00a0\u00bb<\/strong><\/a><\/h4>\n<p>Notre soci\u00e9t\u00e9 Novak M a particip\u00e9 au salon international Medica Trade 2018 \u00e0 D\u00fcsseldorf, en Allemagne, en novembre 2018. La pr\u00e9sentation de nos produits \u00e0 un tel \u00e9v\u00e9nement o\u00f9 le monde de la m\u00e9decine se r\u00e9unit contribue \u00e0 une meilleure reconnaissance de la marque et facilite l\u2019entr\u00e9e sur les march\u00e9s \u00e9trangers. L&rsquo;investissement est cofinanc\u00e9 par la R\u00e9publique de Slov\u00e9nie et l&rsquo;Union europ\u00e9enne.<br \/>\n(<a href=\"http:\/\/www.eu-skladi.si\">www.eu-skladi.si<\/a>)<\/p>\n<\/div><\/section><\/p><\/div>\n","protected":false},"excerpt":{"rendered":"","protected":false},"author":1,"featured_media":0,"parent":0,"menu_order":0,"comment_status":"closed","ping_status":"closed","template":"","meta":{"_acf_changed":false,"footnotes":""},"class_list":["post-22633","page","type-page","status-publish","hentry"],"acf":[],"yoast_head":"<!-- This site is optimized with the Yoast SEO plugin v25.5 - https:\/\/yoast.com\/wordpress\/plugins\/seo\/ -->\n<title>L&#039;investissement cofinanc\u00e9 par la Slov\u00e9nie et par EU | Novak M<\/title>\n<meta name=\"description\" content=\"L&#039;investissement est cofinanc\u00e9 par la R\u00e9publique de Slov\u00e9nie et par l\u2019Union europ\u00e9enne \u00e0 travers le Fonds d\u2019investissement r\u00e9gional europ\u00e9en.\" \/>\n<meta name=\"robots\" content=\"index, follow, max-snippet:-1, max-image-preview:large, max-video-preview:-1\" \/>\n<link rel=\"canonical\" href=\"https:\/\/novak-m.com\/european-union\/\" \/>\n<meta property=\"og:locale\" content=\"fr_FR\" \/>\n<meta property=\"og:type\" content=\"article\" \/>\n<meta property=\"og:title\" content=\"L&#039;investissement cofinanc\u00e9 par la Slov\u00e9nie et par EU | Novak M\" \/>\n<meta property=\"og:description\" content=\"L&#039;investissement est cofinanc\u00e9 par la R\u00e9publique de Slov\u00e9nie et par l\u2019Union europ\u00e9enne \u00e0 travers le Fonds d\u2019investissement r\u00e9gional europ\u00e9en.\" \/>\n<meta property=\"og:url\" content=\"https:\/\/novak-m.com\/european-union\/\" \/>\n<meta property=\"og:site_name\" content=\"Novak-M\" \/>\n<meta property=\"article:modified_time\" content=\"2024-09-18T08:59:36+00:00\" \/>\n<meta name=\"twitter:card\" content=\"summary_large_image\" \/>\n<meta name=\"twitter:label1\" content=\"Dur\u00e9e de lecture estim\u00e9e\" \/>\n\t<meta name=\"twitter:data1\" content=\"3 minutes\" \/>\n<script type=\"application\/ld+json\" class=\"yoast-schema-graph\">{\"@context\":\"https:\/\/schema.org\",\"@graph\":[{\"@type\":\"WebPage\",\"@id\":\"https:\/\/novak-m.com\/european-union\/\",\"url\":\"https:\/\/novak-m.com\/european-union\/\",\"name\":\"L'investissement cofinanc\u00e9 par la Slov\u00e9nie et par EU | Novak M\",\"isPartOf\":{\"@id\":\"https:\/\/novak-m.com\/fr\/#website\"},\"datePublished\":\"2019-08-14T10:18:54+00:00\",\"dateModified\":\"2024-09-18T08:59:36+00:00\",\"description\":\"L'investissement est cofinanc\u00e9 par la R\u00e9publique de Slov\u00e9nie et par l\u2019Union europ\u00e9enne \u00e0 travers le Fonds d\u2019investissement r\u00e9gional europ\u00e9en.\",\"breadcrumb\":{\"@id\":\"https:\/\/novak-m.com\/european-union\/#breadcrumb\"},\"inLanguage\":\"fr-FR\",\"potentialAction\":[{\"@type\":\"ReadAction\",\"target\":[\"https:\/\/novak-m.com\/european-union\/\"]}]},{\"@type\":\"BreadcrumbList\",\"@id\":\"https:\/\/novak-m.com\/european-union\/#breadcrumb\",\"itemListElement\":[{\"@type\":\"ListItem\",\"position\":1,\"name\":\"Home\",\"item\":\"https:\/\/novak-m.com\/fr\/home\/\"},{\"@type\":\"ListItem\",\"position\":2,\"name\":\"European union\"}]},{\"@type\":\"WebSite\",\"@id\":\"https:\/\/novak-m.com\/fr\/#website\",\"url\":\"https:\/\/novak-m.com\/fr\/\",\"name\":\"Novak M\",\"description\":\"Novak M | official international webpage | novak-m.com\",\"potentialAction\":[{\"@type\":\"SearchAction\",\"target\":{\"@type\":\"EntryPoint\",\"urlTemplate\":\"https:\/\/novak-m.com\/fr\/?s={search_term_string}\"},\"query-input\":{\"@type\":\"PropertyValueSpecification\",\"valueRequired\":true,\"valueName\":\"search_term_string\"}}],\"inLanguage\":\"fr-FR\"}]}<\/script>\n<!-- \/ Yoast SEO plugin. -->","yoast_head_json":{"title":"L'investissement cofinanc\u00e9 par la Slov\u00e9nie et par EU | Novak M","description":"L'investissement est cofinanc\u00e9 par la R\u00e9publique de Slov\u00e9nie et par l\u2019Union europ\u00e9enne \u00e0 travers le Fonds d\u2019investissement r\u00e9gional europ\u00e9en.","robots":{"index":"index","follow":"follow","max-snippet":"max-snippet:-1","max-image-preview":"max-image-preview:large","max-video-preview":"max-video-preview:-1"},"canonical":"https:\/\/novak-m.com\/european-union\/","og_locale":"fr_FR","og_type":"article","og_title":"L'investissement cofinanc\u00e9 par la Slov\u00e9nie et par EU | Novak M","og_description":"L'investissement est cofinanc\u00e9 par la R\u00e9publique de Slov\u00e9nie et par l\u2019Union europ\u00e9enne \u00e0 travers le Fonds d\u2019investissement r\u00e9gional europ\u00e9en.","og_url":"https:\/\/novak-m.com\/european-union\/","og_site_name":"Novak-M","article_modified_time":"2024-09-18T08:59:36+00:00","twitter_card":"summary_large_image","twitter_misc":{"Dur\u00e9e de lecture estim\u00e9e":"3 minutes"},"schema":{"@context":"https:\/\/schema.org","@graph":[{"@type":"WebPage","@id":"https:\/\/novak-m.com\/european-union\/","url":"https:\/\/novak-m.com\/european-union\/","name":"L'investissement cofinanc\u00e9 par la Slov\u00e9nie et par EU | Novak M","isPartOf":{"@id":"https:\/\/novak-m.com\/fr\/#website"},"datePublished":"2019-08-14T10:18:54+00:00","dateModified":"2024-09-18T08:59:36+00:00","description":"L'investissement est cofinanc\u00e9 par la R\u00e9publique de Slov\u00e9nie et par l\u2019Union europ\u00e9enne \u00e0 travers le Fonds d\u2019investissement r\u00e9gional europ\u00e9en.","breadcrumb":{"@id":"https:\/\/novak-m.com\/european-union\/#breadcrumb"},"inLanguage":"fr-FR","potentialAction":[{"@type":"ReadAction","target":["https:\/\/novak-m.com\/european-union\/"]}]},{"@type":"BreadcrumbList","@id":"https:\/\/novak-m.com\/european-union\/#breadcrumb","itemListElement":[{"@type":"ListItem","position":1,"name":"Home","item":"https:\/\/novak-m.com\/fr\/home\/"},{"@type":"ListItem","position":2,"name":"European union"}]},{"@type":"WebSite","@id":"https:\/\/novak-m.com\/fr\/#website","url":"https:\/\/novak-m.com\/fr\/","name":"Novak M","description":"Novak M | official international webpage | novak-m.com","potentialAction":[{"@type":"SearchAction","target":{"@type":"EntryPoint","urlTemplate":"https:\/\/novak-m.com\/fr\/?s={search_term_string}"},"query-input":{"@type":"PropertyValueSpecification","valueRequired":true,"valueName":"search_term_string"}}],"inLanguage":"fr-FR"}]}},"_links":{"self":[{"href":"https:\/\/novak-m.com\/fr\/wp-json\/wp\/v2\/pages\/22633","targetHints":{"allow":["GET"]}}],"collection":[{"href":"https:\/\/novak-m.com\/fr\/wp-json\/wp\/v2\/pages"}],"about":[{"href":"https:\/\/novak-m.com\/fr\/wp-json\/wp\/v2\/types\/page"}],"author":[{"embeddable":true,"href":"https:\/\/novak-m.com\/fr\/wp-json\/wp\/v2\/users\/1"}],"replies":[{"embeddable":true,"href":"https:\/\/novak-m.com\/fr\/wp-json\/wp\/v2\/comments?post=22633"}],"version-history":[{"count":2,"href":"https:\/\/novak-m.com\/fr\/wp-json\/wp\/v2\/pages\/22633\/revisions"}],"predecessor-version":[{"id":97644,"href":"https:\/\/novak-m.com\/fr\/wp-json\/wp\/v2\/pages\/22633\/revisions\/97644"}],"wp:attachment":[{"href":"https:\/\/novak-m.com\/fr\/wp-json\/wp\/v2\/media?parent=22633"}],"curies":[{"name":"wp","href":"https:\/\/api.w.org\/{rel}","templated":true}]}}