{"id":11985,"date":"2019-01-03T12:43:25","date_gmt":"2019-01-03T12:43:25","guid":{"rendered":"https:\/\/www.novak-m.com\/aktualno\/"},"modified":"2022-03-11T09:03:13","modified_gmt":"2022-03-11T08:03:13","slug":"blog","status":"publish","type":"page","link":"https:\/\/novak-m.com\/fr\/blog\/","title":{"rendered":"Blog"},"content":{"rendered":"<div id='header-aktualno'  class='avia-section av-jqqnbm02-120d7f117c5cf373af0613096321d657 main_color avia-section-default avia-no-border-styling  avia-builder-el-0  el_before_av_section  avia-builder-el-first  avia-bg-style-scroll container_wrap fullsize'  ><div class='container av-section-cont-open' ><main  role=\"main\" itemprop=\"mainContentOfPage\"  class='template-page content  av-content-full alpha units'><div class='post-entry post-entry-type-page post-entry-11985'><div class='entry-content-wrapper clearfix'>\n<section  class='av_textblock_section av-jqqnc303-b626a8d7492df01361e9f25bc4520b6c '   itemscope=\"itemscope\" itemtype=\"https:\/\/schema.org\/CreativeWork\" ><div class='avia_textblock'  itemprop=\"text\" ><h1>Blog<\/h1>\n<\/div><\/section>\n<section  class='av_textblock_section av-jqqnc303-95e5bf9db57ae1e1bba91648f9c040ac '   itemscope=\"itemscope\" itemtype=\"https:\/\/schema.org\/CreativeWork\" ><div class='avia_textblock'  itemprop=\"text\" ><div class=\"wrap_menu_aktualno_meni\"><div class=\"innerhtmlmenu\"><a href=\"https:\/\/novak-m.com\/fr\/blog\/\" class=\"active\">Tous<\/a><a href=\"https:\/\/novak-m.com\/fr\/category\/produits\/\" class=\"\">Produits<\/a><a href=\"https:\/\/novak-m.com\/fr\/category\/case-study-novak-m-fr\/\" class=\"\">Etude de cas<\/a><a href=\"https:\/\/novak-m.com\/fr\/category\/actualites\/\" class=\"\">Actualit\u00e9s<\/a><\/div><\/div>\n<\/div><\/section>\n<\/div><\/div><\/main><!-- close content main element --><\/div><\/div><div id='av_section_2'  class='avia-section av-111i6-639eb20cbbae78fb3c0cf34e1519884a main_color avia-section-default avia-no-border-styling  avia-builder-el-3  el_after_av_section  avia-builder-el-last  aktualno_posts avia-bg-style-scroll container_wrap fullsize'  ><div class='container av-section-cont-open' ><div class='template-page content  av-content-full alpha units'><div class='post-entry post-entry-type-page post-entry-11985'><div class='entry-content-wrapper clearfix'>\n<section  class='av_textblock_section av-jqqndm26-76258f4715e146ba3e6041402b71d20b '   itemscope=\"itemscope\" itemtype=\"https:\/\/schema.org\/CreativeWork\" ><div class='avia_textblock'  itemprop=\"text\" ><div class=\"display_posts_wrap\"><div class=\"posts_list\"><div class=\"blog_grid_single blog1\"><div class=\"post_link\"><a class=\"lazy\" href=\"https:\/\/novak-m.com\/fr\/paques\/\" data-bg=\"url(https:\/\/novak-m.com\/wp-content\/uploads\/2025\/04\/Happy-Easter-540x351.webp)\"> <div class=\"post_data\"><div class=\"postcatbubble\">Actualit\u00e9s<\/div><h4>Joyeuses P\u00e2ques !<\/h4><\/div><\/a><\/div><\/div><div class=\"blog_grid_single blog2\"><div class=\"post_link\"><a class=\"lazy\" href=\"https:\/\/novak-m.com\/fr\/table-operation-chirurgie-ambulatoire\/\" data-bg=\"url(https:\/\/novak-m.com\/wp-content\/uploads\/2026\/03\/OR-table-for-day-surgery-540x351.webp)\"> <div class=\"post_data\"><div class=\"postcatbubble\">Produits<\/div><h4>Comment choisir une table d\u2019op\u00e9ration pour la chirurgie ambulatoire<\/h4><\/div><\/a><\/div><\/div><div class=\"blog_grid_single blog0\"><div class=\"post_link\"><a class=\"lazy\" href=\"https:\/\/novak-m.com\/fr\/table-d-examen-chez-proderma\/\" data-bg=\"url(https:\/\/novak-m.com\/wp-content\/uploads\/2026\/03\/Proderma-540x351.webp)\"> <div class=\"post_data\"><div class=\"postcatbubble\">Etude de cas<\/div><h4>La table d\u2019examen SL chez Proderma<\/h4><\/div><\/a><\/div><\/div><div class=\"blog_grid_single blog1\"><div class=\"post_link\"><a class=\"lazy\" href=\"https:\/\/novak-m.com\/fr\/table-de-therapie-flexibility\/\" data-bg=\"url(https:\/\/novak-m.com\/wp-content\/uploads\/2026\/03\/Therapy-table_mobility-540x351.webp)\"> <div class=\"post_data\"><div class=\"postcatbubble\">Produits<\/div><h4>Table de th\u00e9rapie : lorsque l\u2019espace impose flexibilit\u00e9<\/h4><\/div><\/a><\/div><\/div><div class=\"blog_grid_single blog2\"><div class=\"post_link\"><a class=\"lazy\" href=\"https:\/\/novak-m.com\/fr\/bauchpraxis-brancard\/\" data-bg=\"url(https:\/\/novak-m.com\/wp-content\/uploads\/2026\/02\/Die-Bauchpraxis-540x351.webp)\"> <div class=\"post_data\"><div class=\"postcatbubble\">Etude de cas<\/div><h4>Bauchpraxis, Suisse, au service du bien-\u00eatre int\u00e9rieur<\/h4><\/div><\/a><\/div><\/div><div class=\"blog_grid_single blog0\"><div class=\"post_link\"><a class=\"lazy\" href=\"https:\/\/novak-m.com\/fr\/brancard-elecrique\/\" data-bg=\"url(https:\/\/novak-m.com\/wp-content\/uploads\/2026\/02\/Easy-to-handle-electric-stretcher-540x351.webp)\"> <div class=\"post_data\"><div class=\"postcatbubble\">Produits<\/div><h4>Pourquoi le brancard \u00e9lectrique n\u2019est pas une contrainte comme beaucoup l\u2019imaginent<\/h4><\/div><\/a><\/div><\/div><div class=\"blog_grid_single blog1\"><div class=\"post_link\"><a class=\"lazy\" href=\"https:\/\/novak-m.com\/fr\/table-operation-urologie-sainovic\/\" data-bg=\"url(https:\/\/novak-m.com\/wp-content\/uploads\/2026\/02\/Urologija-Sainovic-540x351.webp)\"> <div class=\"post_data\"><div class=\"postcatbubble\">Etude de cas<\/div><h4>Table d\u2019op\u00e9ration Y \u00e0 l&rsquo;Urologie \u0160ainovi\u0107<\/h4><\/div><\/a><\/div><\/div><div class=\"blog_grid_single blog2\"><div class=\"post_link\"><a class=\"lazy\" href=\"https:\/\/novak-m.com\/fr\/dimensions-tables-de-massage\/\" data-bg=\"url(https:\/\/novak-m.com\/wp-content\/uploads\/2026\/02\/Massage-table-dimensions-540x351.webp)\"> <div class=\"post_data\"><div class=\"postcatbubble\">Produits<\/div><h4>Dimensions des tables de massage : tout ce qu\u2019il faut savoir<\/h4><\/div><\/a><\/div><\/div><div class=\"blog_grid_single blog0\"><div class=\"post_link\"><a class=\"lazy\" href=\"https:\/\/novak-m.com\/fr\/opening-days-novak-m-evenement\/\" data-bg=\"url(https:\/\/novak-m.com\/wp-content\/uploads\/2026\/01\/Opening-days-2026-540x351.webp)\"> <div class=\"post_data\"><div class=\"postcatbubble\">Actualit\u00e9s<\/div><h4>Opening Days \u2013 \u00c9v\u00e9nement distributeurs 2026<\/h4><\/div><\/a><\/div><\/div><div class=\"blog_grid_single blog1\"><div class=\"post_link\"><a class=\"lazy\" href=\"https:\/\/novak-m.com\/fr\/la-table-dexamen-pour-cabinet-de-medecin\/\" data-bg=\"url(https:\/\/novak-m.com\/wp-content\/uploads\/2026\/01\/choosing-an-exam-table-540x351.webp)\"> <div class=\"post_data\"><div class=\"postcatbubble\">Actualit\u00e9s<\/div><h4>Le guide complet pour choisir la table d\u2019examen id\u00e9ale pour votre cabinet m\u00e9dical<\/h4><\/div><\/a><\/div><\/div><div class=\"blog_grid_single blog2\"><div class=\"post_link\"><a class=\"lazy\" href=\"https:\/\/novak-m.com\/fr\/gastropraxis-stretcher-x2\/\" data-bg=\"url(https:\/\/novak-m.com\/wp-content\/uploads\/2026\/01\/Winterthur-540x351.webp)\"> <div class=\"post_data\"><div class=\"postcatbubble\">Etude de cas<\/div><h4>GastroPraxis am Graben, Suisse : am\u00e9lioration des flux de travail gr\u00e2ce au Stretcher X2<\/h4><\/div><\/a><\/div><\/div><div class=\"blog_grid_single blog0\"><div class=\"post_link\"><a class=\"lazy\" href=\"https:\/\/novak-m.com\/fr\/table-de-traitement-rembourrage\/\" data-bg=\"url(https:\/\/novak-m.com\/wp-content\/uploads\/2026\/01\/menjava-oblazinjenja2-540x351.webp)\"> <div class=\"post_data\"><div class=\"postcatbubble\">Produits<\/div><h4>Comment remplacer le rembourrage de votre table de traitement ?<\/h4><\/div><\/a><\/div><\/div><\/div><div class=\"pagination\"><span aria-current=\"page\" class=\"page-numbers current\">1<\/span>\n<a class=\"page-numbers\" href=\"https:\/\/novak-m.com\/fr\/wp-json\/wp\/v2\/pages\/11985\/?paged=2\">2<\/a>\n<span class=\"page-numbers dots\">\u2026<\/span>\n<a class=\"page-numbers\" href=\"https:\/\/novak-m.com\/fr\/wp-json\/wp\/v2\/pages\/11985\/?paged=23\">23<\/a>\n<a class=\"next page-numbers\" href=\"https:\/\/novak-m.com\/fr\/wp-json\/wp\/v2\/pages\/11985\/?paged=2\"><span class=\"nextpage page-numbers\"><\/span><\/a><\/div><\/div>\n<\/div><\/section>\n<\/p>\n","protected":false},"excerpt":{"rendered":"","protected":false},"author":1,"featured_media":0,"parent":0,"menu_order":0,"comment_status":"closed","ping_status":"closed","template":"","meta":{"_acf_changed":false,"footnotes":""},"class_list":["post-11985","page","type-page","status-publish","hentry"],"acf":[],"yoast_head":"<!-- This site is optimized with the Yoast SEO plugin v25.5 - https:\/\/yoast.com\/wordpress\/plugins\/seo\/ -->\n<title>Actualit\u00e9s | Novak M | the comforts of medicine | novak-m.com<\/title>\n<meta name=\"description\" content=\"Vous voulez connaitre les nouveaux produits et les nouvelles technologies?\" \/>\n<meta name=\"robots\" content=\"index, follow, max-snippet:-1, max-image-preview:large, max-video-preview:-1\" \/>\n<link rel=\"canonical\" href=\"https:\/\/novak-m.com\/fr\/blog\/\" \/>\n<meta property=\"og:locale\" content=\"fr_FR\" \/>\n<meta property=\"og:type\" content=\"article\" \/>\n<meta property=\"og:title\" content=\"Actualit\u00e9s | Novak M | the comforts of medicine | novak-m.com\" \/>\n<meta property=\"og:description\" content=\"Vous voulez connaitre les nouveaux produits et les nouvelles technologies?\" \/>\n<meta property=\"og:url\" content=\"https:\/\/novak-m.com\/fr\/blog\/\" \/>\n<meta property=\"og:site_name\" content=\"Novak-M\" \/>\n<meta property=\"article:modified_time\" content=\"2022-03-11T08:03:13+00:00\" \/>\n<meta name=\"twitter:card\" content=\"summary_large_image\" \/>\n<meta name=\"twitter:label1\" content=\"Dur\u00e9e de lecture estim\u00e9e\" \/>\n\t<meta name=\"twitter:data1\" content=\"2 minutes\" \/>\n<script type=\"application\/ld+json\" class=\"yoast-schema-graph\">{\"@context\":\"https:\/\/schema.org\",\"@graph\":[{\"@type\":\"WebPage\",\"@id\":\"https:\/\/novak-m.com\/fr\/blog\/\",\"url\":\"https:\/\/novak-m.com\/fr\/blog\/\",\"name\":\"Actualit\u00e9s | Novak M | the comforts of medicine | novak-m.com\",\"isPartOf\":{\"@id\":\"https:\/\/novak-m.com\/fr\/#website\"},\"datePublished\":\"2019-01-03T12:43:25+00:00\",\"dateModified\":\"2022-03-11T08:03:13+00:00\",\"description\":\"Vous voulez connaitre les nouveaux produits et les nouvelles technologies?\",\"breadcrumb\":{\"@id\":\"https:\/\/novak-m.com\/fr\/blog\/#breadcrumb\"},\"inLanguage\":\"fr-FR\",\"potentialAction\":[{\"@type\":\"ReadAction\",\"target\":[\"https:\/\/novak-m.com\/fr\/blog\/\"]}]},{\"@type\":\"BreadcrumbList\",\"@id\":\"https:\/\/novak-m.com\/fr\/blog\/#breadcrumb\",\"itemListElement\":[{\"@type\":\"ListItem\",\"position\":1,\"name\":\"Home\",\"item\":\"https:\/\/novak-m.com\/fr\/home\/\"},{\"@type\":\"ListItem\",\"position\":2,\"name\":\"Blog\"}]},{\"@type\":\"WebSite\",\"@id\":\"https:\/\/novak-m.com\/fr\/#website\",\"url\":\"https:\/\/novak-m.com\/fr\/\",\"name\":\"Novak M\",\"description\":\"Novak M | official international webpage | novak-m.com\",\"potentialAction\":[{\"@type\":\"SearchAction\",\"target\":{\"@type\":\"EntryPoint\",\"urlTemplate\":\"https:\/\/novak-m.com\/fr\/?s={search_term_string}\"},\"query-input\":{\"@type\":\"PropertyValueSpecification\",\"valueRequired\":true,\"valueName\":\"search_term_string\"}}],\"inLanguage\":\"fr-FR\"}]}<\/script>\n<!-- \/ Yoast SEO plugin. -->","yoast_head_json":{"title":"Actualit\u00e9s | Novak M | the comforts of medicine | novak-m.com","description":"Vous voulez connaitre les nouveaux produits et les nouvelles technologies?","robots":{"index":"index","follow":"follow","max-snippet":"max-snippet:-1","max-image-preview":"max-image-preview:large","max-video-preview":"max-video-preview:-1"},"canonical":"https:\/\/novak-m.com\/fr\/blog\/","og_locale":"fr_FR","og_type":"article","og_title":"Actualit\u00e9s | Novak M | the comforts of medicine | novak-m.com","og_description":"Vous voulez connaitre les nouveaux produits et les nouvelles technologies?","og_url":"https:\/\/novak-m.com\/fr\/blog\/","og_site_name":"Novak-M","article_modified_time":"2022-03-11T08:03:13+00:00","twitter_card":"summary_large_image","twitter_misc":{"Dur\u00e9e de lecture estim\u00e9e":"2 minutes"},"schema":{"@context":"https:\/\/schema.org","@graph":[{"@type":"WebPage","@id":"https:\/\/novak-m.com\/fr\/blog\/","url":"https:\/\/novak-m.com\/fr\/blog\/","name":"Actualit\u00e9s | Novak M | the comforts of medicine | novak-m.com","isPartOf":{"@id":"https:\/\/novak-m.com\/fr\/#website"},"datePublished":"2019-01-03T12:43:25+00:00","dateModified":"2022-03-11T08:03:13+00:00","description":"Vous voulez connaitre les nouveaux produits et les nouvelles technologies?","breadcrumb":{"@id":"https:\/\/novak-m.com\/fr\/blog\/#breadcrumb"},"inLanguage":"fr-FR","potentialAction":[{"@type":"ReadAction","target":["https:\/\/novak-m.com\/fr\/blog\/"]}]},{"@type":"BreadcrumbList","@id":"https:\/\/novak-m.com\/fr\/blog\/#breadcrumb","itemListElement":[{"@type":"ListItem","position":1,"name":"Home","item":"https:\/\/novak-m.com\/fr\/home\/"},{"@type":"ListItem","position":2,"name":"Blog"}]},{"@type":"WebSite","@id":"https:\/\/novak-m.com\/fr\/#website","url":"https:\/\/novak-m.com\/fr\/","name":"Novak M","description":"Novak M | official international webpage | novak-m.com","potentialAction":[{"@type":"SearchAction","target":{"@type":"EntryPoint","urlTemplate":"https:\/\/novak-m.com\/fr\/?s={search_term_string}"},"query-input":{"@type":"PropertyValueSpecification","valueRequired":true,"valueName":"search_term_string"}}],"inLanguage":"fr-FR"}]}},"_links":{"self":[{"href":"https:\/\/novak-m.com\/fr\/wp-json\/wp\/v2\/pages\/11985","targetHints":{"allow":["GET"]}}],"collection":[{"href":"https:\/\/novak-m.com\/fr\/wp-json\/wp\/v2\/pages"}],"about":[{"href":"https:\/\/novak-m.com\/fr\/wp-json\/wp\/v2\/types\/page"}],"author":[{"embeddable":true,"href":"https:\/\/novak-m.com\/fr\/wp-json\/wp\/v2\/users\/1"}],"replies":[{"embeddable":true,"href":"https:\/\/novak-m.com\/fr\/wp-json\/wp\/v2\/comments?post=11985"}],"version-history":[{"count":0,"href":"https:\/\/novak-m.com\/fr\/wp-json\/wp\/v2\/pages\/11985\/revisions"}],"wp:attachment":[{"href":"https:\/\/novak-m.com\/fr\/wp-json\/wp\/v2\/media?parent=11985"}],"curies":[{"name":"wp","href":"https:\/\/api.w.org\/{rel}","templated":true}]}}