{"id":76294,"date":"2023-01-13T11:40:54","date_gmt":"2023-01-13T10:40:54","guid":{"rendered":"https:\/\/www.novak-m.com\/servis\/"},"modified":"2025-12-18T11:55:12","modified_gmt":"2025-12-18T10:55:12","slug":"service","status":"publish","type":"page","link":"https:\/\/novak-m.com\/de\/service\/","title":{"rendered":"Service"},"content":{"rendered":"<section  class='av_textblock_section av-2jfv7p4-2f8f87ef2fbf0efc53bb622f561ce220 '   itemscope=\"itemscope\" itemtype=\"https:\/\/schema.org\/CreativeWork\" ><div class='avia_textblock'  itemprop=\"text\" ><h2>Unsere oberste Priorit\u00e4t ist Ihre Zufriedenheit bei der Arbeit mit unseren Produkten.<\/h2>\n<p>Falls Ihr Novak M Produkt repariert werden muss, wenden Sie sich bitte an Ihren H\u00e4ndler und vereinbaren Sie einen Servicetermin. Klicken Sie hier, um eine <a href=\"https:\/\/novak-m.com\/de\/verkaufsnetz\/\"><strong>\u00dcbersicht \u00fcber unsere Vertretungen<\/strong><\/a> in mehr als 20 L\u00e4ndern der Welt zu erhalten.<\/p>\n<h2>Wie Sie sich auf Ihren Servicetermin vorbereiten<\/h2>\n<p>Bitte sehen Sie auf dem silbernen Etikett auf Ihrem Produkt nach. Das silberne Etikett enth\u00e4lt wichtige Produktinformationen wie z.B.:<\/p>\n<ul>\n<li>Modell<\/li>\n<li>Produktname<\/li>\n<li>Seriennummer des Produktes<\/li>\n<li>Monat und Jahr der Herstellung<\/li>\n<\/ul>\n<p>Anhand dieser Daten kann das Serviceteam Ihre Produkte identifizieren, den Fehler ermitteln, und Ihnen den entsprechenden Reparaturservice anbieten.<\/p>\n<p>Lesen Sie mehr \u00fcber die <a href=\"https:\/\/novak-m.com\/de\/garantie\/\"><strong>Garantie<\/strong><\/a> f\u00fcr unsere Produkte.<\/p>\n<h3>Wo befindet sich das silberne Etikett?<\/h3>\n<p><img loading=\"lazy\" decoding=\"async\" class=\"alignnone wp-image-75552\" src=\"https:\/\/novak-m.com\/wp-content\/uploads\/2023\/02\/ETS4_servis.jpg\" alt=\"\" width=\"136\" height=\"88\" \/> <img loading=\"lazy\" decoding=\"async\" class=\"alignnone wp-image-75558\" src=\"https:\/\/novak-m.com\/wp-content\/uploads\/2023\/02\/X2_servis.jpg\" alt=\"\" width=\"158\" height=\"88\" \/> <img loading=\"lazy\" decoding=\"async\" class=\"alignnone wp-image-75564\" src=\"https:\/\/novak-m.com\/wp-content\/uploads\/2023\/02\/TCZ_servis.jpg\" alt=\"\" width=\"126\" height=\"98\" \/> <img loading=\"lazy\" decoding=\"async\" class=\"alignnone wp-image-75546\" src=\"https:\/\/novak-m.com\/wp-content\/uploads\/2023\/02\/BON_servis.jpg\" alt=\"\" width=\"125\" height=\"102\" \/><\/p>\n<h3>Beispiele f\u00fcr silberne Etiketten:<\/h3>\n<p><img loading=\"lazy\" decoding=\"async\" class=\"alignnone wp-image-113101\" src=\"https:\/\/novak-m.com\/wp-content\/uploads\/2025\/12\/Tablica_electric-scaled.jpg\" alt=\"\" width=\"310\" height=\"130\" srcset=\"https:\/\/novak-m.com\/wp-content\/uploads\/2025\/12\/Tablica_electric-scaled.jpg 2560w, https:\/\/novak-m.com\/wp-content\/uploads\/2025\/12\/Tablica_electric-300x126.jpg 300w, https:\/\/novak-m.com\/wp-content\/uploads\/2025\/12\/Tablica_electric-1030x433.jpg 1030w, https:\/\/novak-m.com\/wp-content\/uploads\/2025\/12\/Tablica_electric-768x323.jpg 768w, https:\/\/novak-m.com\/wp-content\/uploads\/2025\/12\/Tablica_electric-286x120.jpg 286w, https:\/\/novak-m.com\/wp-content\/uploads\/2025\/12\/Tablica_electric-1536x645.jpg 1536w, https:\/\/novak-m.com\/wp-content\/uploads\/2025\/12\/Tablica_electric-2048x861.jpg 2048w, https:\/\/novak-m.com\/wp-content\/uploads\/2025\/12\/Tablica_electric-1500x630.jpg 1500w, https:\/\/novak-m.com\/wp-content\/uploads\/2025\/12\/Tablica_electric-600x252.jpg 600w\" sizes=\"auto, (max-width: 310px) 100vw, 310px\" \/>\u00a0<img loading=\"lazy\" decoding=\"async\" class=\"alignnone wp-image-75152\" src=\"https:\/\/novak-m.com\/wp-content\/uploads\/2023\/01\/tablica-PMSL.jpg\" alt=\"\" width=\"251\" height=\"131\" srcset=\"https:\/\/novak-m.com\/wp-content\/uploads\/2023\/01\/tablica-PMSL.jpg 2315w, https:\/\/novak-m.com\/wp-content\/uploads\/2023\/01\/tablica-PMSL-300x156.jpg 300w, https:\/\/novak-m.com\/wp-content\/uploads\/2023\/01\/tablica-PMSL-1030x537.jpg 1030w, https:\/\/novak-m.com\/wp-content\/uploads\/2023\/01\/tablica-PMSL-768x400.jpg 768w, https:\/\/novak-m.com\/wp-content\/uploads\/2023\/01\/tablica-PMSL-230x120.jpg 230w, https:\/\/novak-m.com\/wp-content\/uploads\/2023\/01\/tablica-PMSL-212x110.jpg 212w, https:\/\/novak-m.com\/wp-content\/uploads\/2023\/01\/tablica-PMSL-1536x800.jpg 1536w, https:\/\/novak-m.com\/wp-content\/uploads\/2023\/01\/tablica-PMSL-2048x1067.jpg 2048w, https:\/\/novak-m.com\/wp-content\/uploads\/2023\/01\/tablica-PMSL-1500x781.jpg 1500w, https:\/\/novak-m.com\/wp-content\/uploads\/2023\/01\/tablica-PMSL-600x313.jpg 600w\" sizes=\"auto, (max-width: 251px) 100vw, 251px\" \/><\/p>\n<h2><\/h2>\n<h2><\/h2>\n<h2><\/h2>\n<h2>Ein Problem mit dem zus\u00e4tzlichen Handschalter k\u00f6nnen Sie selbst l\u00f6sen<\/h2>\n<p>Wenn Sie beim Bet\u00e4tigen des zus\u00e4tzlichen Handschalters ungew\u00f6hnliche Piept\u00f6ne h\u00f6ren und sich die Liege nicht in die gew\u00fcnschte Position hebt oder senkt, f\u00fchren Sie einen Motorinitialisierungsvorgang durch, die Sie in der Bedienungsanleitung finden. Die entsprechenden Anweisungen dazu finden Sie in der Bedienungsanleitung.<\/p>\n<p>Bleibt das Problem bestehen, liegt h\u00f6chstwahrscheinlich ein Fehler vor. Wenden Sie sich f\u00fcr den Service an Ihren <a href=\"https:\/\/novak-m.com\/de\/verkaufsnetz\/\"><strong>H\u00e4ndler<\/strong><\/a>!<\/p>\n<\/div><\/section>\n","protected":false},"excerpt":{"rendered":"","protected":false},"author":5,"featured_media":75315,"parent":0,"menu_order":0,"comment_status":"closed","ping_status":"closed","template":"template-content-page.php","meta":{"_acf_changed":false,"footnotes":""},"class_list":["post-76294","page","type-page","status-publish","has-post-thumbnail","hentry"],"acf":[],"yoast_head":"<!-- This site is optimized with the Yoast SEO plugin v25.5 - https:\/\/yoast.com\/wordpress\/plugins\/seo\/ -->\n<title>Alles \u00fcber den Service f\u00fcr unsere Produkte\u2502Novak M<\/title>\n<meta name=\"description\" content=\"Ben\u00f6tigen Sie einen Servicetermin f\u00fcr unser Produkt? Alle Ihre Serviceinformationen sind an einem Ort zusammengefasst. Lesen Sie mehr.\" \/>\n<meta name=\"robots\" content=\"index, follow, max-snippet:-1, max-image-preview:large, max-video-preview:-1\" \/>\n<link rel=\"canonical\" href=\"https:\/\/novak-m.com\/de\/service\/\" \/>\n<meta property=\"og:locale\" content=\"de_DE\" \/>\n<meta property=\"og:type\" content=\"article\" \/>\n<meta property=\"og:title\" content=\"Alles \u00fcber den Service f\u00fcr unsere Produkte\u2502Novak M\" \/>\n<meta property=\"og:description\" content=\"Ben\u00f6tigen Sie einen Servicetermin f\u00fcr unser Produkt? Alle Ihre Serviceinformationen sind an einem Ort zusammengefasst. Lesen Sie mehr.\" \/>\n<meta property=\"og:url\" content=\"https:\/\/novak-m.com\/de\/service\/\" \/>\n<meta property=\"og:site_name\" content=\"Novak-M\" \/>\n<meta property=\"article:modified_time\" content=\"2025-12-18T10:55:12+00:00\" \/>\n<meta property=\"og:image\" content=\"https:\/\/novak-m.com\/wp-content\/uploads\/2023\/01\/servis_stran.jpg\" \/>\n\t<meta property=\"og:image:width\" content=\"1037\" \/>\n\t<meta property=\"og:image:height\" content=\"929\" \/>\n\t<meta property=\"og:image:type\" content=\"image\/jpeg\" \/>\n<meta name=\"twitter:card\" content=\"summary_large_image\" \/>\n<meta name=\"twitter:label1\" content=\"Gesch\u00e4tzte Lesezeit\" \/>\n\t<meta name=\"twitter:data1\" content=\"3\u00a0Minuten\" \/>\n<script type=\"application\/ld+json\" class=\"yoast-schema-graph\">{\"@context\":\"https:\/\/schema.org\",\"@graph\":[{\"@type\":\"WebPage\",\"@id\":\"https:\/\/novak-m.com\/de\/service\/\",\"url\":\"https:\/\/novak-m.com\/de\/service\/\",\"name\":\"Alles \u00fcber den Service f\u00fcr unsere Produkte\u2502Novak M\",\"isPartOf\":{\"@id\":\"https:\/\/novak-m.com\/fr\/#website\"},\"primaryImageOfPage\":{\"@id\":\"https:\/\/novak-m.com\/de\/service\/#primaryimage\"},\"image\":{\"@id\":\"https:\/\/novak-m.com\/de\/service\/#primaryimage\"},\"thumbnailUrl\":\"https:\/\/novak-m.com\/wp-content\/uploads\/2023\/01\/servis_stran.jpg\",\"datePublished\":\"2023-01-13T10:40:54+00:00\",\"dateModified\":\"2025-12-18T10:55:12+00:00\",\"description\":\"Ben\u00f6tigen Sie einen Servicetermin f\u00fcr unser Produkt? Alle Ihre Serviceinformationen sind an einem Ort zusammengefasst. Lesen Sie mehr.\",\"breadcrumb\":{\"@id\":\"https:\/\/novak-m.com\/de\/service\/#breadcrumb\"},\"inLanguage\":\"de\",\"potentialAction\":[{\"@type\":\"ReadAction\",\"target\":[\"https:\/\/novak-m.com\/de\/service\/\"]}]},{\"@type\":\"ImageObject\",\"inLanguage\":\"de\",\"@id\":\"https:\/\/novak-m.com\/de\/service\/#primaryimage\",\"url\":\"https:\/\/novak-m.com\/wp-content\/uploads\/2023\/01\/servis_stran.jpg\",\"contentUrl\":\"https:\/\/novak-m.com\/wp-content\/uploads\/2023\/01\/servis_stran.jpg\",\"width\":1037,\"height\":929,\"caption\":\"technician on his way to service\"},{\"@type\":\"BreadcrumbList\",\"@id\":\"https:\/\/novak-m.com\/de\/service\/#breadcrumb\",\"itemListElement\":[{\"@type\":\"ListItem\",\"position\":1,\"name\":\"Home\",\"item\":\"https:\/\/novak-m.com\/de\/home\/\"},{\"@type\":\"ListItem\",\"position\":2,\"name\":\"Service\"}]},{\"@type\":\"WebSite\",\"@id\":\"https:\/\/novak-m.com\/fr\/#website\",\"url\":\"https:\/\/novak-m.com\/fr\/\",\"name\":\"Novak M\",\"description\":\"Novak M | official international webpage | novak-m.com\",\"potentialAction\":[{\"@type\":\"SearchAction\",\"target\":{\"@type\":\"EntryPoint\",\"urlTemplate\":\"https:\/\/novak-m.com\/fr\/?s={search_term_string}\"},\"query-input\":{\"@type\":\"PropertyValueSpecification\",\"valueRequired\":true,\"valueName\":\"search_term_string\"}}],\"inLanguage\":\"de\"}]}<\/script>\n<!-- \/ Yoast SEO plugin. -->","yoast_head_json":{"title":"Alles \u00fcber den Service f\u00fcr unsere Produkte\u2502Novak M","description":"Ben\u00f6tigen Sie einen Servicetermin f\u00fcr unser Produkt? Alle Ihre Serviceinformationen sind an einem Ort zusammengefasst. Lesen Sie mehr.","robots":{"index":"index","follow":"follow","max-snippet":"max-snippet:-1","max-image-preview":"max-image-preview:large","max-video-preview":"max-video-preview:-1"},"canonical":"https:\/\/novak-m.com\/de\/service\/","og_locale":"de_DE","og_type":"article","og_title":"Alles \u00fcber den Service f\u00fcr unsere Produkte\u2502Novak M","og_description":"Ben\u00f6tigen Sie einen Servicetermin f\u00fcr unser Produkt? Alle Ihre Serviceinformationen sind an einem Ort zusammengefasst. Lesen Sie mehr.","og_url":"https:\/\/novak-m.com\/de\/service\/","og_site_name":"Novak-M","article_modified_time":"2025-12-18T10:55:12+00:00","og_image":[{"width":1037,"height":929,"url":"https:\/\/novak-m.com\/wp-content\/uploads\/2023\/01\/servis_stran.jpg","type":"image\/jpeg"}],"twitter_card":"summary_large_image","twitter_misc":{"Gesch\u00e4tzte Lesezeit":"3\u00a0Minuten"},"schema":{"@context":"https:\/\/schema.org","@graph":[{"@type":"WebPage","@id":"https:\/\/novak-m.com\/de\/service\/","url":"https:\/\/novak-m.com\/de\/service\/","name":"Alles \u00fcber den Service f\u00fcr unsere Produkte\u2502Novak M","isPartOf":{"@id":"https:\/\/novak-m.com\/fr\/#website"},"primaryImageOfPage":{"@id":"https:\/\/novak-m.com\/de\/service\/#primaryimage"},"image":{"@id":"https:\/\/novak-m.com\/de\/service\/#primaryimage"},"thumbnailUrl":"https:\/\/novak-m.com\/wp-content\/uploads\/2023\/01\/servis_stran.jpg","datePublished":"2023-01-13T10:40:54+00:00","dateModified":"2025-12-18T10:55:12+00:00","description":"Ben\u00f6tigen Sie einen Servicetermin f\u00fcr unser Produkt? Alle Ihre Serviceinformationen sind an einem Ort zusammengefasst. Lesen Sie mehr.","breadcrumb":{"@id":"https:\/\/novak-m.com\/de\/service\/#breadcrumb"},"inLanguage":"de","potentialAction":[{"@type":"ReadAction","target":["https:\/\/novak-m.com\/de\/service\/"]}]},{"@type":"ImageObject","inLanguage":"de","@id":"https:\/\/novak-m.com\/de\/service\/#primaryimage","url":"https:\/\/novak-m.com\/wp-content\/uploads\/2023\/01\/servis_stran.jpg","contentUrl":"https:\/\/novak-m.com\/wp-content\/uploads\/2023\/01\/servis_stran.jpg","width":1037,"height":929,"caption":"technician on his way to service"},{"@type":"BreadcrumbList","@id":"https:\/\/novak-m.com\/de\/service\/#breadcrumb","itemListElement":[{"@type":"ListItem","position":1,"name":"Home","item":"https:\/\/novak-m.com\/de\/home\/"},{"@type":"ListItem","position":2,"name":"Service"}]},{"@type":"WebSite","@id":"https:\/\/novak-m.com\/fr\/#website","url":"https:\/\/novak-m.com\/fr\/","name":"Novak M","description":"Novak M | official international webpage | novak-m.com","potentialAction":[{"@type":"SearchAction","target":{"@type":"EntryPoint","urlTemplate":"https:\/\/novak-m.com\/fr\/?s={search_term_string}"},"query-input":{"@type":"PropertyValueSpecification","valueRequired":true,"valueName":"search_term_string"}}],"inLanguage":"de"}]}},"_links":{"self":[{"href":"https:\/\/novak-m.com\/de\/wp-json\/wp\/v2\/pages\/76294","targetHints":{"allow":["GET"]}}],"collection":[{"href":"https:\/\/novak-m.com\/de\/wp-json\/wp\/v2\/pages"}],"about":[{"href":"https:\/\/novak-m.com\/de\/wp-json\/wp\/v2\/types\/page"}],"author":[{"embeddable":true,"href":"https:\/\/novak-m.com\/de\/wp-json\/wp\/v2\/users\/5"}],"replies":[{"embeddable":true,"href":"https:\/\/novak-m.com\/de\/wp-json\/wp\/v2\/comments?post=76294"}],"version-history":[{"count":3,"href":"https:\/\/novak-m.com\/de\/wp-json\/wp\/v2\/pages\/76294\/revisions"}],"predecessor-version":[{"id":113156,"href":"https:\/\/novak-m.com\/de\/wp-json\/wp\/v2\/pages\/76294\/revisions\/113156"}],"wp:featuredmedia":[{"embeddable":true,"href":"https:\/\/novak-m.com\/de\/wp-json\/wp\/v2\/media\/75315"}],"wp:attachment":[{"href":"https:\/\/novak-m.com\/de\/wp-json\/wp\/v2\/media?parent=76294"}],"curies":[{"name":"wp","href":"https:\/\/api.w.org\/{rel}","templated":true}]}}