{"id":7093,"date":"2019-01-03T12:44:51","date_gmt":"2019-01-03T12:44:51","guid":{"rendered":"https:\/\/www.novak-m.com\/about-us\/"},"modified":"2026-03-16T13:46:30","modified_gmt":"2026-03-16T12:46:30","slug":"ueber-uns","status":"publish","type":"page","link":"https:\/\/novak-m.com\/de\/ueber-uns\/","title":{"rendered":"\u00dcber uns"},"content":{"rendered":"<div id='o_nas'  class='avia-section av-2agos-a84fd2ad5a8b743fb35950a84a9c2bef main_color avia-section-default avia-no-border-styling  avia-builder-el-0  el_before_av_section  avia-builder-el-first  avia-bg-style-scroll container_wrap fullsize'  ><div class='container av-section-cont-open' ><main  role=\"main\" itemprop=\"mainContentOfPage\"  class='template-page content  av-content-full alpha units'><div class='post-entry post-entry-type-page post-entry-7093'><div class='entry-content-wrapper clearfix'>\n<div class='flex_column_table av-1pwn4-c62e94452e2f31cac52f19ed5085a27c sc-av_one_half av-equal-height-column-flextable'>\n<style type=\"text\/css\" data-created_by=\"avia_inline_auto\" id=\"style-css-av-1pwn4-c62e94452e2f31cac52f19ed5085a27c\">\n.flex_column.av-1pwn4-c62e94452e2f31cac52f19ed5085a27c{\nborder-radius:0px 0px 0px 0px;\npadding:0px 0px 0px 0px;\n}\n<\/style>\n<div  class='flex_column av-1pwn4-c62e94452e2f31cac52f19ed5085a27c av_one_half  avia-builder-el-1  el_before_av_one_half  avia-builder-el-first  onas_left first no_margin flex_column_table_cell av-equal-height-column av-align-bottom av-zero-column-padding  '     ><section  class='av_textblock_section av-jqwfk303-635fe87000eea2b6dc91c54115d4d739 '   itemscope=\"itemscope\" itemtype=\"https:\/\/schema.org\/CreativeWork\" ><div class='avia_textblock f20l30'  itemprop=\"text\" ><h1>Bringen Sie die Behandlung auf ein h\u00f6heres Niveau<\/h1>\n<p>Novak M ist ein familiengef\u00fchrter slowenischer Hersteller von medizinischer Ausstattung. Mit \u00fcber 45 Jahren Erfahrung entwickeln und produzieren wir OP-Tische, Untersuchungs- und Behandlungsliegen, Patiententransporter sowie Tagesklinikst\u00fchle, die eine sichere und effiziente Patientenversorgung unterst\u00fctzen.<\/p>\n<\/div><\/section><br \/>\n<section  class='av_textblock_section av-jr0ahjt1-d4d2506aefc9e439ee6f03bc8793511a '   itemscope=\"itemscope\" itemtype=\"https:\/\/schema.org\/CreativeWork\" ><div class='avia_textblock'  itemprop=\"text\" ><div class=\"ms_skupaj_z_vami\"><div class=\"ms_skupaj_z_vami_link video_popup\"><a class=\"playbuttondark f18l30\" href=\"https:\/\/www.youtube.com\/watch?v=q2uBLt_2tGw\">Novak M video<\/a><\/div><div class=\"ms_skupaj_z_vami_podpis\"><img class=\"lazy\" width=\"177\" height=\"85\" data-src=\"https:\/\/novak-m.com\/wp-content\/themes\/enfold-child\/images\/Podpis-novakm.svg\"><\/div><\/div>\n<\/div><\/section><\/p><\/div>\n<style type=\"text\/css\" data-created_by=\"avia_inline_auto\" id=\"style-css-av-q8x8-4a65538c3ea78e15cfe30b9eb6ac306c\">\n.flex_column.av-q8x8-4a65538c3ea78e15cfe30b9eb6ac306c{\nborder-radius:0px 0px 0px 0px;\npadding:0px 0px 0px 0px;\n}\n<\/style>\n<div  class='flex_column av-q8x8-4a65538c3ea78e15cfe30b9eb6ac306c av_one_half  avia-builder-el-4  el_after_av_one_half  avia-builder-el-last  no_margin flex_column_table_cell av-equal-height-column av-align-bottom av-zero-column-padding  '     ><section  class='av_textblock_section av-13c54-bf0599fc415bef54d727dc6976be1be0 '   itemscope=\"itemscope\" itemtype=\"https:\/\/schema.org\/CreativeWork\" ><div class='avia_textblock'  itemprop=\"text\" ><div class=\"slideholder_home_heading\"><div class=\"shadetop\"><\/div><div class=\"greytriangle\"><\/div><div class=\"slickholder_home_heading\"><div class=\"single_slide\"><div class=\"slide_bg lazy\" data-bg=\"url(https:\/\/novak-m.com\/wp-content\/uploads\/2019\/07\/Novak-M-medical-equipment-1030x687.jpg)\" ><\/div><\/div><\/div><\/div>\n<\/div><\/section><\/div><\/div><!--close column table wrapper. Autoclose: 1 -->\n\n<\/div><\/div><\/main><!-- close content main element --><\/div><\/div><div id='av_section_2'  class='avia-section av-1clpm-d8c12298e823d31aff964fed8cfe4ea3 main_color avia-section-default avia-no-border-styling  avia-builder-el-6  el_after_av_section  el_before_av_section  o_nas_second avia-bg-style-scroll container_wrap fullsize'  ><div class='container av-section-cont-open' ><div class='template-page content  av-content-full alpha units'><div class='post-entry post-entry-type-page post-entry-7093'><div class='entry-content-wrapper clearfix'>\n\n<style type=\"text\/css\" data-created_by=\"avia_inline_auto\" id=\"style-css-av-q14u-e2f08fd583bf4d258008c8582d3dc329\">\n.flex_column.av-q14u-e2f08fd583bf4d258008c8582d3dc329{\nborder-radius:0px 0px 0px 0px;\npadding:0px 0px 0px 0px;\n}\n<\/style>\n<div  class='flex_column av-q14u-e2f08fd583bf4d258008c8582d3dc329 av_one_full  avia-builder-el-7  avia-builder-el-no-sibling  first flex_column_div av-zero-column-padding  '     ><section  class='av_textblock_section av-jzseohdr-21fab7281526ae4dca882232d706cf30 '   itemscope=\"itemscope\" itemtype=\"https:\/\/schema.org\/CreativeWork\" ><div class='avia_textblock'  itemprop=\"text\" ><h2 style=\"text-align: center\">Um unsere Mission zu erf\u00fcllen<\/h2>\n<p style=\"text-align: center\">Seit 1979 stehen wir in engem Kontakt mit unseren Endanwendern, zu denen \u00c4rzte, Krankenschwestern und andere Pflegekr\u00e4fte sowie Patienten geh\u00f6ren. Dank unserer Branchenkenntnis und innovativen Technologie zeichnen sich unsere Medizinprodukte durch ein einfaches und <a href=\"https:\/\/novak-m.com\/de\/novak-m-feiert-teil-5\/\"><strong>klares Design<\/strong><\/a> sowie <a href=\"https:\/\/novak-m.com\/de\/novak-m-feiert-teil-7\/\"><strong>patentierte L\u00f6sungen<\/strong><\/a> aus und erf\u00fcllen gleichzeitig alle gesetzlichen Sicherheitsanforderungen. Sie bieten umfassende Unterst\u00fctzung bei der Patientenversorgung und helfen den Fachkr\u00e4ften, sich ganz den Patienten zu widmen.<\/p>\n<h2 style=\"text-align: center\">Finden Sie Ihr Novak M Produkt und genie\u00dfen Sie seine Vorteile<\/h2>\n<p style=\"text-align: center\">Durch ein hervorragendes Partnernetzwerk sind unsere hochwertigen Produkte in mehr als <a href=\"https:\/\/novak-m.com\/de\/verkaufsnetz\/\"><strong>15 L\u00e4ndern weltweit erh\u00e4ltlich<\/strong><\/a>. Nutzen Sie unseren <a href=\"https:\/\/novak-m.com\/de\/konfigurator-untersuchungsliegen\/\"><strong>Online-Konfigurator<\/strong><\/a> um ein ma\u00dfgeschneidertes Produkt auszuw\u00e4hlen, das die Anforderungen Ihres Fachgebiets erf\u00fcllt. Sie sind auch herzlich eingeladen, den Ausstellungsraum von Novak M zu besuchen, wo unser Verkaufsteam Sie gerne beraten wird.<\/p>\n<\/div><\/section><\/div>\n\n<\/div><\/div><\/div><!-- close content main div --><\/div><\/div><div id='av_section_3'  class='avia-section av-15afu-0dfa81c37800e687fa7bbcaaf32cbfc9 main_color avia-section-default avia-no-border-styling  avia-builder-el-9  el_after_av_section  el_before_av_section  avia-bg-style-scroll container_wrap fullsize'  ><div class='container av-section-cont-open' ><div class='template-page content  av-content-full alpha units'><div class='post-entry post-entry-type-page post-entry-7093'><div class='entry-content-wrapper clearfix'>\n<section  class='av_textblock_section av-jqz7aqrl-4743eed4be4afc21a9bbc1e9a3043f70 '   itemscope=\"itemscope\" itemtype=\"https:\/\/schema.org\/CreativeWork\" ><div class='avia_textblock'  itemprop=\"text\" > <div class=\"ms_onas_slider  clearfix\"><div class=\"ms_column ms_first \"><div class=\"image_slider_wrapper \"><div class=\"ms_onas_slider_for_borders\"><div class=\"ms_onas_slider_for\">   <div class=\"single_media_slide\"> <img class=\"lazy\" data-src=\"https:\/\/novak-m.com\/wp-content\/uploads\/2019\/08\/Honnesty.jpg\"> <\/div>   <div class=\"single_media_slide\"> <img class=\"lazy\" data-src=\"https:\/\/novak-m.com\/wp-content\/uploads\/2019\/08\/Dilligence.jpg\"> <\/div>   <div class=\"single_media_slide\"> <img class=\"lazy\" data-src=\"https:\/\/novak-m.com\/wp-content\/uploads\/2019\/08\/Commitment.jpg\"> <\/div>   <div class=\"single_media_slide\"> <img class=\"lazy\" data-src=\"https:\/\/novak-m.com\/wp-content\/uploads\/2019\/08\/Innovation.jpg\"> <\/div>  <\/div> <\/div> <\/div> <\/div><div class=\"ms_column ms_second \"><div class=\"ms_onas_slider_text\">  <div class=\"ms_onas_slider_text_single\">    <h2 class=\"f45l55\">Ehrlichkeit gegen\u00fcber sich selbst, Mitarbeitern und Kunden<\/h2>   <div class=\"ms_mar_bot_40\"><p>Wir legen Wert auf Ehrlichkeit. Wir glauben, dass ein Unternehmen und seine Mitarbeiter langfristig nur durch ehrliche Arbeit Fortschritte machen k\u00f6nnen. Die Einhaltung unserer Verpflichtungen ist der Grundstein, auf dem wir seit 40 Jahren aufbauen. Wir sind uns selbst und unseren Mitarbeitern gegen\u00fcber ehrlich, eine Tatsache, die auch von unseren Lieferanten und Kunden anerkannt wird. Wir handeln auch verantwortungsbewusst gegen\u00fcber der Gesellschaft im Allgemeinen und der Umwelt.<\/p>\n<\/div> <\/div>  <div class=\"ms_onas_slider_text_single\">    <h2 class=\"f45l55\">Sorgfalt, ein Beitrag zur Menschenw\u00fcrde<\/h2>   <div class=\"ms_mar_bot_40\"><p>Bei Novak M glauben wir, dass Sorgfalt seit den Anf\u00e4ngen unseres Familienunternehmens von gr\u00f6\u00dfter Bedeutung ist. Arbeit ist ein Wert an sich. Eine gut ausgef\u00fchrte Arbeit tr\u00e4gt zu einem Gef\u00fchl der pers\u00f6nlichen Leistungsf\u00e4higkeit und des Selbstwertgef\u00fchls bei. Sie f\u00f6rdert die Wahrung und St\u00e4rkung der Menschenw\u00fcrde jedes Einzelnen. Als Arbeitgeber sch\u00e4tzt Novak M daher jede noch so kleine Aufgabe seiner Mitarbeiter. Jede angezogene Schraube oder gesendete E-Mail ist ein kleiner Schritt zum gemeinsamen Erfolg.<\/p>\n<\/div> <\/div>  <div class=\"ms_onas_slider_text_single\">    <h2 class=\"f45l55\">Engagement am eigenen Arbeitsplatz und f\u00fcr das Unternehmen <\/h2>   <div class=\"ms_mar_bot_40\"><p>Ein langfristiger Fortschritt jedes Einzelnen und des Unternehmens als Ganzes ist nur durch engagierte Arbeit m\u00f6glich. Wir sind \u00fcberzeugt, dass das Engagement unserer Mitarbeiter f\u00fcr ihren Arbeitsplatz und das Unternehmen bessere Ergebnisse bringt. Wir sind auch der Meinung, dass das Unternehmen gerade aufgrund des kontinuierlichen Engagements f\u00fcr die Werte, die von Anfang an die Grundlage unseres Familienunternehmens bildeten, weiter fortbesteht und expandiert.<\/p>\n<\/div> <\/div>  <div class=\"ms_onas_slider_text_single\">    <h2 class=\"f45l55\">Innovation, denn wir glauben an den Fortschritt<\/h2>   <div class=\"ms_mar_bot_40\"><p>Wir glauben an Wissen und Fortschritt. Wir sind \u00fcberzeugt, dass wir wettbewerbsf\u00e4hige Produkte entwickeln, produzieren und verkaufen k\u00f6nnen, indem wir Fachwissen, unsere eigene Innovationskraft und eine weltweite Orientierung implementieren. Nur wenn das Unternehmen offen f\u00fcr neues Wissen und neue Erkenntnisse ist, kann es einen offenen und modernen Arbeitsplatz f\u00fcr seine Mitarbeiter schaffen und Produkte und Dienstleistungen entwickeln, produzieren und verkaufen, die den Bed\u00fcrfnissen der Endverbraucher unserer Produkte entsprechen.<\/p>\n<\/div> <\/div>  <\/div>  <a class=\"arrowbutton\" href=\"https:\/\/novak-m.com\/de\/kontakt\/\">Kontaktieren Sie uns<\/a> <\/div><\/div>\n<\/div><\/section>\n\n<\/div><\/div><\/div><!-- close content main div --><\/div><\/div><div id='av_section_4'  class='avia-section av-av_section-3ef07c12a2bb1670acbb6a6393332f22 main_color avia-section-default avia-no-border-styling  avia-builder-el-11  el_after_av_section  avia-builder-el-last  avia-bg-style-scroll container_wrap fullsize'  ><div class='container av-section-cont-open' ><div class='template-page content  av-content-full alpha units'><div class='post-entry post-entry-type-page post-entry-7093'><div class='entry-content-wrapper clearfix'>\n<section  class='av_textblock_section av-mmt6ghqw-5dd7b89a43c72995881b47250f91ffea '   itemscope=\"itemscope\" itemtype=\"https:\/\/schema.org\/CreativeWork\" ><div class='avia_textblock'  itemprop=\"text\" ><div class=\"newsletterwrap\"><div class=\"prenldots\"><div class=\" dot dot_1\"><\/div><div class=\"dot dot_2\"><\/div><div class=\"dot dot_3\"><\/div><\/div><div class=\"nl-title\">M\u00f6chten Sie \u00fcber neue Produkte und Technologien informiert werden?<\/div><div class=\"nl-button\">Abonnieren Sie unseren Newsletter<\/div><\/div>\n<\/div><\/section>\n\n","protected":false},"excerpt":{"rendered":"","protected":false},"author":1,"featured_media":0,"parent":0,"menu_order":0,"comment_status":"closed","ping_status":"closed","template":"template-onas.php","meta":{"_acf_changed":false,"footnotes":""},"class_list":["post-7093","page","type-page","status-publish","hentry"],"acf":[],"yoast_head":"<!-- This site is optimized with the Yoast SEO plugin v25.5 - https:\/\/yoast.com\/wordpress\/plugins\/seo\/ -->\n<title>\u00dcber uns | Novak M | the comforts of medicine | novak-m.com<\/title>\n<meta name=\"description\" content=\"Wissen und Innovation helfen uns bei der Entwicklung der Produkte, die dem medizinischen Personal volle Unterst\u00fctzung und Sicherheit am Arbeitsplatz bieten.\" \/>\n<meta name=\"robots\" content=\"index, follow, max-snippet:-1, max-image-preview:large, max-video-preview:-1\" \/>\n<link rel=\"canonical\" href=\"https:\/\/novak-m.com\/de\/ueber-uns\/\" \/>\n<meta property=\"og:locale\" content=\"de_DE\" \/>\n<meta property=\"og:type\" content=\"article\" \/>\n<meta property=\"og:title\" content=\"\u00dcber uns | Novak M | the comforts of medicine | novak-m.com\" \/>\n<meta property=\"og:description\" content=\"Wissen und Innovation helfen uns bei der Entwicklung der Produkte, die dem medizinischen Personal volle Unterst\u00fctzung und Sicherheit am Arbeitsplatz bieten.\" \/>\n<meta property=\"og:url\" content=\"https:\/\/novak-m.com\/de\/ueber-uns\/\" \/>\n<meta property=\"og:site_name\" content=\"Novak-M\" \/>\n<meta property=\"article:modified_time\" content=\"2026-03-16T12:46:30+00:00\" \/>\n<meta name=\"twitter:card\" content=\"summary_large_image\" \/>\n<meta name=\"twitter:label1\" content=\"Gesch\u00e4tzte Lesezeit\" \/>\n\t<meta name=\"twitter:data1\" content=\"1\u00a0Minute\" \/>\n<script type=\"application\/ld+json\" class=\"yoast-schema-graph\">{\"@context\":\"https:\/\/schema.org\",\"@graph\":[{\"@type\":\"WebPage\",\"@id\":\"https:\/\/novak-m.com\/de\/ueber-uns\/\",\"url\":\"https:\/\/novak-m.com\/de\/ueber-uns\/\",\"name\":\"\u00dcber uns | Novak M | the comforts of medicine | novak-m.com\",\"isPartOf\":{\"@id\":\"https:\/\/novak-m.com\/fr\/#website\"},\"datePublished\":\"2019-01-03T12:44:51+00:00\",\"dateModified\":\"2026-03-16T12:46:30+00:00\",\"description\":\"Wissen und Innovation helfen uns bei der Entwicklung der Produkte, die dem medizinischen Personal volle Unterst\u00fctzung und Sicherheit am Arbeitsplatz bieten.\",\"breadcrumb\":{\"@id\":\"https:\/\/novak-m.com\/de\/ueber-uns\/#breadcrumb\"},\"inLanguage\":\"de\",\"potentialAction\":[{\"@type\":\"ReadAction\",\"target\":[\"https:\/\/novak-m.com\/de\/ueber-uns\/\"]}]},{\"@type\":\"BreadcrumbList\",\"@id\":\"https:\/\/novak-m.com\/de\/ueber-uns\/#breadcrumb\",\"itemListElement\":[{\"@type\":\"ListItem\",\"position\":1,\"name\":\"Home\",\"item\":\"https:\/\/novak-m.com\/de\/home\/\"},{\"@type\":\"ListItem\",\"position\":2,\"name\":\"\u00dcber uns\"}]},{\"@type\":\"WebSite\",\"@id\":\"https:\/\/novak-m.com\/fr\/#website\",\"url\":\"https:\/\/novak-m.com\/fr\/\",\"name\":\"Novak M\",\"description\":\"Novak M | official international webpage | novak-m.com\",\"potentialAction\":[{\"@type\":\"SearchAction\",\"target\":{\"@type\":\"EntryPoint\",\"urlTemplate\":\"https:\/\/novak-m.com\/fr\/?s={search_term_string}\"},\"query-input\":{\"@type\":\"PropertyValueSpecification\",\"valueRequired\":true,\"valueName\":\"search_term_string\"}}],\"inLanguage\":\"de\"}]}<\/script>\n<!-- \/ Yoast SEO plugin. -->","yoast_head_json":{"title":"\u00dcber uns | Novak M | the comforts of medicine | novak-m.com","description":"Wissen und Innovation helfen uns bei der Entwicklung der Produkte, die dem medizinischen Personal volle Unterst\u00fctzung und Sicherheit am Arbeitsplatz bieten.","robots":{"index":"index","follow":"follow","max-snippet":"max-snippet:-1","max-image-preview":"max-image-preview:large","max-video-preview":"max-video-preview:-1"},"canonical":"https:\/\/novak-m.com\/de\/ueber-uns\/","og_locale":"de_DE","og_type":"article","og_title":"\u00dcber uns | Novak M | the comforts of medicine | novak-m.com","og_description":"Wissen und Innovation helfen uns bei der Entwicklung der Produkte, die dem medizinischen Personal volle Unterst\u00fctzung und Sicherheit am Arbeitsplatz bieten.","og_url":"https:\/\/novak-m.com\/de\/ueber-uns\/","og_site_name":"Novak-M","article_modified_time":"2026-03-16T12:46:30+00:00","twitter_card":"summary_large_image","twitter_misc":{"Gesch\u00e4tzte Lesezeit":"1\u00a0Minute"},"schema":{"@context":"https:\/\/schema.org","@graph":[{"@type":"WebPage","@id":"https:\/\/novak-m.com\/de\/ueber-uns\/","url":"https:\/\/novak-m.com\/de\/ueber-uns\/","name":"\u00dcber uns | Novak M | the comforts of medicine | novak-m.com","isPartOf":{"@id":"https:\/\/novak-m.com\/fr\/#website"},"datePublished":"2019-01-03T12:44:51+00:00","dateModified":"2026-03-16T12:46:30+00:00","description":"Wissen und Innovation helfen uns bei der Entwicklung der Produkte, die dem medizinischen Personal volle Unterst\u00fctzung und Sicherheit am Arbeitsplatz bieten.","breadcrumb":{"@id":"https:\/\/novak-m.com\/de\/ueber-uns\/#breadcrumb"},"inLanguage":"de","potentialAction":[{"@type":"ReadAction","target":["https:\/\/novak-m.com\/de\/ueber-uns\/"]}]},{"@type":"BreadcrumbList","@id":"https:\/\/novak-m.com\/de\/ueber-uns\/#breadcrumb","itemListElement":[{"@type":"ListItem","position":1,"name":"Home","item":"https:\/\/novak-m.com\/de\/home\/"},{"@type":"ListItem","position":2,"name":"\u00dcber uns"}]},{"@type":"WebSite","@id":"https:\/\/novak-m.com\/fr\/#website","url":"https:\/\/novak-m.com\/fr\/","name":"Novak M","description":"Novak M | official international webpage | novak-m.com","potentialAction":[{"@type":"SearchAction","target":{"@type":"EntryPoint","urlTemplate":"https:\/\/novak-m.com\/fr\/?s={search_term_string}"},"query-input":{"@type":"PropertyValueSpecification","valueRequired":true,"valueName":"search_term_string"}}],"inLanguage":"de"}]}},"_links":{"self":[{"href":"https:\/\/novak-m.com\/de\/wp-json\/wp\/v2\/pages\/7093","targetHints":{"allow":["GET"]}}],"collection":[{"href":"https:\/\/novak-m.com\/de\/wp-json\/wp\/v2\/pages"}],"about":[{"href":"https:\/\/novak-m.com\/de\/wp-json\/wp\/v2\/types\/page"}],"author":[{"embeddable":true,"href":"https:\/\/novak-m.com\/de\/wp-json\/wp\/v2\/users\/1"}],"replies":[{"embeddable":true,"href":"https:\/\/novak-m.com\/de\/wp-json\/wp\/v2\/comments?post=7093"}],"version-history":[{"count":5,"href":"https:\/\/novak-m.com\/de\/wp-json\/wp\/v2\/pages\/7093\/revisions"}],"predecessor-version":[{"id":115502,"href":"https:\/\/novak-m.com\/de\/wp-json\/wp\/v2\/pages\/7093\/revisions\/115502"}],"wp:attachment":[{"href":"https:\/\/novak-m.com\/de\/wp-json\/wp\/v2\/media?parent=7093"}],"curies":[{"name":"wp","href":"https:\/\/api.w.org\/{rel}","templated":true}]}}