{"id":11986,"date":"2019-01-03T12:43:25","date_gmt":"2019-01-03T12:43:25","guid":{"rendered":"https:\/\/www.novak-m.com\/aktualno\/"},"modified":"2022-03-11T09:03:25","modified_gmt":"2022-03-11T08:03:25","slug":"blog","status":"publish","type":"page","link":"https:\/\/novak-m.com\/de\/blog\/","title":{"rendered":"Blog"},"content":{"rendered":"<div id='header-aktualno'  class='avia-section av-jqqnbm02-120d7f117c5cf373af0613096321d657 main_color avia-section-default avia-no-border-styling  avia-builder-el-0  el_before_av_section  avia-builder-el-first  avia-bg-style-scroll container_wrap fullsize'  ><div class='container av-section-cont-open' ><main  role=\"main\" itemprop=\"mainContentOfPage\"  class='template-page content  av-content-full alpha units'><div class='post-entry post-entry-type-page post-entry-11986'><div class='entry-content-wrapper clearfix'>\n<section  class='av_textblock_section av-jqqnc303-b626a8d7492df01361e9f25bc4520b6c '   itemscope=\"itemscope\" itemtype=\"https:\/\/schema.org\/CreativeWork\" ><div class='avia_textblock'  itemprop=\"text\" ><h1>Blog<\/h1>\n<\/div><\/section>\n<section  class='av_textblock_section av-jqqnc303-95e5bf9db57ae1e1bba91648f9c040ac '   itemscope=\"itemscope\" itemtype=\"https:\/\/schema.org\/CreativeWork\" ><div class='avia_textblock'  itemprop=\"text\" ><div class=\"wrap_menu_aktualno_meni\"><div class=\"innerhtmlmenu\"><a href=\"https:\/\/novak-m.com\/de\/blog\/\" class=\"active\">Alle<\/a><a href=\"https:\/\/novak-m.com\/de\/category\/produkte\/\" class=\"\">Produkte<\/a><a href=\"https:\/\/novak-m.com\/de\/category\/case-study-novak-m-de\/\" class=\"\">Fallstudie<\/a><a href=\"https:\/\/novak-m.com\/de\/category\/neuigkeiten\/\" class=\"\">Neuigkeiten<\/a><\/div><\/div>\n<\/div><\/section>\n<\/div><\/div><\/main><!-- close content main element --><\/div><\/div><div id='av_section_2'  class='avia-section av-111i6-639eb20cbbae78fb3c0cf34e1519884a main_color avia-section-default avia-no-border-styling  avia-builder-el-3  el_after_av_section  avia-builder-el-last  aktualno_posts avia-bg-style-scroll container_wrap fullsize'  ><div class='container av-section-cont-open' ><div class='template-page content  av-content-full alpha units'><div class='post-entry post-entry-type-page post-entry-11986'><div class='entry-content-wrapper clearfix'>\n<section  class='av_textblock_section av-jqqndm26-76258f4715e146ba3e6041402b71d20b '   itemscope=\"itemscope\" itemtype=\"https:\/\/schema.org\/CreativeWork\" ><div class='avia_textblock'  itemprop=\"text\" ><div class=\"display_posts_wrap\"><div class=\"posts_list\"><div class=\"blog_grid_single blog1\"><div class=\"post_link\"><a class=\"lazy\" href=\"https:\/\/novak-m.com\/de\/ostern\/\" data-bg=\"url(https:\/\/novak-m.com\/wp-content\/uploads\/2025\/04\/Happy-Easter-540x351.webp)\"> <div class=\"post_data\"><div class=\"postcatbubble\">Neuigkeiten<\/div><h4>Frohe Ostern!<\/h4><\/div><\/a><\/div><\/div><div class=\"blog_grid_single blog2\"><div class=\"post_link\"><a class=\"lazy\" href=\"https:\/\/novak-m.com\/de\/op-tisch-ambulante-chirurgie\/\" data-bg=\"url(https:\/\/novak-m.com\/wp-content\/uploads\/2026\/03\/OR-table-for-day-surgery-540x351.webp)\"> <div class=\"post_data\"><div class=\"postcatbubble\">Produkte<\/div><h4>Wie man einen OP-Tisch f\u00fcr die ambulante Chirurgie ausw\u00e4hlt<\/h4><\/div><\/a><\/div><\/div><div class=\"blog_grid_single blog0\"><div class=\"post_link\"><a class=\"lazy\" href=\"https:\/\/novak-m.com\/de\/untersuchungsliege-bei-proderma\/\" data-bg=\"url(https:\/\/novak-m.com\/wp-content\/uploads\/2026\/03\/Proderma-540x351.webp)\"> <div class=\"post_data\"><div class=\"postcatbubble\">Fallstudie<\/div><h4>Untersuchungsliege SL bei Proderma<\/h4><\/div><\/a><\/div><\/div><div class=\"blog_grid_single blog1\"><div class=\"post_link\"><a class=\"lazy\" href=\"https:\/\/novak-m.com\/de\/therapieliege-flexibilitaet\/\" data-bg=\"url(https:\/\/novak-m.com\/wp-content\/uploads\/2026\/03\/Therapy-table_mobility-540x351.webp)\"> <div class=\"post_data\"><div class=\"postcatbubble\">Produkte<\/div><h4>Therapieliege: wenn Flexibilit\u00e4t in kleinen R\u00e4umen entscheidend ist<\/h4><\/div><\/a><\/div><\/div><div class=\"blog_grid_single blog2\"><div class=\"post_link\"><a class=\"lazy\" href=\"https:\/\/novak-m.com\/de\/bauchpraxis-therapiestuhl-stretcher\/\" data-bg=\"url(https:\/\/novak-m.com\/wp-content\/uploads\/2026\/02\/Die-Bauchpraxis-540x351.webp)\"> <div class=\"post_data\"><div class=\"postcatbubble\">Fallstudie<\/div><h4>Bauchpraxis, Schweiz: f\u00fcr inneres Wohlbefinden<\/h4><\/div><\/a><\/div><\/div><div class=\"blog_grid_single blog0\"><div class=\"post_link\"><a class=\"lazy\" href=\"https:\/\/novak-m.com\/de\/elektrisch-patiententransporter\/\" data-bg=\"url(https:\/\/novak-m.com\/wp-content\/uploads\/2026\/02\/Easy-to-handle-electric-stretcher-540x351.webp)\"> <div class=\"post_data\"><div class=\"postcatbubble\">Produkte<\/div><h4>Warum elektrisch betriebene Patiententransporter nicht die Einschr\u00e4nkungen mit sich bringen, die viele erwarten<\/h4><\/div><\/a><\/div><\/div><div class=\"blog_grid_single blog1\"><div class=\"post_link\"><a class=\"lazy\" href=\"https:\/\/novak-m.com\/de\/op-tisch-y-urologie-sainovic\/\" data-bg=\"url(https:\/\/novak-m.com\/wp-content\/uploads\/2026\/02\/Urologija-Sainovic-540x351.webp)\"> <div class=\"post_data\"><div class=\"postcatbubble\">Fallstudie<\/div><h4>OP-Tisch Y in der Urologie \u0160ainovi\u0107<\/h4><\/div><\/a><\/div><\/div><div class=\"blog_grid_single blog2\"><div class=\"post_link\"><a class=\"lazy\" href=\"https:\/\/novak-m.com\/de\/abmessungen-von-massageliegen\/\" data-bg=\"url(https:\/\/novak-m.com\/wp-content\/uploads\/2026\/02\/Massage-table-dimensions-540x351.webp)\"> <div class=\"post_data\"><div class=\"postcatbubble\">Produkte<\/div><h4>Abmessungen von Massageliegen &#8211; alles, was Sie dazu wissen m\u00fcssen<\/h4><\/div><\/a><\/div><\/div><div class=\"blog_grid_single blog0\"><div class=\"post_link\"><a class=\"lazy\" href=\"https:\/\/novak-m.com\/de\/opening-days-novak-m-veranstaltung\/\" data-bg=\"url(https:\/\/novak-m.com\/wp-content\/uploads\/2026\/01\/Opening-days-2026-540x351.webp)\"> <div class=\"post_data\"><div class=\"postcatbubble\">Neuigkeiten<\/div><h4>Opening days  &#8211; H\u00e4ndlertagung 2026<\/h4><\/div><\/a><\/div><\/div><div class=\"blog_grid_single blog1\"><div class=\"post_link\"><a class=\"lazy\" href=\"https:\/\/novak-m.com\/de\/untersuchungsliege-fuer-arztpraxis\/\" data-bg=\"url(https:\/\/novak-m.com\/wp-content\/uploads\/2026\/01\/choosing-an-exam-table-540x351.webp)\"> <div class=\"post_data\"><div class=\"postcatbubble\">Neuigkeiten<\/div><h4>Leitfaden zur Auswahl der richtigen Untersuchungsliege f\u00fcr Ihre Arztpraxis<\/h4><\/div><\/a><\/div><\/div><div class=\"blog_grid_single blog2\"><div class=\"post_link\"><a class=\"lazy\" href=\"https:\/\/novak-m.com\/de\/gastropraxis-stretcher-x2\/\" data-bg=\"url(https:\/\/novak-m.com\/wp-content\/uploads\/2026\/01\/Winterthur-540x351.webp)\"> <div class=\"post_data\"><div class=\"postcatbubble\">Fallstudie<\/div><h4>GastroPraxis am Graben, Schweiz: Optimierung der Arbeitsabl\u00e4ufe mit dem Stretcher X2<\/h4><\/div><\/a><\/div><\/div><div class=\"blog_grid_single blog0\"><div class=\"post_link\"><a class=\"lazy\" href=\"https:\/\/novak-m.com\/de\/polsterung-ihrer-behandlungsliege\/\" data-bg=\"url(https:\/\/novak-m.com\/wp-content\/uploads\/2026\/01\/menjava-oblazinjenja2-540x351.webp)\"> <div class=\"post_data\"><div class=\"postcatbubble\">Produkte<\/div><h4>So erneuern Sie die Polsterung Ihrer Behandlungsliege<\/h4><\/div><\/a><\/div><\/div><\/div><div class=\"pagination\"><span aria-current=\"page\" class=\"page-numbers current\">1<\/span>\n<a class=\"page-numbers\" href=\"https:\/\/novak-m.com\/de\/wp-json\/wp\/v2\/pages\/11986\/?paged=2\">2<\/a>\n<span class=\"page-numbers dots\">&hellip;<\/span>\n<a class=\"page-numbers\" href=\"https:\/\/novak-m.com\/de\/wp-json\/wp\/v2\/pages\/11986\/?paged=23\">23<\/a>\n<a class=\"next page-numbers\" href=\"https:\/\/novak-m.com\/de\/wp-json\/wp\/v2\/pages\/11986\/?paged=2\"><span class=\"nextpage page-numbers\"><\/span><\/a><\/div><\/div>\n<\/div><\/section>\n<\/p>\n","protected":false},"excerpt":{"rendered":"","protected":false},"author":1,"featured_media":0,"parent":0,"menu_order":0,"comment_status":"closed","ping_status":"closed","template":"","meta":{"_acf_changed":false,"footnotes":""},"class_list":["post-11986","page","type-page","status-publish","hentry"],"acf":[],"yoast_head":"<!-- This site is optimized with the Yoast SEO plugin v25.5 - https:\/\/yoast.com\/wordpress\/plugins\/seo\/ -->\n<title>Neuigkeiten | Novak M | the comforts of medicine | novak-m.com<\/title>\n<meta name=\"description\" content=\"Bleiben Sie \u00fcber die neuesten Entwicklungen im Bereich der medizinischen Ger\u00e4te sowie \u00fcber die neuen Produkte in unserem Angebot auf dem Laufenden.\" \/>\n<meta name=\"robots\" content=\"index, follow, max-snippet:-1, max-image-preview:large, max-video-preview:-1\" \/>\n<link rel=\"canonical\" href=\"https:\/\/novak-m.com\/de\/blog\/\" \/>\n<meta property=\"og:locale\" content=\"de_DE\" \/>\n<meta property=\"og:type\" content=\"article\" \/>\n<meta property=\"og:title\" content=\"Neuigkeiten | Novak M | the comforts of medicine | novak-m.com\" \/>\n<meta property=\"og:description\" content=\"Bleiben Sie \u00fcber die neuesten Entwicklungen im Bereich der medizinischen Ger\u00e4te sowie \u00fcber die neuen Produkte in unserem Angebot auf dem Laufenden.\" \/>\n<meta property=\"og:url\" content=\"https:\/\/novak-m.com\/de\/blog\/\" \/>\n<meta property=\"og:site_name\" content=\"Novak-M\" \/>\n<meta property=\"article:modified_time\" content=\"2022-03-11T08:03:25+00:00\" \/>\n<meta name=\"twitter:card\" content=\"summary_large_image\" \/>\n<meta name=\"twitter:label1\" content=\"Gesch\u00e4tzte Lesezeit\" \/>\n\t<meta name=\"twitter:data1\" content=\"2\u00a0Minuten\" \/>\n<script type=\"application\/ld+json\" class=\"yoast-schema-graph\">{\"@context\":\"https:\/\/schema.org\",\"@graph\":[{\"@type\":\"WebPage\",\"@id\":\"https:\/\/novak-m.com\/de\/blog\/\",\"url\":\"https:\/\/novak-m.com\/de\/blog\/\",\"name\":\"Neuigkeiten | Novak M | the comforts of medicine | novak-m.com\",\"isPartOf\":{\"@id\":\"https:\/\/novak-m.com\/fr\/#website\"},\"datePublished\":\"2019-01-03T12:43:25+00:00\",\"dateModified\":\"2022-03-11T08:03:25+00:00\",\"description\":\"Bleiben Sie \u00fcber die neuesten Entwicklungen im Bereich der medizinischen Ger\u00e4te sowie \u00fcber die neuen Produkte in unserem Angebot auf dem Laufenden.\",\"breadcrumb\":{\"@id\":\"https:\/\/novak-m.com\/de\/blog\/#breadcrumb\"},\"inLanguage\":\"de\",\"potentialAction\":[{\"@type\":\"ReadAction\",\"target\":[\"https:\/\/novak-m.com\/de\/blog\/\"]}]},{\"@type\":\"BreadcrumbList\",\"@id\":\"https:\/\/novak-m.com\/de\/blog\/#breadcrumb\",\"itemListElement\":[{\"@type\":\"ListItem\",\"position\":1,\"name\":\"Home\",\"item\":\"https:\/\/novak-m.com\/de\/home\/\"},{\"@type\":\"ListItem\",\"position\":2,\"name\":\"Blog\"}]},{\"@type\":\"WebSite\",\"@id\":\"https:\/\/novak-m.com\/fr\/#website\",\"url\":\"https:\/\/novak-m.com\/fr\/\",\"name\":\"Novak M\",\"description\":\"Novak M | official international webpage | novak-m.com\",\"potentialAction\":[{\"@type\":\"SearchAction\",\"target\":{\"@type\":\"EntryPoint\",\"urlTemplate\":\"https:\/\/novak-m.com\/fr\/?s={search_term_string}\"},\"query-input\":{\"@type\":\"PropertyValueSpecification\",\"valueRequired\":true,\"valueName\":\"search_term_string\"}}],\"inLanguage\":\"de\"}]}<\/script>\n<!-- \/ Yoast SEO plugin. -->","yoast_head_json":{"title":"Neuigkeiten | Novak M | the comforts of medicine | novak-m.com","description":"Bleiben Sie \u00fcber die neuesten Entwicklungen im Bereich der medizinischen Ger\u00e4te sowie \u00fcber die neuen Produkte in unserem Angebot auf dem Laufenden.","robots":{"index":"index","follow":"follow","max-snippet":"max-snippet:-1","max-image-preview":"max-image-preview:large","max-video-preview":"max-video-preview:-1"},"canonical":"https:\/\/novak-m.com\/de\/blog\/","og_locale":"de_DE","og_type":"article","og_title":"Neuigkeiten | Novak M | the comforts of medicine | novak-m.com","og_description":"Bleiben Sie \u00fcber die neuesten Entwicklungen im Bereich der medizinischen Ger\u00e4te sowie \u00fcber die neuen Produkte in unserem Angebot auf dem Laufenden.","og_url":"https:\/\/novak-m.com\/de\/blog\/","og_site_name":"Novak-M","article_modified_time":"2022-03-11T08:03:25+00:00","twitter_card":"summary_large_image","twitter_misc":{"Gesch\u00e4tzte Lesezeit":"2\u00a0Minuten"},"schema":{"@context":"https:\/\/schema.org","@graph":[{"@type":"WebPage","@id":"https:\/\/novak-m.com\/de\/blog\/","url":"https:\/\/novak-m.com\/de\/blog\/","name":"Neuigkeiten | Novak M | the comforts of medicine | novak-m.com","isPartOf":{"@id":"https:\/\/novak-m.com\/fr\/#website"},"datePublished":"2019-01-03T12:43:25+00:00","dateModified":"2022-03-11T08:03:25+00:00","description":"Bleiben Sie \u00fcber die neuesten Entwicklungen im Bereich der medizinischen Ger\u00e4te sowie \u00fcber die neuen Produkte in unserem Angebot auf dem Laufenden.","breadcrumb":{"@id":"https:\/\/novak-m.com\/de\/blog\/#breadcrumb"},"inLanguage":"de","potentialAction":[{"@type":"ReadAction","target":["https:\/\/novak-m.com\/de\/blog\/"]}]},{"@type":"BreadcrumbList","@id":"https:\/\/novak-m.com\/de\/blog\/#breadcrumb","itemListElement":[{"@type":"ListItem","position":1,"name":"Home","item":"https:\/\/novak-m.com\/de\/home\/"},{"@type":"ListItem","position":2,"name":"Blog"}]},{"@type":"WebSite","@id":"https:\/\/novak-m.com\/fr\/#website","url":"https:\/\/novak-m.com\/fr\/","name":"Novak M","description":"Novak M | official international webpage | novak-m.com","potentialAction":[{"@type":"SearchAction","target":{"@type":"EntryPoint","urlTemplate":"https:\/\/novak-m.com\/fr\/?s={search_term_string}"},"query-input":{"@type":"PropertyValueSpecification","valueRequired":true,"valueName":"search_term_string"}}],"inLanguage":"de"}]}},"_links":{"self":[{"href":"https:\/\/novak-m.com\/de\/wp-json\/wp\/v2\/pages\/11986","targetHints":{"allow":["GET"]}}],"collection":[{"href":"https:\/\/novak-m.com\/de\/wp-json\/wp\/v2\/pages"}],"about":[{"href":"https:\/\/novak-m.com\/de\/wp-json\/wp\/v2\/types\/page"}],"author":[{"embeddable":true,"href":"https:\/\/novak-m.com\/de\/wp-json\/wp\/v2\/users\/1"}],"replies":[{"embeddable":true,"href":"https:\/\/novak-m.com\/de\/wp-json\/wp\/v2\/comments?post=11986"}],"version-history":[{"count":0,"href":"https:\/\/novak-m.com\/de\/wp-json\/wp\/v2\/pages\/11986\/revisions"}],"wp:attachment":[{"href":"https:\/\/novak-m.com\/de\/wp-json\/wp\/v2\/media?parent=11986"}],"curies":[{"name":"wp","href":"https:\/\/api.w.org\/{rel}","templated":true}]}}